{"id":33686,"date":"2023-07-25T19:25:00","date_gmt":"2023-07-25T17:25:00","guid":{"rendered":"http:\/\/festival-of-lights.de\/?page_id=33686"},"modified":"2023-09-08T14:55:45","modified_gmt":"2023-09-08T12:55:45","slug":"world-championship-of-projection-mapping","status":"publish","type":"page","link":"https:\/\/festival-of-lights.de\/de\/fol-award\/world-championship-of-projection-mapping\/","title":{"rendered":"World Championship of Projection Mapping"},"content":{"rendered":"<section class=\"module-spacer bg-bg-darkBlue pt-10 md:pt-14 xl:pt-20\">\n<\/section>\n\n<section class=\"basic-content-module bg-bg-darkBlue text-text-default\">\n  <div class=\"px-xs py-md lg:py-2xl aniMe text-intro dark:!bg-transparent dark:!text-white text-left\">\n            <div class=\"mx-auto max-w-content basic-content-module__headline\"><h2 class='grayscale-overlay relative headline-element align-left text-h3 font-bold md:text-h1 lg:text-[128px] mb-4 md:mb-4 z-0 basic-content-module__headline-big'>\n    \n    <span class='relative align-left text-h3 font-bold md:text-h1 lg:text-[128px] mb-4 md:mb-4 z-0 basic-content-module__headline-big'>\n    <span class='absolute top-0 left-0 z-0 -translate-x-1\/2 -translate-y-1\/2 light w-[300px] h-[300px]'>\n    <svg class='w-full h-full ' xmlns='http:\/\/www.w3.org\/2000\/svg' width='542' height='542' viewBox='0 0 542 542' fill='none'>\n      <g filter='url(#filter0_f_569_1018)'>\n        <circle cx='271' cy='271' r='121' fill='#9AE8FF' fill-opacity='0.5'\/>\n      <\/g>\n      <defs>\n        <filter id='filter0_f_569_1018' x='0' y='0' width='542' height='542' filterUnits='userSpaceOnUse' color-interpolation-filters='sRGB'>\n          <feFlood flood-opacity='0' result='BackgroundImageFix'\/>\n          <feBlend mode='normal' in='SourceGraphic' in2='BackgroundImageFix' result='shape'\/>\n          <feGaussianBlur stdDeviation='75' result='effect1_foregroundBlur_569_1018'\/>\n        <\/filter>\n      <\/defs>\n    <\/svg>\n  <\/span>\n    The Official World Championship of Projection Mapping <\/span>\n    <\/h2><\/div>\n          <\/div>\n<\/section>\n\n<section class=\"bg-bg-darkBlue text-text-default\">\n  <div class=\"px-xs text-paragraph py-md text-copy dark:!bg-transparent\">\n          <div class=\"grid gap-5 mx-auto max-w-screen-lg md:gap-10 md:grid-cols-2\">\n        <div class='text-element align-left aniMe'><p>Seit vielen Jahren zeigt das Festival of Lights atemberaubende Videomappings auf den historischen Geb\u00e4uden der deutschen Hauptstadt. Die Inszenierungen, die die Architektur der Geb\u00e4ude aktiv einbeziehen, faszinieren Besucher und Fans aus aller Welt und machen den besonderen Reiz des Festival of Lights aus.<\/p>\n<p>Seit 2015 ist nun auch die WORLD CHAMPIONSHIP OF PROJECTION MAPPING ein fester Bestandteil des Festival of Lights. Hierbei treten die besten Videomapping K\u00fcnstler der Welt in einem Wettbewerb gegeneinander an und pr\u00e4sentieren ihre Visionen auf weltber\u00fchmten Wahrzeichen. Am Ende wird einer der K\u00fcnstler durch das Publikum zum Gewinner gek\u00fchrt.<\/p>\n<\/div><div class='text-element align-left aniMe'><p>Neben kreativen Themen wird den internationalen K\u00fcnstlern jedes Jahr ein neues Geb\u00e4ude zur Inszenierung ihres Mappings geboten. Im ersten Jahr fand die Weltmeisterschaft auf dem bedeutendsten Wahrzeichen der Stadt, dem Branderburger Tor, statt. 2015 war das h\u00f6chste Geb\u00e4ude Deutschlands, der Fernsehturm, die Austragest\u00e4tte und im letzten Jahr wurde der Berliner Dom f\u00fcr dieses Programmhighlight genutzt.<\/p>\n<p>Wir sind stolz, den Wettbewerb im Jahr 2019 erneut auf dem Fernsehturm ausrichten zu k\u00f6nnen. Im folgenden erhalten Sie einen \u00dcberblick \u00fcber alle vergangenen und die diesj\u00e4hrigen Weltmeisterschaften:<\/p>\n<\/div>        \n            <\/div> <!-- end max-w-screen container -->\n    <\/div>\n<\/section>\n\n<section class=\"module-spacer bg-bg-darkBlue pt-10 md:pt-14 xl:pt-20\">\n<\/section>\n\n<section class=\"teaser-small-section bg-bg-darkBlue text-text-default\">\n    <div class=\"dark:!bg-transparent dark:!text-white\">\n        <div class=\"container mx-auto px-xs py-md\">\n            <div class=\"grid gap-4 gap-y-16 md:grid-cols-2 lg:grid-cols-3\">\n                <div class=\"teaser-small-single\">\n                    <a href=\"http:\/\/festival-of-lights.de\/championship-2019\/\" target=\"\">\n                            <div class=\"overflow-hidden relative mb-6 teaser-small-single-image aspect-4\/3 grayscale-mask aniMe\"> <img loading=\"lazy\" decoding=\"async\" width=\"699\" height=\"751\" src=\"https:\/\/festival-of-lights.de\/wp-content\/uploads\/2023\/08\/fol-award1.jpg\" class=\"h-full w-full object-cover z-0 transform scale-105 transition duration-300 grayscale-overlay\" alt=\"\" srcset=\"https:\/\/festival-of-lights.de\/wp-content\/uploads\/2023\/08\/fol-award1.jpg 699w, https:\/\/festival-of-lights.de\/wp-content\/uploads\/2023\/08\/fol-award1-279x300.jpg 279w\" sizes=\"auto, (max-width: 699px) 100vw, 699px\" \/>                <\/div> \n            <\/a>         <div class=\"content aniMe\">\n            <p class=\"pb-6 w-full font-bold text-h4\">Fernsehturm 2019<\/p>\n                    <a target=\"\" href=\"http:\/\/festival-of-lights.de\/championship-2019\/\" class=\"flex items-center gap-xs btn-primary\">\n            <svg xmlns=\"http:\/\/www.w3.org\/2000\/svg\" width=\"23\" height=\"16\" viewBox=\"0 0 23 16\" fill=\"none\">\n                <path class=\"transition duration-300 ease-in-out\" d=\"M21.8863 8.70711C22.2769 8.31658 22.2769 7.68342 21.8863 7.29289L15.5224 0.928932C15.1318 0.538408 14.4987 0.538408 14.1082 0.928932C13.7176 1.31946 13.7176 1.95262 14.1082 2.34315L19.765 8L14.1082 13.6569C13.7176 14.0474 13.7176 14.6805 14.1082 15.0711C14.4987 15.4616 15.1318 15.4616 15.5224 15.0711L21.8863 8.70711ZM0 9H21.1792V7H0V9Z\" fill=\"black\"\/>\n            <\/svg>\n            Mehr erfahren        <\/a>\n                <\/div>\n    <\/div>\n    <div class=\"teaser-small-single\">\n                    <a href=\"http:\/\/festival-of-lights.de\/world-championship-of-projection-mapping-2018-kollhoff-tower\/\" target=\"\">\n                            <div class=\"overflow-hidden relative mb-6 teaser-small-single-image aspect-4\/3 grayscale-mask aniMe\"> <img loading=\"lazy\" decoding=\"async\" width=\"1000\" height=\"666\" src=\"https:\/\/festival-of-lights.de\/wp-content\/uploads\/2023\/08\/2004_FH_FoLBerlin2018.jpg\" class=\"h-full w-full object-cover z-0 transform scale-105 transition duration-300 grayscale-overlay\" alt=\"\" srcset=\"https:\/\/festival-of-lights.de\/wp-content\/uploads\/2023\/08\/2004_FH_FoLBerlin2018.jpg 1000w, https:\/\/festival-of-lights.de\/wp-content\/uploads\/2023\/08\/2004_FH_FoLBerlin2018-300x200.jpg 300w, https:\/\/festival-of-lights.de\/wp-content\/uploads\/2023\/08\/2004_FH_FoLBerlin2018-768x511.jpg 768w\" sizes=\"auto, (max-width: 1000px) 100vw, 1000px\" \/>                <\/div> \n            <\/a>         <div class=\"content aniMe\">\n            <p class=\"pb-6 w-full font-bold text-h4\">Kollhoff-Tower (Potsdamer Platz) 2018<\/p>\n                    <a target=\"\" href=\"http:\/\/festival-of-lights.de\/world-championship-of-projection-mapping-2018-kollhoff-tower\/\" class=\"flex items-center gap-xs btn-primary\">\n            <svg xmlns=\"http:\/\/www.w3.org\/2000\/svg\" width=\"23\" height=\"16\" viewBox=\"0 0 23 16\" fill=\"none\">\n                <path class=\"transition duration-300 ease-in-out\" d=\"M21.8863 8.70711C22.2769 8.31658 22.2769 7.68342 21.8863 7.29289L15.5224 0.928932C15.1318 0.538408 14.4987 0.538408 14.1082 0.928932C13.7176 1.31946 13.7176 1.95262 14.1082 2.34315L19.765 8L14.1082 13.6569C13.7176 14.0474 13.7176 14.6805 14.1082 15.0711C14.4987 15.4616 15.1318 15.4616 15.5224 15.0711L21.8863 8.70711ZM0 9H21.1792V7H0V9Z\" fill=\"black\"\/>\n            <\/svg>\n            Mehr erfahren        <\/a>\n                <\/div>\n    <\/div>\n    <div class=\"teaser-small-single\">\n                    <a href=\"http:\/\/festival-of-lights.de\/world-championship-of-projection-mapping-2017-berliner-dom\/\" target=\"\">\n                            <div class=\"overflow-hidden relative mb-6 teaser-small-single-image aspect-4\/3 grayscale-mask aniMe\"> <img loading=\"lazy\" decoding=\"async\" width=\"640\" height=\"490\" src=\"https:\/\/festival-of-lights.de\/wp-content\/uploads\/2018\/05\/2017_Berliner-Dom_E.ON_FH.jpg\" class=\"h-full w-full object-cover z-0 transform scale-105 transition duration-300 grayscale-overlay\" alt=\"Berliner-Dom - World Championship of Projection Mapping - 2017\" srcset=\"https:\/\/festival-of-lights.de\/wp-content\/uploads\/2018\/05\/2017_Berliner-Dom_E.ON_FH.jpg 640w, https:\/\/festival-of-lights.de\/wp-content\/uploads\/2018\/05\/2017_Berliner-Dom_E.ON_FH-300x230.jpg 300w\" sizes=\"auto, (max-width: 640px) 100vw, 640px\" \/>                <\/div> \n            <\/a>         <div class=\"content aniMe\">\n            <p class=\"pb-6 w-full font-bold text-h4\">Berliner Dom 2017<\/p>\n                    <a target=\"\" href=\"http:\/\/festival-of-lights.de\/world-championship-of-projection-mapping-2017-berliner-dom\/\" class=\"flex items-center gap-xs btn-primary\">\n            <svg xmlns=\"http:\/\/www.w3.org\/2000\/svg\" width=\"23\" height=\"16\" viewBox=\"0 0 23 16\" fill=\"none\">\n                <path class=\"transition duration-300 ease-in-out\" d=\"M21.8863 8.70711C22.2769 8.31658 22.2769 7.68342 21.8863 7.29289L15.5224 0.928932C15.1318 0.538408 14.4987 0.538408 14.1082 0.928932C13.7176 1.31946 13.7176 1.95262 14.1082 2.34315L19.765 8L14.1082 13.6569C13.7176 14.0474 13.7176 14.6805 14.1082 15.0711C14.4987 15.4616 15.1318 15.4616 15.5224 15.0711L21.8863 8.70711ZM0 9H21.1792V7H0V9Z\" fill=\"black\"\/>\n            <\/svg>\n            Mehr erfahren        <\/a>\n                <\/div>\n    <\/div>\n    <div class=\"teaser-small-single\">\n                    <a href=\"http:\/\/festival-of-lights.de\/world-championship-of-projection-mapping-2016-fernsehturm\/\" target=\"\">\n                            <div class=\"overflow-hidden relative mb-6 teaser-small-single-image aspect-4\/3 grayscale-mask aniMe\"> <img loading=\"lazy\" decoding=\"async\" width=\"1000\" height=\"666\" src=\"https:\/\/festival-of-lights.de\/wp-content\/uploads\/2023\/08\/0160_FoL2016_FH.jpg\" class=\"h-full w-full object-cover z-0 transform scale-105 transition duration-300 grayscale-overlay\" alt=\"\" srcset=\"https:\/\/festival-of-lights.de\/wp-content\/uploads\/2023\/08\/0160_FoL2016_FH.jpg 1000w, https:\/\/festival-of-lights.de\/wp-content\/uploads\/2023\/08\/0160_FoL2016_FH-300x200.jpg 300w, https:\/\/festival-of-lights.de\/wp-content\/uploads\/2023\/08\/0160_FoL2016_FH-768x511.jpg 768w\" sizes=\"auto, (max-width: 1000px) 100vw, 1000px\" \/>                <\/div> \n            <\/a>         <div class=\"content aniMe\">\n            <p class=\"pb-6 w-full font-bold text-h4\">Fernsehturm 2016<\/p>\n                    <a target=\"\" href=\"http:\/\/festival-of-lights.de\/world-championship-of-projection-mapping-2016-fernsehturm\/\" class=\"flex items-center gap-xs btn-primary\">\n            <svg xmlns=\"http:\/\/www.w3.org\/2000\/svg\" width=\"23\" height=\"16\" viewBox=\"0 0 23 16\" fill=\"none\">\n                <path class=\"transition duration-300 ease-in-out\" d=\"M21.8863 8.70711C22.2769 8.31658 22.2769 7.68342 21.8863 7.29289L15.5224 0.928932C15.1318 0.538408 14.4987 0.538408 14.1082 0.928932C13.7176 1.31946 13.7176 1.95262 14.1082 2.34315L19.765 8L14.1082 13.6569C13.7176 14.0474 13.7176 14.6805 14.1082 15.0711C14.4987 15.4616 15.1318 15.4616 15.5224 15.0711L21.8863 8.70711ZM0 9H21.1792V7H0V9Z\" fill=\"black\"\/>\n            <\/svg>\n            Mehr erfahren        <\/a>\n                <\/div>\n    <\/div>\n    <div class=\"teaser-small-single\">\n                    <a href=\"http:\/\/festival-of-lights.de\/world-championship-of-projection-mapping-2015-brandenburger-tor\/\" target=\"\">\n                            <div class=\"overflow-hidden relative mb-6 teaser-small-single-image aspect-4\/3 grayscale-mask aniMe\"> <img loading=\"lazy\" decoding=\"async\" width=\"1920\" height=\"1278\" src=\"https:\/\/festival-of-lights.de\/wp-content\/uploads\/2023\/08\/2015_BrandenburgerTor_Masse-vor-EON_001_Nelofee.jpg\" class=\"h-full w-full object-cover z-0 transform scale-105 transition duration-300 grayscale-overlay\" alt=\"\" srcset=\"https:\/\/festival-of-lights.de\/wp-content\/uploads\/2023\/08\/2015_BrandenburgerTor_Masse-vor-EON_001_Nelofee.jpg 1920w, https:\/\/festival-of-lights.de\/wp-content\/uploads\/2023\/08\/2015_BrandenburgerTor_Masse-vor-EON_001_Nelofee-300x200.jpg 300w, https:\/\/festival-of-lights.de\/wp-content\/uploads\/2023\/08\/2015_BrandenburgerTor_Masse-vor-EON_001_Nelofee-1024x682.jpg 1024w, https:\/\/festival-of-lights.de\/wp-content\/uploads\/2023\/08\/2015_BrandenburgerTor_Masse-vor-EON_001_Nelofee-768x511.jpg 768w, https:\/\/festival-of-lights.de\/wp-content\/uploads\/2023\/08\/2015_BrandenburgerTor_Masse-vor-EON_001_Nelofee-1536x1022.jpg 1536w, https:\/\/festival-of-lights.de\/wp-content\/uploads\/2023\/08\/2015_BrandenburgerTor_Masse-vor-EON_001_Nelofee-1900x1265.jpg 1900w, https:\/\/festival-of-lights.de\/wp-content\/uploads\/2023\/08\/2015_BrandenburgerTor_Masse-vor-EON_001_Nelofee-1240x825.jpg 1240w\" sizes=\"auto, (max-width: 1920px) 100vw, 1920px\" \/>                <\/div> \n            <\/a>         <div class=\"content aniMe\">\n            <p class=\"pb-6 w-full font-bold text-h4\">Brandenburger Tor 2015<\/p>\n                    <a target=\"\" href=\"http:\/\/festival-of-lights.de\/world-championship-of-projection-mapping-2015-brandenburger-tor\/\" class=\"flex items-center gap-xs btn-primary\">\n            <svg xmlns=\"http:\/\/www.w3.org\/2000\/svg\" width=\"23\" height=\"16\" viewBox=\"0 0 23 16\" fill=\"none\">\n                <path class=\"transition duration-300 ease-in-out\" d=\"M21.8863 8.70711C22.2769 8.31658 22.2769 7.68342 21.8863 7.29289L15.5224 0.928932C15.1318 0.538408 14.4987 0.538408 14.1082 0.928932C13.7176 1.31946 13.7176 1.95262 14.1082 2.34315L19.765 8L14.1082 13.6569C13.7176 14.0474 13.7176 14.6805 14.1082 15.0711C14.4987 15.4616 15.1318 15.4616 15.5224 15.0711L21.8863 8.70711ZM0 9H21.1792V7H0V9Z\" fill=\"black\"\/>\n            <\/svg>\n            Mehr erfahren        <\/a>\n                <\/div>\n    <\/div>\n            <\/div>\n        <\/div>\n    <\/div>\n<\/section>\n\n<section class=\"module-spacer bg-bg-darkBlue pt-10 md:pt-14 xl:pt-20\">\n<\/section>","protected":false},"excerpt":{"rendered":"","protected":false},"author":1,"featured_media":0,"parent":33684,"menu_order":0,"comment_status":"closed","ping_status":"closed","template":"","meta":{"_acf_changed":false,"footnotes":""},"class_list":["post-33686","page","type-page","status-publish","hentry"],"acf":[],"yoast_head":"<!-- This site is optimized with the Yoast SEO plugin v25.6 - https:\/\/yoast.com\/wordpress\/plugins\/seo\/ -->\n<title>World Championship of Projection Mapping - Festival of Lights<\/title>\n<meta name=\"robots\" content=\"index, follow, max-snippet:-1, max-image-preview:large, max-video-preview:-1\" \/>\n<link rel=\"canonical\" href=\"https:\/\/festival-of-lights.de\/de\/fol-award\/world-championship-of-projection-mapping\/\" \/>\n<meta property=\"og:locale\" content=\"de_DE\" \/>\n<meta property=\"og:type\" content=\"article\" \/>\n<meta property=\"og:title\" content=\"World Championship of Projection Mapping - Festival of Lights\" \/>\n<meta property=\"og:url\" content=\"https:\/\/festival-of-lights.de\/de\/fol-award\/world-championship-of-projection-mapping\/\" \/>\n<meta property=\"og:site_name\" content=\"Festival of Lights\" \/>\n<meta property=\"article:publisher\" content=\"https:\/\/www.facebook.com\/FestivalOfLights\" \/>\n<meta property=\"article:modified_time\" content=\"2023-09-08T12:55:45+00:00\" \/>\n<meta name=\"twitter:card\" content=\"summary_large_image\" \/>\n<script type=\"application\/ld+json\" class=\"yoast-schema-graph\">{\"@context\":\"https:\/\/schema.org\",\"@graph\":[{\"@type\":\"WebPage\",\"@id\":\"https:\/\/festival-of-lights.de\/de\/fol-award\/world-championship-of-projection-mapping\/\",\"url\":\"https:\/\/festival-of-lights.de\/de\/fol-award\/world-championship-of-projection-mapping\/\",\"name\":\"World Championship of Projection Mapping - Festival of Lights\",\"isPartOf\":{\"@id\":\"https:\/\/festival-of-lights.de\/de\/#website\"},\"datePublished\":\"2023-07-25T17:25:00+00:00\",\"dateModified\":\"2023-09-08T12:55:45+00:00\",\"breadcrumb\":{\"@id\":\"https:\/\/festival-of-lights.de\/de\/fol-award\/world-championship-of-projection-mapping\/#breadcrumb\"},\"inLanguage\":\"de\",\"potentialAction\":[{\"@type\":\"ReadAction\",\"target\":[\"https:\/\/festival-of-lights.de\/de\/fol-award\/world-championship-of-projection-mapping\/\"]}]},{\"@type\":\"BreadcrumbList\",\"@id\":\"https:\/\/festival-of-lights.de\/de\/fol-award\/world-championship-of-projection-mapping\/#breadcrumb\",\"itemListElement\":[{\"@type\":\"ListItem\",\"position\":1,\"name\":\"Startseite\",\"item\":\"https:\/\/festival-of-lights.de\/de\/\"},{\"@type\":\"ListItem\",\"position\":2,\"name\":\"FOL-Award\",\"item\":\"https:\/\/festival-of-lights.de\/de\/fol-award\/\"},{\"@type\":\"ListItem\",\"position\":3,\"name\":\"World Championship of Projection Mapping\"}]},{\"@type\":\"WebSite\",\"@id\":\"https:\/\/festival-of-lights.de\/de\/#website\",\"url\":\"https:\/\/festival-of-lights.de\/de\/\",\"name\":\"Festival of Lights Berlin\",\"description\":\"\",\"publisher\":{\"@id\":\"https:\/\/festival-of-lights.de\/de\/#organization\"},\"potentialAction\":[{\"@type\":\"SearchAction\",\"target\":{\"@type\":\"EntryPoint\",\"urlTemplate\":\"https:\/\/festival-of-lights.de\/de\/?s={search_term_string}\"},\"query-input\":{\"@type\":\"PropertyValueSpecification\",\"valueRequired\":true,\"valueName\":\"search_term_string\"}}],\"inLanguage\":\"de\"},{\"@type\":\"Organization\",\"@id\":\"https:\/\/festival-of-lights.de\/de\/#organization\",\"name\":\"Festival of Lights\",\"url\":\"https:\/\/festival-of-lights.de\/de\/\",\"logo\":{\"@type\":\"ImageObject\",\"inLanguage\":\"de\",\"@id\":\"https:\/\/festival-of-lights.de\/de\/#\/schema\/logo\/image\/\",\"url\":\"https:\/\/festival-of-lights.de\/wp-content\/uploads\/2023\/08\/cropped-logo.png\",\"contentUrl\":\"https:\/\/festival-of-lights.de\/wp-content\/uploads\/2023\/08\/cropped-logo.png\",\"width\":230,\"height\":230,\"caption\":\"Festival of Lights\"},\"image\":{\"@id\":\"https:\/\/festival-of-lights.de\/de\/#\/schema\/logo\/image\/\"},\"sameAs\":[\"https:\/\/www.facebook.com\/FestivalOfLights\",\"https:\/\/www.tiktok.com\/@berlinfestivaloflights\",\"https:\/\/www.instagram.com\/berlinfestivaloflights\"]}]}<\/script>\n<!-- \/ Yoast SEO plugin. -->","yoast_head_json":{"title":"World Championship of Projection Mapping - Festival of Lights","robots":{"index":"index","follow":"follow","max-snippet":"max-snippet:-1","max-image-preview":"max-image-preview:large","max-video-preview":"max-video-preview:-1"},"canonical":"https:\/\/festival-of-lights.de\/de\/fol-award\/world-championship-of-projection-mapping\/","og_locale":"de_DE","og_type":"article","og_title":"World Championship of Projection Mapping - Festival of Lights","og_url":"https:\/\/festival-of-lights.de\/de\/fol-award\/world-championship-of-projection-mapping\/","og_site_name":"Festival of Lights","article_publisher":"https:\/\/www.facebook.com\/FestivalOfLights","article_modified_time":"2023-09-08T12:55:45+00:00","twitter_card":"summary_large_image","schema":{"@context":"https:\/\/schema.org","@graph":[{"@type":"WebPage","@id":"https:\/\/festival-of-lights.de\/de\/fol-award\/world-championship-of-projection-mapping\/","url":"https:\/\/festival-of-lights.de\/de\/fol-award\/world-championship-of-projection-mapping\/","name":"World Championship of Projection Mapping - Festival of Lights","isPartOf":{"@id":"https:\/\/festival-of-lights.de\/de\/#website"},"datePublished":"2023-07-25T17:25:00+00:00","dateModified":"2023-09-08T12:55:45+00:00","breadcrumb":{"@id":"https:\/\/festival-of-lights.de\/de\/fol-award\/world-championship-of-projection-mapping\/#breadcrumb"},"inLanguage":"de","potentialAction":[{"@type":"ReadAction","target":["https:\/\/festival-of-lights.de\/de\/fol-award\/world-championship-of-projection-mapping\/"]}]},{"@type":"BreadcrumbList","@id":"https:\/\/festival-of-lights.de\/de\/fol-award\/world-championship-of-projection-mapping\/#breadcrumb","itemListElement":[{"@type":"ListItem","position":1,"name":"Startseite","item":"https:\/\/festival-of-lights.de\/de\/"},{"@type":"ListItem","position":2,"name":"FOL-Award","item":"https:\/\/festival-of-lights.de\/de\/fol-award\/"},{"@type":"ListItem","position":3,"name":"World Championship of Projection Mapping"}]},{"@type":"WebSite","@id":"https:\/\/festival-of-lights.de\/de\/#website","url":"https:\/\/festival-of-lights.de\/de\/","name":"Festival of Lights Berlin","description":"","publisher":{"@id":"https:\/\/festival-of-lights.de\/de\/#organization"},"potentialAction":[{"@type":"SearchAction","target":{"@type":"EntryPoint","urlTemplate":"https:\/\/festival-of-lights.de\/de\/?s={search_term_string}"},"query-input":{"@type":"PropertyValueSpecification","valueRequired":true,"valueName":"search_term_string"}}],"inLanguage":"de"},{"@type":"Organization","@id":"https:\/\/festival-of-lights.de\/de\/#organization","name":"Festival of Lights","url":"https:\/\/festival-of-lights.de\/de\/","logo":{"@type":"ImageObject","inLanguage":"de","@id":"https:\/\/festival-of-lights.de\/de\/#\/schema\/logo\/image\/","url":"https:\/\/festival-of-lights.de\/wp-content\/uploads\/2023\/08\/cropped-logo.png","contentUrl":"https:\/\/festival-of-lights.de\/wp-content\/uploads\/2023\/08\/cropped-logo.png","width":230,"height":230,"caption":"Festival of Lights"},"image":{"@id":"https:\/\/festival-of-lights.de\/de\/#\/schema\/logo\/image\/"},"sameAs":["https:\/\/www.facebook.com\/FestivalOfLights","https:\/\/www.tiktok.com\/@berlinfestivaloflights","https:\/\/www.instagram.com\/berlinfestivaloflights"]}]}},"_links":{"self":[{"href":"https:\/\/festival-of-lights.de\/de\/wp-json\/wp\/v2\/pages\/33686","targetHints":{"allow":["GET"]}}],"collection":[{"href":"https:\/\/festival-of-lights.de\/de\/wp-json\/wp\/v2\/pages"}],"about":[{"href":"https:\/\/festival-of-lights.de\/de\/wp-json\/wp\/v2\/types\/page"}],"author":[{"embeddable":true,"href":"https:\/\/festival-of-lights.de\/de\/wp-json\/wp\/v2\/users\/1"}],"replies":[{"embeddable":true,"href":"https:\/\/festival-of-lights.de\/de\/wp-json\/wp\/v2\/comments?post=33686"}],"version-history":[{"count":28,"href":"https:\/\/festival-of-lights.de\/de\/wp-json\/wp\/v2\/pages\/33686\/revisions"}],"predecessor-version":[{"id":40516,"href":"https:\/\/festival-of-lights.de\/de\/wp-json\/wp\/v2\/pages\/33686\/revisions\/40516"}],"up":[{"embeddable":true,"href":"https:\/\/festival-of-lights.de\/de\/wp-json\/wp\/v2\/pages\/33684"}],"wp:attachment":[{"href":"https:\/\/festival-of-lights.de\/de\/wp-json\/wp\/v2\/media?parent=33686"}],"curies":[{"name":"wp","href":"https:\/\/api.w.org\/{rel}","templated":true}]}}