{"id":33692,"date":"2023-07-25T19:25:59","date_gmt":"2023-07-25T17:25:59","guid":{"rendered":"http:\/\/festival-of-lights.de\/?page_id=33692"},"modified":"2023-08-29T10:26:55","modified_gmt":"2023-08-29T08:26:55","slug":"e-on-special-award-2020","status":"publish","type":"page","link":"https:\/\/festival-of-lights.de\/de\/fol-award\/e-on-special-award-2020\/","title":{"rendered":"E.ON Special Award"},"content":{"rendered":"<section class=\"module-spacer bg-bg-darkBlue pt-10 md:pt-14 xl:pt-20\">\n<\/section>\n\n<section class=\"basic-content-module bg-bg-darkBlue text-text-default\">\n  <div class=\"px-xs py-md lg:py-2xl aniMe text-intro dark:!bg-transparent dark:!text-white text-left\">\n            <div class=\"mx-auto max-w-content basic-content-module__headline\"><h2 class='grayscale-overlay relative headline-element align-left text-h3 font-bold md:text-h1 lg:text-[128px] mb-4 md:mb-4 z-0 basic-content-module__headline-big'>\n    \n    <span class='relative align-left text-h3 font-bold md:text-h1 lg:text-[128px] mb-4 md:mb-4 z-0 basic-content-module__headline-big'>\n    <span class='absolute top-0 left-0 z-0 -translate-x-1\/2 -translate-y-1\/2 light w-[300px] h-[300px]'>\n    <svg class='w-full h-full ' xmlns='http:\/\/www.w3.org\/2000\/svg' width='542' height='542' viewBox='0 0 542 542' fill='none'>\n      <g filter='url(#filter0_f_569_1018)'>\n        <circle cx='271' cy='271' r='121' fill='#9AE8FF' fill-opacity='0.5'\/>\n      <\/g>\n      <defs>\n        <filter id='filter0_f_569_1018' x='0' y='0' width='542' height='542' filterUnits='userSpaceOnUse' color-interpolation-filters='sRGB'>\n          <feFlood flood-opacity='0' result='BackgroundImageFix'\/>\n          <feBlend mode='normal' in='SourceGraphic' in2='BackgroundImageFix' result='shape'\/>\n          <feGaussianBlur stdDeviation='75' result='effect1_foregroundBlur_569_1018'\/>\n        <\/filter>\n      <\/defs>\n    <\/svg>\n  <\/span>\n    E.ON Special Award 2020<\/span>\n    <\/h2><\/div>\n          <\/div>\n<\/section>\n\n<section class=\"bg-bg-darkBlue text-text-default\">\n  <div class=\"px-xs text-paragraph py-md text-copy dark:!bg-transparent\">\n          <div class=\"mx-auto max-w-screen-md\">\n        <div class='text-element align-left aniMe'><p><img decoding=\"async\" class=\"size-medium wp-image-464\" src=\"http:\/\/festival-of-lights.de\/wp-content\/uploads\/2018\/04\/eon-cutted-300x132.png\" alt=\"eon-logo\" width=\"300\" srcset=\"https:\/\/festival-of-lights.de\/wp-content\/uploads\/2018\/04\/eon-cutted-300x132.png 300w, https:\/\/festival-of-lights.de\/wp-content\/uploads\/2018\/04\/eon-cutted.png 500w\" sizes=\"(max-width: 300px) 100vw, 300px\" \/><\/p>\n<h3><\/h3>\n<h3>Festival of Lights Special Award auf dem Schloss Charlottenburg E.ON l\u00e4dt Videok\u00fcnstler ein zum Thema \u201eTogether we shine\u201c<\/h3>\n<\/div>        \n            <\/div> <!-- end max-w-screen container -->\n    <\/div>\n<\/section>\n\n<section class=\"module-spacer bg-bg-darkBlue pt-10 md:pt-14 xl:pt-20\">\n<\/section>\n\n<section class=\"image-module bg-bg-darkBlue\">\n  <div class=\"image-module__container image-module__container-full mx-auto\">\n    <div class=\"image-module__image grayscale-mask relative aniMe image-module__image-contain\"> <img loading=\"lazy\" decoding=\"async\" width=\"2048\" height=\"1365\" src=\"https:\/\/festival-of-lights.de\/wp-content\/uploads\/2023\/08\/S.-3-T1_E.ON-Award_Visualisierung-Festival-ofLights-2048x1365-1.png\" class=\"z-0 grayscale-overlay w-full\" alt=\"\" srcset=\"https:\/\/festival-of-lights.de\/wp-content\/uploads\/2023\/08\/S.-3-T1_E.ON-Award_Visualisierung-Festival-ofLights-2048x1365-1.png 2048w, https:\/\/festival-of-lights.de\/wp-content\/uploads\/2023\/08\/S.-3-T1_E.ON-Award_Visualisierung-Festival-ofLights-2048x1365-1-300x200.png 300w, https:\/\/festival-of-lights.de\/wp-content\/uploads\/2023\/08\/S.-3-T1_E.ON-Award_Visualisierung-Festival-ofLights-2048x1365-1-1024x683.png 1024w, https:\/\/festival-of-lights.de\/wp-content\/uploads\/2023\/08\/S.-3-T1_E.ON-Award_Visualisierung-Festival-ofLights-2048x1365-1-768x512.png 768w, https:\/\/festival-of-lights.de\/wp-content\/uploads\/2023\/08\/S.-3-T1_E.ON-Award_Visualisierung-Festival-ofLights-2048x1365-1-1536x1024.png 1536w, https:\/\/festival-of-lights.de\/wp-content\/uploads\/2023\/08\/S.-3-T1_E.ON-Award_Visualisierung-Festival-ofLights-2048x1365-1-1900x1266.png 1900w, https:\/\/festival-of-lights.de\/wp-content\/uploads\/2023\/08\/S.-3-T1_E.ON-Award_Visualisierung-Festival-ofLights-2048x1365-1-1240x826.png 1240w\" sizes=\"auto, (max-width: 2048px) 100vw, 2048px\" \/><\/div> \n      <\/div>\n<\/section>\n\n<section class=\"module-spacer bg-bg-darkBlue pt-10 md:pt-14 xl:pt-20\">\n<\/section>\n\n<section class=\"bg-bg-darkBlue text-text-default\">\n  <div class=\"px-xs text-paragraph py-md text-copy dark:!bg-transparent\">\n          <div class=\"mx-auto max-w-screen-md\">\n        <div class='text-element align-left aniMe'><p>Traditionell lobt das Festival of Lights gemeinsam mit seinem Presenter E.ON einen Wettbewerb aus, in dem die besten Videok\u00fcnstler*innen pr\u00e4miert werden.<\/p>\n<p>2018 waren 10 der f\u00fchrenden europ\u00e4ischen Videomappingk\u00fcnstler*innen eingeladen, ihr K\u00f6nnen auf dem Berliner Fernsehturm zu beweisen. Im letzten Jahr waren es 14 Street Art K\u00fcnstler*innen aus 14 L\u00e4ndern, die ihre speziell gefertigten Werke zum Thema \u201eFreiheit\u201c auf dem Hotel de Rome strahlen sahen.<\/p>\n<p>In diesem Jahr hat das Festivalteam zusammen mit E.ON drei Sieger*innen vergangener Festival of Lights Wettbewerbe eingeladen, auf der imposanten Fassade des Schloss Charlottenburg ihre Visionen des diesj\u00e4hrigen Mottos zu pr\u00e4sentieren.  Drei K\u00fcnstlerteams aus drei L\u00e4ndern zeigen ihre Interpretation von Zusammenhalt, Solidarit\u00e4t und Einheit. Die Auserw\u00e4hlten sind: Tina Zimmermann aus Berlin, Clockwork aus Polen und MP Studio aus Bulgarien.<\/p>\n<p>Tina Zimmermann z\u00e4hlt zu den bekannten Kunstschaffenden im Bereich des Videomappings in Deutschland, arbeitet aber auch interdisziplin\u00e4r in Kunstbereichen wie Fotografie und Malerei und erschafft Skulpturen und Installationen. Die in Berlin wohnhafte K\u00fcnstlerin hat einen Master of Arts und neben ihren internationalen Ausstellungen und Projekten, lehrte sie unter anderem in China und gab Workshops. 2017 gewann sie im Festival of Lights Berlin den Wettbewerb auf dem Schloss Bellevue zum Thema Demokratie. Die Kombination von digitalen Architekturbewegungen mit realen Fotografie-Elementen ist ihr Markenzeichen. Clockwork ist ein K\u00fcnstlerteam aus Polen, welches gro\u00dfformatige Projektionen auf Geb\u00e4udefassaden, aber auch Raumstrukturen, M\u00f6bel oder sogar Autos realisiert. Die 3D-Technik ist ihr gro\u00dfes Steckenpferd und sie m\u00f6gen Herausforderungen. Ihr Stil ist dabei ganzheitlich von diesen 3D-Momenten gepr\u00e4gt, wobei Clockwork eine mysterische und dynamische Atmosph\u00e4re schafft, begleitet von spannender Musik, die den Besucher fesselt. Bei der World Championship of Projection Mapping 2019 im Festival of Lights Berlin konnten sie den Sieg f\u00fcr sich beanspruchen. MP Studio hat seine Wurzeln in Bulgarien, das Team rund um Marin Petkov ist jedoch weltweit f\u00fcr seine eindrucksvollen 3D-Videomappings bekannt. Besonders das Verbinden von 3D-Elementen und Architektur-Inszenierung zu ganzen Geschichten, die den Betrachtenden auf eine Reise mitnehmen und in eine andere Welt eintauchen lassen, hat das mehrfach preisgekr\u00f6nte Mapping-Team perfektioniert. Aus gutem Grund sind sie seit Jahren ein fester Bestandteil des Festival of Lights in Berlin und haben viele der Wahrzeichen und Monumente der Hauptstadt bereits inszeniert. 2018 waren sie die Gewinner des E.ON Special Awards \u201eLet\u00b4s create a better tomorrow\u201d auf dem Berliner Fernsehturm.<\/p>\n<\/div>        \n            <\/div> <!-- end max-w-screen container -->\n    <\/div>\n<\/section>\n\n<section class=\"video-module py-md bg-bg-darkBlue \">\n  <div class=\"mx-auto max-w-grid wrap px-xs dark:!bg-transparent dark:!text-white\">\n          <div class=\"relative hp-player aspect-video grayscale-mask aniMe \">\n        <iframe class=\"z-[1050] grayscale-overlay lazyVideo\" data-src=\"\/\/www.youtube-nocookie.com\/embed\/5fXTmUkfaZ8?rel=0&#038;controls=1&#038;showinfo=0\" frameborder=\"0\" allowfullscreen allowtransparency>\n        <\/iframe>\n      <\/div>\n      <\/div>\n<\/section>\n\n<section class=\"bg-bg-darkBlue text-text-default\">\n  <div class=\"px-xs py-md text-headline dark:!bg-transparent\">\n    <div class=\"mx-auto max-w-screen-lg text-center aniMe\">\n      <h2 class='grayscale-overlay relative headline-element align-left text-h3 md:text-h2 xl:text-h1'>\n    \n    <span class='relative align-left text-h3 md:text-h2 xl:text-h1'>\n    <span class='absolute top-0 left-0 z-0 -translate-x-1\/2 -translate-y-1\/2 light w-[300px] h-[300px]'>\n    <svg class='w-full h-full ' xmlns='http:\/\/www.w3.org\/2000\/svg' width='542' height='542' viewBox='0 0 542 542' fill='none'>\n      <g filter='url(#filter0_f_569_1018)'>\n        <circle cx='271' cy='271' r='121' fill='#9AE8FF' fill-opacity='0.5'\/>\n      <\/g>\n      <defs>\n        <filter id='filter0_f_569_1018' x='0' y='0' width='542' height='542' filterUnits='userSpaceOnUse' color-interpolation-filters='sRGB'>\n          <feFlood flood-opacity='0' result='BackgroundImageFix'\/>\n          <feBlend mode='normal' in='SourceGraphic' in2='BackgroundImageFix' result='shape'\/>\n          <feGaussianBlur stdDeviation='75' result='effect1_foregroundBlur_569_1018'\/>\n        <\/filter>\n      <\/defs>\n    <\/svg>\n  <\/span>\n    Unsere Gewinnerk\u00fcnstler:<\/span>\n    <\/h2>    <\/div>\n      <\/div>\n<\/section>\n\n<section class=\"teaser-small-section bg-bg-darkBlue text-text-default\">\n    <div class=\"dark:!bg-transparent dark:!text-white\">\n        <div class=\"container mx-auto px-xs py-md\">\n            <div class=\"grid gap-4 gap-y-16 md:grid-cols-2 lg:grid-cols-3\">\n                <div class=\"teaser-small-single\">\n                    <a href=\"http:\/\/festival-of-lights.de\/mp-studio\/\" target=\"_blank\">\n                            <div class=\"overflow-hidden relative mb-6 teaser-small-single-image aspect-4\/3 grayscale-mask aniMe\"> <img loading=\"lazy\" decoding=\"async\" width=\"1000\" height=\"416\" src=\"https:\/\/festival-of-lights.de\/wp-content\/uploads\/2023\/08\/Visualisierung-2-e1570381101650.jpg\" class=\"h-full w-full object-cover z-0 transform scale-105 transition duration-300 grayscale-overlay\" alt=\"\" srcset=\"https:\/\/festival-of-lights.de\/wp-content\/uploads\/2023\/08\/Visualisierung-2-e1570381101650.jpg 1000w, https:\/\/festival-of-lights.de\/wp-content\/uploads\/2023\/08\/Visualisierung-2-e1570381101650-300x125.jpg 300w, https:\/\/festival-of-lights.de\/wp-content\/uploads\/2023\/08\/Visualisierung-2-e1570381101650-768x319.jpg 768w\" sizes=\"auto, (max-width: 1000px) 100vw, 1000px\" \/>                <\/div> \n            <\/a>         <div class=\"content aniMe\">\n            <p class=\"pb-6 w-full font-bold text-h4\">MP-Studio<\/p>\n                    <a target=\"_blank\" href=\"http:\/\/festival-of-lights.de\/mp-studio\/\" class=\"flex items-center gap-xs btn-primary\">\n            <svg xmlns=\"http:\/\/www.w3.org\/2000\/svg\" width=\"23\" height=\"16\" viewBox=\"0 0 23 16\" fill=\"none\">\n                <path class=\"transition duration-300 ease-in-out\" d=\"M21.8863 8.70711C22.2769 8.31658 22.2769 7.68342 21.8863 7.29289L15.5224 0.928932C15.1318 0.538408 14.4987 0.538408 14.1082 0.928932C13.7176 1.31946 13.7176 1.95262 14.1082 2.34315L19.765 8L14.1082 13.6569C13.7176 14.0474 13.7176 14.6805 14.1082 15.0711C14.4987 15.4616 15.1318 15.4616 15.5224 15.0711L21.8863 8.70711ZM0 9H21.1792V7H0V9Z\" fill=\"black\"\/>\n            <\/svg>\n            Mehr erfahren        <\/a>\n                <\/div>\n    <\/div>\n    <div class=\"teaser-small-single\">\n                        <div class=\"overflow-hidden relative mb-6 teaser-small-single-image aspect-4\/3 grayscale-mask aniMe\"> <img loading=\"lazy\" decoding=\"async\" width=\"555\" height=\"431\" src=\"https:\/\/festival-of-lights.de\/wp-content\/uploads\/2023\/08\/Tina-Zimmermann-Demokratie-1-1.jpg\" class=\"h-full w-full object-cover z-0 transform scale-105 transition duration-300 grayscale-overlay\" alt=\"\" srcset=\"https:\/\/festival-of-lights.de\/wp-content\/uploads\/2023\/08\/Tina-Zimmermann-Demokratie-1-1.jpg 555w, https:\/\/festival-of-lights.de\/wp-content\/uploads\/2023\/08\/Tina-Zimmermann-Demokratie-1-1-300x233.jpg 300w\" sizes=\"auto, (max-width: 555px) 100vw, 555px\" \/>                <\/div> \n            <\/a>         <div class=\"content aniMe\">\n            <p class=\"pb-6 w-full font-bold text-h4\">Tina Zimmermann<\/p>\n                    <\/div>\n    <\/div>\n    <div class=\"teaser-small-single\">\n                        <div class=\"overflow-hidden relative mb-6 teaser-small-single-image aspect-4\/3 grayscale-mask aniMe\"> <img loading=\"lazy\" decoding=\"async\" width=\"1000\" height=\"665\" src=\"https:\/\/festival-of-lights.de\/wp-content\/uploads\/2023\/08\/Clockwork-1.jpg\" class=\"h-full w-full object-cover z-0 transform scale-105 transition duration-300 grayscale-overlay\" alt=\"\" srcset=\"https:\/\/festival-of-lights.de\/wp-content\/uploads\/2023\/08\/Clockwork-1.jpg 1000w, https:\/\/festival-of-lights.de\/wp-content\/uploads\/2023\/08\/Clockwork-1-300x200.jpg 300w, https:\/\/festival-of-lights.de\/wp-content\/uploads\/2023\/08\/Clockwork-1-768x511.jpg 768w\" sizes=\"auto, (max-width: 1000px) 100vw, 1000px\" \/>                <\/div> \n            <\/a>         <div class=\"content aniMe\">\n            <p class=\"pb-6 w-full font-bold text-h4\">Clockwork<\/p>\n                    <\/div>\n    <\/div>\n            <\/div>\n        <\/div>\n    <\/div>\n<\/section>\n\n<section class=\"module-spacer bg-bg-darkBlue pt-10 md:pt-14 xl:pt-20\">\n<\/section>","protected":false},"excerpt":{"rendered":"","protected":false},"author":1,"featured_media":0,"parent":33684,"menu_order":0,"comment_status":"closed","ping_status":"closed","template":"","meta":{"_acf_changed":false,"footnotes":""},"class_list":["post-33692","page","type-page","status-publish","hentry"],"acf":[],"yoast_head":"<!-- This site is optimized with the Yoast SEO plugin v25.6 - https:\/\/yoast.com\/wordpress\/plugins\/seo\/ -->\n<title>E.ON Special Award - Festival of Lights<\/title>\n<meta name=\"robots\" content=\"index, follow, max-snippet:-1, max-image-preview:large, max-video-preview:-1\" \/>\n<link rel=\"canonical\" href=\"https:\/\/festival-of-lights.de\/de\/fol-award\/e-on-special-award-2020\/\" \/>\n<meta property=\"og:locale\" content=\"de_DE\" \/>\n<meta property=\"og:type\" content=\"article\" \/>\n<meta property=\"og:title\" content=\"E.ON Special Award - Festival of Lights\" \/>\n<meta property=\"og:url\" content=\"https:\/\/festival-of-lights.de\/de\/fol-award\/e-on-special-award-2020\/\" \/>\n<meta property=\"og:site_name\" content=\"Festival of Lights\" \/>\n<meta property=\"article:publisher\" content=\"https:\/\/www.facebook.com\/FestivalOfLights\" \/>\n<meta property=\"article:modified_time\" content=\"2023-08-29T08:26:55+00:00\" \/>\n<meta name=\"twitter:card\" content=\"summary_large_image\" \/>\n<script type=\"application\/ld+json\" class=\"yoast-schema-graph\">{\"@context\":\"https:\/\/schema.org\",\"@graph\":[{\"@type\":\"WebPage\",\"@id\":\"https:\/\/festival-of-lights.de\/de\/fol-award\/e-on-special-award-2020\/\",\"url\":\"https:\/\/festival-of-lights.de\/de\/fol-award\/e-on-special-award-2020\/\",\"name\":\"E.ON Special Award - Festival of Lights\",\"isPartOf\":{\"@id\":\"https:\/\/festival-of-lights.de\/de\/#website\"},\"datePublished\":\"2023-07-25T17:25:59+00:00\",\"dateModified\":\"2023-08-29T08:26:55+00:00\",\"breadcrumb\":{\"@id\":\"https:\/\/festival-of-lights.de\/de\/fol-award\/e-on-special-award-2020\/#breadcrumb\"},\"inLanguage\":\"de\",\"potentialAction\":[{\"@type\":\"ReadAction\",\"target\":[\"https:\/\/festival-of-lights.de\/de\/fol-award\/e-on-special-award-2020\/\"]}]},{\"@type\":\"BreadcrumbList\",\"@id\":\"https:\/\/festival-of-lights.de\/de\/fol-award\/e-on-special-award-2020\/#breadcrumb\",\"itemListElement\":[{\"@type\":\"ListItem\",\"position\":1,\"name\":\"Startseite\",\"item\":\"https:\/\/festival-of-lights.de\/de\/\"},{\"@type\":\"ListItem\",\"position\":2,\"name\":\"FOL-Award\",\"item\":\"https:\/\/festival-of-lights.de\/de\/fol-award\/\"},{\"@type\":\"ListItem\",\"position\":3,\"name\":\"E.ON Special Award\"}]},{\"@type\":\"WebSite\",\"@id\":\"https:\/\/festival-of-lights.de\/de\/#website\",\"url\":\"https:\/\/festival-of-lights.de\/de\/\",\"name\":\"Festival of Lights Berlin\",\"description\":\"\",\"publisher\":{\"@id\":\"https:\/\/festival-of-lights.de\/de\/#organization\"},\"potentialAction\":[{\"@type\":\"SearchAction\",\"target\":{\"@type\":\"EntryPoint\",\"urlTemplate\":\"https:\/\/festival-of-lights.de\/de\/?s={search_term_string}\"},\"query-input\":{\"@type\":\"PropertyValueSpecification\",\"valueRequired\":true,\"valueName\":\"search_term_string\"}}],\"inLanguage\":\"de\"},{\"@type\":\"Organization\",\"@id\":\"https:\/\/festival-of-lights.de\/de\/#organization\",\"name\":\"Festival of Lights\",\"url\":\"https:\/\/festival-of-lights.de\/de\/\",\"logo\":{\"@type\":\"ImageObject\",\"inLanguage\":\"de\",\"@id\":\"https:\/\/festival-of-lights.de\/de\/#\/schema\/logo\/image\/\",\"url\":\"https:\/\/festival-of-lights.de\/wp-content\/uploads\/2023\/08\/cropped-logo.png\",\"contentUrl\":\"https:\/\/festival-of-lights.de\/wp-content\/uploads\/2023\/08\/cropped-logo.png\",\"width\":230,\"height\":230,\"caption\":\"Festival of Lights\"},\"image\":{\"@id\":\"https:\/\/festival-of-lights.de\/de\/#\/schema\/logo\/image\/\"},\"sameAs\":[\"https:\/\/www.facebook.com\/FestivalOfLights\",\"https:\/\/www.tiktok.com\/@berlinfestivaloflights\",\"https:\/\/www.instagram.com\/berlinfestivaloflights\"]}]}<\/script>\n<!-- \/ Yoast SEO plugin. -->","yoast_head_json":{"title":"E.ON Special Award - Festival of Lights","robots":{"index":"index","follow":"follow","max-snippet":"max-snippet:-1","max-image-preview":"max-image-preview:large","max-video-preview":"max-video-preview:-1"},"canonical":"https:\/\/festival-of-lights.de\/de\/fol-award\/e-on-special-award-2020\/","og_locale":"de_DE","og_type":"article","og_title":"E.ON Special Award - Festival of Lights","og_url":"https:\/\/festival-of-lights.de\/de\/fol-award\/e-on-special-award-2020\/","og_site_name":"Festival of Lights","article_publisher":"https:\/\/www.facebook.com\/FestivalOfLights","article_modified_time":"2023-08-29T08:26:55+00:00","twitter_card":"summary_large_image","schema":{"@context":"https:\/\/schema.org","@graph":[{"@type":"WebPage","@id":"https:\/\/festival-of-lights.de\/de\/fol-award\/e-on-special-award-2020\/","url":"https:\/\/festival-of-lights.de\/de\/fol-award\/e-on-special-award-2020\/","name":"E.ON Special Award - Festival of Lights","isPartOf":{"@id":"https:\/\/festival-of-lights.de\/de\/#website"},"datePublished":"2023-07-25T17:25:59+00:00","dateModified":"2023-08-29T08:26:55+00:00","breadcrumb":{"@id":"https:\/\/festival-of-lights.de\/de\/fol-award\/e-on-special-award-2020\/#breadcrumb"},"inLanguage":"de","potentialAction":[{"@type":"ReadAction","target":["https:\/\/festival-of-lights.de\/de\/fol-award\/e-on-special-award-2020\/"]}]},{"@type":"BreadcrumbList","@id":"https:\/\/festival-of-lights.de\/de\/fol-award\/e-on-special-award-2020\/#breadcrumb","itemListElement":[{"@type":"ListItem","position":1,"name":"Startseite","item":"https:\/\/festival-of-lights.de\/de\/"},{"@type":"ListItem","position":2,"name":"FOL-Award","item":"https:\/\/festival-of-lights.de\/de\/fol-award\/"},{"@type":"ListItem","position":3,"name":"E.ON Special Award"}]},{"@type":"WebSite","@id":"https:\/\/festival-of-lights.de\/de\/#website","url":"https:\/\/festival-of-lights.de\/de\/","name":"Festival of Lights Berlin","description":"","publisher":{"@id":"https:\/\/festival-of-lights.de\/de\/#organization"},"potentialAction":[{"@type":"SearchAction","target":{"@type":"EntryPoint","urlTemplate":"https:\/\/festival-of-lights.de\/de\/?s={search_term_string}"},"query-input":{"@type":"PropertyValueSpecification","valueRequired":true,"valueName":"search_term_string"}}],"inLanguage":"de"},{"@type":"Organization","@id":"https:\/\/festival-of-lights.de\/de\/#organization","name":"Festival of Lights","url":"https:\/\/festival-of-lights.de\/de\/","logo":{"@type":"ImageObject","inLanguage":"de","@id":"https:\/\/festival-of-lights.de\/de\/#\/schema\/logo\/image\/","url":"https:\/\/festival-of-lights.de\/wp-content\/uploads\/2023\/08\/cropped-logo.png","contentUrl":"https:\/\/festival-of-lights.de\/wp-content\/uploads\/2023\/08\/cropped-logo.png","width":230,"height":230,"caption":"Festival of Lights"},"image":{"@id":"https:\/\/festival-of-lights.de\/de\/#\/schema\/logo\/image\/"},"sameAs":["https:\/\/www.facebook.com\/FestivalOfLights","https:\/\/www.tiktok.com\/@berlinfestivaloflights","https:\/\/www.instagram.com\/berlinfestivaloflights"]}]}},"_links":{"self":[{"href":"https:\/\/festival-of-lights.de\/de\/wp-json\/wp\/v2\/pages\/33692","targetHints":{"allow":["GET"]}}],"collection":[{"href":"https:\/\/festival-of-lights.de\/de\/wp-json\/wp\/v2\/pages"}],"about":[{"href":"https:\/\/festival-of-lights.de\/de\/wp-json\/wp\/v2\/types\/page"}],"author":[{"embeddable":true,"href":"https:\/\/festival-of-lights.de\/de\/wp-json\/wp\/v2\/users\/1"}],"replies":[{"embeddable":true,"href":"https:\/\/festival-of-lights.de\/de\/wp-json\/wp\/v2\/comments?post=33692"}],"version-history":[{"count":49,"href":"https:\/\/festival-of-lights.de\/de\/wp-json\/wp\/v2\/pages\/33692\/revisions"}],"predecessor-version":[{"id":39710,"href":"https:\/\/festival-of-lights.de\/de\/wp-json\/wp\/v2\/pages\/33692\/revisions\/39710"}],"up":[{"embeddable":true,"href":"https:\/\/festival-of-lights.de\/de\/wp-json\/wp\/v2\/pages\/33684"}],"wp:attachment":[{"href":"https:\/\/festival-of-lights.de\/de\/wp-json\/wp\/v2\/media?parent=33692"}],"curies":[{"name":"wp","href":"https:\/\/api.w.org\/{rel}","templated":true}]}}