{"id":33853,"date":"2023-07-25T20:52:24","date_gmt":"2023-07-25T18:52:24","guid":{"rendered":"http:\/\/festival-of-lights.de\/?page_id=33853"},"modified":"2024-05-22T16:28:55","modified_gmt":"2024-05-22T14:28:55","slug":"festival-of-lights-gastgeber-werden","status":"publish","type":"page","link":"https:\/\/festival-of-lights.de\/de\/festival-of-lights-gastgeber-werden\/","title":{"rendered":"Gastgeber werden"},"content":{"rendered":"<section class=\"module-spacer bg-bg-darkBlue pt-10 md:pt-14 xl:pt-20\">\n<\/section>\n\n<section class=\"basic-content-module bg-bg-darkBlue text-text-default\">\n  <div class=\"px-xs py-md lg:py-2xl aniMe text-intro dark:!bg-transparent dark:!text-white text-left\">\n            <div class=\"mx-auto max-w-content basic-content-module__headline\"><h2 class='grayscale-overlay relative headline-element align-left text-h3 font-bold md:text-h1 lg:text-[128px] mb-4 md:mb-4 z-0 basic-content-module__headline-big'>\n    \n    <span class='relative align-left text-h3 font-bold md:text-h1 lg:text-[128px] mb-4 md:mb-4 z-0 basic-content-module__headline-big'>\n    <span class='absolute top-0 left-0 z-0 -translate-x-1\/2 -translate-y-1\/2 light w-[300px] h-[300px]'>\n    <svg class='w-full h-full ' xmlns='http:\/\/www.w3.org\/2000\/svg' width='542' height='542' viewBox='0 0 542 542' fill='none'>\n      <g filter='url(#filter0_f_569_1018)'>\n        <circle cx='271' cy='271' r='121' fill='#9AE8FF' fill-opacity='0.5'\/>\n      <\/g>\n      <defs>\n        <filter id='filter0_f_569_1018' x='0' y='0' width='542' height='542' filterUnits='userSpaceOnUse' color-interpolation-filters='sRGB'>\n          <feFlood flood-opacity='0' result='BackgroundImageFix'\/>\n          <feBlend mode='normal' in='SourceGraphic' in2='BackgroundImageFix' result='shape'\/>\n          <feGaussianBlur stdDeviation='75' result='effect1_foregroundBlur_569_1018'\/>\n        <\/filter>\n      <\/defs>\n    <\/svg>\n  <\/span>\n    Gastgeber werden<\/span>\n    <\/h2><\/div>\n          <\/div>\n<\/section>\n\n<section class=\"text-image bg-bg-darkBlue text-text-default\">\n    <div class=\"dark:!text-white dark:!bg-transparent\">\n        <div class=\"container mx-auto max-w-screen-xl px-xs py-md text-image\">\n            <div class=\"mx-auto items-center grid text-copy md:grid-cols-2 gap-x-10 align-left\">\n                                    <div class=\"text-image__image aniMe grayscale-mask relative mb-0 order-2 md:order-[unset] mt-4 md:mt-8\"> \n                        <img loading=\"lazy\" decoding=\"async\" width=\"1024\" height=\"683\" src=\"https:\/\/festival-of-lights.de\/wp-content\/uploads\/2023\/08\/DSC00794-1024x683.jpg\" class=\"z-10 grayscale-overlay\" alt=\"Festival of Lights Gastgeber werden - Zagreb Festival of Lights\" srcset=\"https:\/\/festival-of-lights.de\/wp-content\/uploads\/2023\/08\/DSC00794-1024x683.jpg 1024w, https:\/\/festival-of-lights.de\/wp-content\/uploads\/2023\/08\/DSC00794-300x200.jpg 300w, https:\/\/festival-of-lights.de\/wp-content\/uploads\/2023\/08\/DSC00794-768x512.jpg 768w, https:\/\/festival-of-lights.de\/wp-content\/uploads\/2023\/08\/DSC00794-1536x1024.jpg 1536w, https:\/\/festival-of-lights.de\/wp-content\/uploads\/2023\/08\/DSC00794-2048x1365.jpg 2048w, https:\/\/festival-of-lights.de\/wp-content\/uploads\/2023\/08\/DSC00794-1900x1267.jpg 1900w, https:\/\/festival-of-lights.de\/wp-content\/uploads\/2023\/08\/DSC00794-1240x827.jpg 1240w\" sizes=\"auto, (max-width: 1024px) 100vw, 1024px\" \/>                    <\/div>                 <div class=\"text-image__col1 py-4 lg:py-10 aniMe flex flex-col right\">\n                    <h3 class='grayscale-overlay relative headline-element align-left mb-4 md:mb-8'>\n    \n    <span class='relative align-left mb-4 md:mb-8'>\n    <span class='absolute top-0 left-0 z-0 -translate-x-1\/2 -translate-y-1\/2 light w-[300px] h-[300px]'>\n    <svg class='w-full h-full ' xmlns='http:\/\/www.w3.org\/2000\/svg' width='542' height='542' viewBox='0 0 542 542' fill='none'>\n      <g filter='url(#filter0_f_569_1018)'>\n        <circle cx='271' cy='271' r='121' fill='#9AE8FF' fill-opacity='0.5'\/>\n      <\/g>\n      <defs>\n        <filter id='filter0_f_569_1018' x='0' y='0' width='542' height='542' filterUnits='userSpaceOnUse' color-interpolation-filters='sRGB'>\n          <feFlood flood-opacity='0' result='BackgroundImageFix'\/>\n          <feBlend mode='normal' in='SourceGraphic' in2='BackgroundImageFix' result='shape'\/>\n          <feGaussianBlur stdDeviation='75' result='effect1_foregroundBlur_569_1018'\/>\n        <\/filter>\n      <\/defs>\n    <\/svg>\n  <\/span>\n    Das Festival in Ihrer Stadt<\/span>\n    <\/h3><div class='text-element align-left '><p>Das Festival in Ihrer Stadt<br \/>\nDas FESTIVAL OF LIGHTS wird von den Menschen mit gro\u00dfer Begeisterung angenommen und hat sich zu einer starken Marke mit internationalem Renommee entwickelt.<\/p>\n<p>Inspiriert durch viele Anfragen aus der ganzen Welt bieten wir auch anderen St\u00e4dten und L\u00e4ndern unsere Leistungen sowie die in 20 Jahren gewonnene Erfahrung an. Wir nehmen ausgew\u00e4hlte Hosting Cities gern in die<a href=\"https:\/\/festival-of-lights.de\/de\/festival-of-lights-friends-family\/\"> Netzwerk-Familie unseres FESTIVAL OF LIGHTS<\/a> International auf. Mit unserer einzigartigen Konzeption erz\u00e4hlen wir mittels Lichtinszenierungen Geschichten auf ber\u00fchmten Wahrzeichen, Monumenten, Geb\u00e4uden und Pl\u00e4tzen und verbinden diese virtuos mit internationalen Marketingaktivit\u00e4ten und besonderen Events. Wir lassen Architektur spektakul\u00e4r neu erstrahlen.<\/p>\n<\/div>                <\/div>\n            <\/div>\n        <\/div>\n    <\/div>\n<\/section>\n\n<section class=\"text-image bg-bg-darkBlue text-text-default\">\n    <div class=\"dark:!text-white dark:!bg-transparent\">\n        <div class=\"container mx-auto max-w-screen-xl px-xs py-md text-image\">\n            <div class=\"mx-auto items-center grid text-copy md:grid-cols-2 gap-x-10 align-left\">\n                                    <div class=\"text-image__image aniMe grayscale-mask relative mb-0 order-1 mt-4 md:mt-8\"> \n                        <img loading=\"lazy\" decoding=\"async\" width=\"767\" height=\"1024\" src=\"https:\/\/festival-of-lights.de\/wp-content\/uploads\/2023\/07\/P1049264-scaled-e1579018234187-767x1024.jpg\" class=\"z-10 grayscale-overlay\" alt=\"\" srcset=\"https:\/\/festival-of-lights.de\/wp-content\/uploads\/2023\/07\/P1049264-scaled-e1579018234187-767x1024.jpg 767w, https:\/\/festival-of-lights.de\/wp-content\/uploads\/2023\/07\/P1049264-scaled-e1579018234187-225x300.jpg 225w, https:\/\/festival-of-lights.de\/wp-content\/uploads\/2023\/07\/P1049264-scaled-e1579018234187-768x1025.jpg 768w, https:\/\/festival-of-lights.de\/wp-content\/uploads\/2023\/07\/P1049264-scaled-e1579018234187-929x1240.jpg 929w, https:\/\/festival-of-lights.de\/wp-content\/uploads\/2023\/07\/P1049264-scaled-e1579018234187.jpg 1000w\" sizes=\"auto, (max-width: 767px) 100vw, 767px\" \/>                    <\/div>                 <div class=\"text-image__col1 py-4 lg:py-10 aniMe flex flex-col left\">\n                    <h3 class='grayscale-overlay relative headline-element align-left mb-4 md:mb-8'>\n    \n    <span class='relative align-left mb-4 md:mb-8'>\n    <span class='absolute top-0 left-0 z-0 -translate-x-1\/2 -translate-y-1\/2 light w-[300px] h-[300px]'>\n    <svg class='w-full h-full ' xmlns='http:\/\/www.w3.org\/2000\/svg' width='542' height='542' viewBox='0 0 542 542' fill='none'>\n      <g filter='url(#filter0_f_569_1018)'>\n        <circle cx='271' cy='271' r='121' fill='#9AE8FF' fill-opacity='0.5'\/>\n      <\/g>\n      <defs>\n        <filter id='filter0_f_569_1018' x='0' y='0' width='542' height='542' filterUnits='userSpaceOnUse' color-interpolation-filters='sRGB'>\n          <feFlood flood-opacity='0' result='BackgroundImageFix'\/>\n          <feBlend mode='normal' in='SourceGraphic' in2='BackgroundImageFix' result='shape'\/>\n          <feGaussianBlur stdDeviation='75' result='effect1_foregroundBlur_569_1018'\/>\n        <\/filter>\n      <\/defs>\n    <\/svg>\n  <\/span>\n    Ein individuelles Konzept f\u00fcr Gastgeber<\/span>\n    <\/h3><div class='text-element align-left '><p>Wer kann Gastgeber des FESTIVAL OF LIGHTS werden? St\u00e4dte, L\u00e4nder oder Regionen k\u00f6nnen Gastgeber eines gesamten Festivals oder unserer besonderen LightNights werden. Gemeinsam mit Ihnen entwickeln wir ein individuelles FESTIVAL OF LIGHTS Konzept, das die Identit\u00e4t und die Geschichte(n) Ihrer Region widerspiegelt \u2013 mit ma\u00dfgeschneiderten Marketingma\u00dfnahmen f\u00fcr eine langfristige Erfolgsgeschichte.<br \/>\nWenn Sie f\u00fcr ein bereits bestehendes Stadtevent mit uns kooperieren m\u00f6chten, k\u00f6nnen wir einzelne FESTIVAL OF LIGHTS-Show Cases einbinden und das Event so k\u00fcnstlerisch und medial aufwerten.<\/p>\n<\/div>                <\/div>\n            <\/div>\n        <\/div>\n    <\/div>\n<\/section>\n\n<section class=\"text-image bg-bg-darkBlue text-text-default\">\n    <div class=\"dark:!text-white dark:!bg-transparent\">\n        <div class=\"container mx-auto max-w-screen-xl px-xs py-md text-image\">\n            <div class=\"mx-auto items-center grid text-copy md:grid-cols-2 gap-x-10 align-left\">\n                                    <div class=\"text-image__image aniMe grayscale-mask relative mb-0 order-2 md:order-[unset] mt-4 md:mt-8\"> \n                        <img loading=\"lazy\" decoding=\"async\" width=\"768\" height=\"1024\" src=\"https:\/\/festival-of-lights.de\/wp-content\/uploads\/2023\/07\/P1010456-scaled-e1579018204945-768x1024.jpg\" class=\"z-10 grayscale-overlay\" alt=\"Festival of Lights Plovdiv\" srcset=\"https:\/\/festival-of-lights.de\/wp-content\/uploads\/2023\/07\/P1010456-scaled-e1579018204945-768x1024.jpg 768w, https:\/\/festival-of-lights.de\/wp-content\/uploads\/2023\/07\/P1010456-scaled-e1579018204945-225x300.jpg 225w, https:\/\/festival-of-lights.de\/wp-content\/uploads\/2023\/07\/P1010456-scaled-e1579018204945-930x1240.jpg 930w, https:\/\/festival-of-lights.de\/wp-content\/uploads\/2023\/07\/P1010456-scaled-e1579018204945.jpg 1000w\" sizes=\"auto, (max-width: 768px) 100vw, 768px\" \/>                    <\/div>                 <div class=\"text-image__col1 py-4 lg:py-10 aniMe flex flex-col right\">\n                    <h3 class='grayscale-overlay relative headline-element align-left mb-4 md:mb-8'>\n    \n    <span class='relative align-left mb-4 md:mb-8'>\n    <span class='absolute top-0 left-0 z-0 -translate-x-1\/2 -translate-y-1\/2 light w-[300px] h-[300px]'>\n    <svg class='w-full h-full ' xmlns='http:\/\/www.w3.org\/2000\/svg' width='542' height='542' viewBox='0 0 542 542' fill='none'>\n      <g filter='url(#filter0_f_569_1018)'>\n        <circle cx='271' cy='271' r='121' fill='#9AE8FF' fill-opacity='0.5'\/>\n      <\/g>\n      <defs>\n        <filter id='filter0_f_569_1018' x='0' y='0' width='542' height='542' filterUnits='userSpaceOnUse' color-interpolation-filters='sRGB'>\n          <feFlood flood-opacity='0' result='BackgroundImageFix'\/>\n          <feBlend mode='normal' in='SourceGraphic' in2='BackgroundImageFix' result='shape'\/>\n          <feGaussianBlur stdDeviation='75' result='effect1_foregroundBlur_569_1018'\/>\n        <\/filter>\n      <\/defs>\n    <\/svg>\n  <\/span>\n    Ihre Benefits auf einen Blick<\/span>\n    <\/h3><div class='text-element align-left '><ul>\n<li>Wir beraten und begleiten Sie umfassend, schaffen Synergien.<\/li>\n<li>Wir erstellen Sponsoren- und Partner-Konzepte f\u00fcr einen attraktiven Return-on-Investment f\u00fcr alle Beteiligten.<\/li>\n<li>Sie profitieren von unserer internationalen Kommunikationsplattform mit Millionen Kontakten.<\/li>\n<li>Sie nutzen unser weltweit einzigartiges Expertenwissen. Wir wissen, wie man Licht, Kunst und Emotionen zu einer ganz besonderen Festivalatmosph\u00e4re verbindet.<\/li>\n<\/ul>\n<p>Weitere Informationen zu den Services des FESTIVAL OF LIGHTS finden Sie <a href=\"http:\/\/festival-of-lights.de\/wp-content\/uploads\/2023\/07\/Service_International_Homepage.pdf\" target=\"_blank\" rel=\"noopener\">hier.<\/a><\/p>\n<\/div>                <\/div>\n            <\/div>\n        <\/div>\n    <\/div>\n<\/section>\n\n<section class=\"text-image bg-bg-darkBlue text-text-default\">\n    <div class=\"dark:!text-white dark:!bg-transparent\">\n        <div class=\"container mx-auto max-w-screen-xl px-xs py-md text-image\">\n            <div class=\"mx-auto items-center grid text-copy md:grid-cols-2 gap-x-10 align-left\">\n                                    <div class=\"text-image__image aniMe grayscale-mask relative mb-0 order-1 mt-4 md:mt-8\"> \n                        <img loading=\"lazy\" decoding=\"async\" width=\"769\" height=\"1024\" src=\"https:\/\/festival-of-lights.de\/wp-content\/uploads\/2023\/07\/528_Zwickau_FoL18_FH-scaled-e1579018445771-769x1024.jpg\" class=\"z-10 grayscale-overlay\" alt=\"\" srcset=\"https:\/\/festival-of-lights.de\/wp-content\/uploads\/2023\/07\/528_Zwickau_FoL18_FH-scaled-e1579018445771-769x1024.jpg 769w, https:\/\/festival-of-lights.de\/wp-content\/uploads\/2023\/07\/528_Zwickau_FoL18_FH-scaled-e1579018445771-225x300.jpg 225w, https:\/\/festival-of-lights.de\/wp-content\/uploads\/2023\/07\/528_Zwickau_FoL18_FH-scaled-e1579018445771-768x1022.jpg 768w, https:\/\/festival-of-lights.de\/wp-content\/uploads\/2023\/07\/528_Zwickau_FoL18_FH-scaled-e1579018445771-932x1240.jpg 932w, https:\/\/festival-of-lights.de\/wp-content\/uploads\/2023\/07\/528_Zwickau_FoL18_FH-scaled-e1579018445771.jpg 1000w\" sizes=\"auto, (max-width: 769px) 100vw, 769px\" \/>                    <\/div>                 <div class=\"text-image__col1 py-4 lg:py-10 aniMe flex flex-col left\">\n                    <h3 class='grayscale-overlay relative headline-element align-left mb-4 md:mb-8'>\n    \n    <span class='relative align-left mb-4 md:mb-8'>\n    <span class='absolute top-0 left-0 z-0 -translate-x-1\/2 -translate-y-1\/2 light w-[300px] h-[300px]'>\n    <svg class='w-full h-full ' xmlns='http:\/\/www.w3.org\/2000\/svg' width='542' height='542' viewBox='0 0 542 542' fill='none'>\n      <g filter='url(#filter0_f_569_1018)'>\n        <circle cx='271' cy='271' r='121' fill='#9AE8FF' fill-opacity='0.5'\/>\n      <\/g>\n      <defs>\n        <filter id='filter0_f_569_1018' x='0' y='0' width='542' height='542' filterUnits='userSpaceOnUse' color-interpolation-filters='sRGB'>\n          <feFlood flood-opacity='0' result='BackgroundImageFix'\/>\n          <feBlend mode='normal' in='SourceGraphic' in2='BackgroundImageFix' result='shape'\/>\n          <feGaussianBlur stdDeviation='75' result='effect1_foregroundBlur_569_1018'\/>\n        <\/filter>\n      <\/defs>\n    <\/svg>\n  <\/span>\n    So werden Sie Gastgeber<\/span>\n    <\/h3><div class='text-element align-left '><p>F\u00fcr weitere Details kontaktieren Sie uns bitte unter:<br \/>\n<a href=\"mailto:partner@festival-of-lights.de\">partner@festival-of-lights.de<\/a><br \/>\nWir melden uns dann umgehend bei Ihnen.<\/p>\n<p>Wir freuen uns, dass Sie Teil der internationalen FESTIVAL OF LIGHTS-Familie werden m\u00f6chten!<\/p>\n<\/div>                <\/div>\n            <\/div>\n        <\/div>\n    <\/div>\n<\/section>\n\n<section class=\"image-module bg-bg-default\">\n  <div class=\"image-module__container image-module__container-full mx-auto\">\n    <div class=\"image-module__image grayscale-mask relative aniMe image-module__image-contain\"> <img loading=\"lazy\" decoding=\"async\" width=\"1920\" height=\"1032\" src=\"https:\/\/festival-of-lights.de\/wp-content\/uploads\/2023\/07\/852_Zwickau_FoL18_FHneu.jpg\" class=\"z-0 grayscale-overlay w-full\" alt=\"Festival of Lights International - Gastgeber werden\" srcset=\"https:\/\/festival-of-lights.de\/wp-content\/uploads\/2023\/07\/852_Zwickau_FoL18_FHneu.jpg 1920w, https:\/\/festival-of-lights.de\/wp-content\/uploads\/2023\/07\/852_Zwickau_FoL18_FHneu-300x161.jpg 300w, https:\/\/festival-of-lights.de\/wp-content\/uploads\/2023\/07\/852_Zwickau_FoL18_FHneu-1024x550.jpg 1024w, https:\/\/festival-of-lights.de\/wp-content\/uploads\/2023\/07\/852_Zwickau_FoL18_FHneu-768x413.jpg 768w, https:\/\/festival-of-lights.de\/wp-content\/uploads\/2023\/07\/852_Zwickau_FoL18_FHneu-1536x826.jpg 1536w, https:\/\/festival-of-lights.de\/wp-content\/uploads\/2023\/07\/852_Zwickau_FoL18_FHneu-1900x1021.jpg 1900w, https:\/\/festival-of-lights.de\/wp-content\/uploads\/2023\/07\/852_Zwickau_FoL18_FHneu-1240x667.jpg 1240w\" sizes=\"auto, (max-width: 1920px) 100vw, 1920px\" \/><\/div> \n      <\/div>\n<\/section>","protected":false},"excerpt":{"rendered":"","protected":false},"author":1,"featured_media":0,"parent":0,"menu_order":0,"comment_status":"closed","ping_status":"closed","template":"","meta":{"_acf_changed":false,"footnotes":""},"class_list":["post-33853","page","type-page","status-publish","hentry"],"acf":[],"yoast_head":"<!-- This site is optimized with the Yoast SEO plugin v25.6 - https:\/\/yoast.com\/wordpress\/plugins\/seo\/ -->\n<title>Festival of Lights Gastgeber werden<\/title>\n<meta name=\"description\" content=\"Werden Sie Gastgeber des Festival of Lights und lassen Sie die Architektur Ihrer Stadt spektakul\u00e4r neu erstrahlen.\" \/>\n<meta name=\"robots\" content=\"index, follow, max-snippet:-1, max-image-preview:large, max-video-preview:-1\" \/>\n<link rel=\"canonical\" href=\"https:\/\/festival-of-lights.de\/de\/festival-of-lights-gastgeber-werden\/\" \/>\n<meta property=\"og:locale\" content=\"de_DE\" \/>\n<meta property=\"og:type\" content=\"article\" \/>\n<meta property=\"og:title\" content=\"Festival of Lights Gastgeber werden\" \/>\n<meta property=\"og:description\" content=\"Werden Sie Gastgeber des Festival of Lights und lassen Sie die Architektur Ihrer Stadt spektakul\u00e4r neu erstrahlen.\" \/>\n<meta property=\"og:url\" content=\"https:\/\/festival-of-lights.de\/de\/festival-of-lights-gastgeber-werden\/\" \/>\n<meta property=\"og:site_name\" content=\"Festival of Lights\" \/>\n<meta property=\"article:publisher\" content=\"https:\/\/www.facebook.com\/FestivalOfLights\" \/>\n<meta property=\"article:modified_time\" content=\"2024-05-22T14:28:55+00:00\" \/>\n<meta name=\"twitter:card\" content=\"summary_large_image\" \/>\n<script type=\"application\/ld+json\" class=\"yoast-schema-graph\">{\"@context\":\"https:\/\/schema.org\",\"@graph\":[{\"@type\":\"WebPage\",\"@id\":\"https:\/\/festival-of-lights.de\/de\/festival-of-lights-gastgeber-werden\/\",\"url\":\"https:\/\/festival-of-lights.de\/de\/festival-of-lights-gastgeber-werden\/\",\"name\":\"Festival of Lights Gastgeber werden\",\"isPartOf\":{\"@id\":\"https:\/\/festival-of-lights.de\/de\/#website\"},\"datePublished\":\"2023-07-25T18:52:24+00:00\",\"dateModified\":\"2024-05-22T14:28:55+00:00\",\"description\":\"Werden Sie Gastgeber des Festival of Lights und lassen Sie die Architektur Ihrer Stadt spektakul\u00e4r neu erstrahlen.\",\"breadcrumb\":{\"@id\":\"https:\/\/festival-of-lights.de\/de\/festival-of-lights-gastgeber-werden\/#breadcrumb\"},\"inLanguage\":\"de\",\"potentialAction\":[{\"@type\":\"ReadAction\",\"target\":[\"https:\/\/festival-of-lights.de\/de\/festival-of-lights-gastgeber-werden\/\"]}]},{\"@type\":\"BreadcrumbList\",\"@id\":\"https:\/\/festival-of-lights.de\/de\/festival-of-lights-gastgeber-werden\/#breadcrumb\",\"itemListElement\":[{\"@type\":\"ListItem\",\"position\":1,\"name\":\"Startseite\",\"item\":\"https:\/\/festival-of-lights.de\/de\/\"},{\"@type\":\"ListItem\",\"position\":2,\"name\":\"Gastgeber werden\"}]},{\"@type\":\"WebSite\",\"@id\":\"https:\/\/festival-of-lights.de\/de\/#website\",\"url\":\"https:\/\/festival-of-lights.de\/de\/\",\"name\":\"Festival of Lights Berlin\",\"description\":\"\",\"publisher\":{\"@id\":\"https:\/\/festival-of-lights.de\/de\/#organization\"},\"potentialAction\":[{\"@type\":\"SearchAction\",\"target\":{\"@type\":\"EntryPoint\",\"urlTemplate\":\"https:\/\/festival-of-lights.de\/de\/?s={search_term_string}\"},\"query-input\":{\"@type\":\"PropertyValueSpecification\",\"valueRequired\":true,\"valueName\":\"search_term_string\"}}],\"inLanguage\":\"de\"},{\"@type\":\"Organization\",\"@id\":\"https:\/\/festival-of-lights.de\/de\/#organization\",\"name\":\"Festival of Lights\",\"url\":\"https:\/\/festival-of-lights.de\/de\/\",\"logo\":{\"@type\":\"ImageObject\",\"inLanguage\":\"de\",\"@id\":\"https:\/\/festival-of-lights.de\/de\/#\/schema\/logo\/image\/\",\"url\":\"https:\/\/festival-of-lights.de\/wp-content\/uploads\/2023\/08\/cropped-logo.png\",\"contentUrl\":\"https:\/\/festival-of-lights.de\/wp-content\/uploads\/2023\/08\/cropped-logo.png\",\"width\":230,\"height\":230,\"caption\":\"Festival of Lights\"},\"image\":{\"@id\":\"https:\/\/festival-of-lights.de\/de\/#\/schema\/logo\/image\/\"},\"sameAs\":[\"https:\/\/www.facebook.com\/FestivalOfLights\",\"https:\/\/www.tiktok.com\/@berlinfestivaloflights\",\"https:\/\/www.instagram.com\/berlinfestivaloflights\"]}]}<\/script>\n<!-- \/ Yoast SEO plugin. -->","yoast_head_json":{"title":"Festival of Lights Gastgeber werden","description":"Werden Sie Gastgeber des Festival of Lights und lassen Sie die Architektur Ihrer Stadt spektakul\u00e4r neu erstrahlen.","robots":{"index":"index","follow":"follow","max-snippet":"max-snippet:-1","max-image-preview":"max-image-preview:large","max-video-preview":"max-video-preview:-1"},"canonical":"https:\/\/festival-of-lights.de\/de\/festival-of-lights-gastgeber-werden\/","og_locale":"de_DE","og_type":"article","og_title":"Festival of Lights Gastgeber werden","og_description":"Werden Sie Gastgeber des Festival of Lights und lassen Sie die Architektur Ihrer Stadt spektakul\u00e4r neu erstrahlen.","og_url":"https:\/\/festival-of-lights.de\/de\/festival-of-lights-gastgeber-werden\/","og_site_name":"Festival of Lights","article_publisher":"https:\/\/www.facebook.com\/FestivalOfLights","article_modified_time":"2024-05-22T14:28:55+00:00","twitter_card":"summary_large_image","schema":{"@context":"https:\/\/schema.org","@graph":[{"@type":"WebPage","@id":"https:\/\/festival-of-lights.de\/de\/festival-of-lights-gastgeber-werden\/","url":"https:\/\/festival-of-lights.de\/de\/festival-of-lights-gastgeber-werden\/","name":"Festival of Lights Gastgeber werden","isPartOf":{"@id":"https:\/\/festival-of-lights.de\/de\/#website"},"datePublished":"2023-07-25T18:52:24+00:00","dateModified":"2024-05-22T14:28:55+00:00","description":"Werden Sie Gastgeber des Festival of Lights und lassen Sie die Architektur Ihrer Stadt spektakul\u00e4r neu erstrahlen.","breadcrumb":{"@id":"https:\/\/festival-of-lights.de\/de\/festival-of-lights-gastgeber-werden\/#breadcrumb"},"inLanguage":"de","potentialAction":[{"@type":"ReadAction","target":["https:\/\/festival-of-lights.de\/de\/festival-of-lights-gastgeber-werden\/"]}]},{"@type":"BreadcrumbList","@id":"https:\/\/festival-of-lights.de\/de\/festival-of-lights-gastgeber-werden\/#breadcrumb","itemListElement":[{"@type":"ListItem","position":1,"name":"Startseite","item":"https:\/\/festival-of-lights.de\/de\/"},{"@type":"ListItem","position":2,"name":"Gastgeber werden"}]},{"@type":"WebSite","@id":"https:\/\/festival-of-lights.de\/de\/#website","url":"https:\/\/festival-of-lights.de\/de\/","name":"Festival of Lights Berlin","description":"","publisher":{"@id":"https:\/\/festival-of-lights.de\/de\/#organization"},"potentialAction":[{"@type":"SearchAction","target":{"@type":"EntryPoint","urlTemplate":"https:\/\/festival-of-lights.de\/de\/?s={search_term_string}"},"query-input":{"@type":"PropertyValueSpecification","valueRequired":true,"valueName":"search_term_string"}}],"inLanguage":"de"},{"@type":"Organization","@id":"https:\/\/festival-of-lights.de\/de\/#organization","name":"Festival of Lights","url":"https:\/\/festival-of-lights.de\/de\/","logo":{"@type":"ImageObject","inLanguage":"de","@id":"https:\/\/festival-of-lights.de\/de\/#\/schema\/logo\/image\/","url":"https:\/\/festival-of-lights.de\/wp-content\/uploads\/2023\/08\/cropped-logo.png","contentUrl":"https:\/\/festival-of-lights.de\/wp-content\/uploads\/2023\/08\/cropped-logo.png","width":230,"height":230,"caption":"Festival of Lights"},"image":{"@id":"https:\/\/festival-of-lights.de\/de\/#\/schema\/logo\/image\/"},"sameAs":["https:\/\/www.facebook.com\/FestivalOfLights","https:\/\/www.tiktok.com\/@berlinfestivaloflights","https:\/\/www.instagram.com\/berlinfestivaloflights"]}]}},"_links":{"self":[{"href":"https:\/\/festival-of-lights.de\/de\/wp-json\/wp\/v2\/pages\/33853","targetHints":{"allow":["GET"]}}],"collection":[{"href":"https:\/\/festival-of-lights.de\/de\/wp-json\/wp\/v2\/pages"}],"about":[{"href":"https:\/\/festival-of-lights.de\/de\/wp-json\/wp\/v2\/types\/page"}],"author":[{"embeddable":true,"href":"https:\/\/festival-of-lights.de\/de\/wp-json\/wp\/v2\/users\/1"}],"replies":[{"embeddable":true,"href":"https:\/\/festival-of-lights.de\/de\/wp-json\/wp\/v2\/comments?post=33853"}],"version-history":[{"count":18,"href":"https:\/\/festival-of-lights.de\/de\/wp-json\/wp\/v2\/pages\/33853\/revisions"}],"predecessor-version":[{"id":47780,"href":"https:\/\/festival-of-lights.de\/de\/wp-json\/wp\/v2\/pages\/33853\/revisions\/47780"}],"wp:attachment":[{"href":"https:\/\/festival-of-lights.de\/de\/wp-json\/wp\/v2\/media?parent=33853"}],"curies":[{"name":"wp","href":"https:\/\/api.w.org\/{rel}","templated":true}]}}