{"id":34476,"date":"2023-07-28T14:02:55","date_gmt":"2023-07-28T12:02:55","guid":{"rendered":"http:\/\/festival-of-lights.de\/?page_id=34476"},"modified":"2023-08-07T16:50:08","modified_gmt":"2023-08-07T14:50:08","slug":"taiwan-lantern-festival-hsinchu","status":"publish","type":"page","link":"https:\/\/festival-of-lights.de\/de\/taiwan-lantern-festival-hsinchu\/","title":{"rendered":"Taiwan Lantern Festival Hsinchu"},"content":{"rendered":"<section class=\"module-spacer bg-bg-darkBlue pt-10 md:pt-14 xl:pt-20\">\n<\/section>\n\n<section class=\"basic-content-module bg-bg-darkBlue text-text-default\">\n  <div class=\"px-xs py-md lg:py-2xl aniMe text-intro dark:!bg-transparent dark:!text-white text-left\">\n            <div class=\"mx-auto max-w-content\"><div class='text-element align- text-copy lg:text-h3 font-bold mb-4 md:mb-0'>22.-31. Oktober 2021 \u2013 \u201eLight Coming Festival\u201c<\/div><\/div>\n                <div class=\"mx-auto max-w-content basic-content-module__headline\"><h2 class='grayscale-overlay relative headline-element align-left text-h3 font-bold md:text-h1 lg:text-[128px] mb-4 md:mb-4 z-0 basic-content-module__headline-big'>\n    \n    <span class='relative align-left text-h3 font-bold md:text-h1 lg:text-[128px] mb-4 md:mb-4 z-0 basic-content-module__headline-big'>\n    <span class='absolute top-0 left-0 z-0 -translate-x-1\/2 -translate-y-1\/2 light w-[300px] h-[300px]'>\n    <svg class='w-full h-full ' xmlns='http:\/\/www.w3.org\/2000\/svg' width='542' height='542' viewBox='0 0 542 542' fill='none'>\n      <g filter='url(#filter0_f_569_1018)'>\n        <circle cx='271' cy='271' r='121' fill='#9AE8FF' fill-opacity='0.5'\/>\n      <\/g>\n      <defs>\n        <filter id='filter0_f_569_1018' x='0' y='0' width='542' height='542' filterUnits='userSpaceOnUse' color-interpolation-filters='sRGB'>\n          <feFlood flood-opacity='0' result='BackgroundImageFix'\/>\n          <feBlend mode='normal' in='SourceGraphic' in2='BackgroundImageFix' result='shape'\/>\n          <feGaussianBlur stdDeviation='75' result='effect1_foregroundBlur_569_1018'\/>\n        <\/filter>\n      <\/defs>\n    <\/svg>\n  <\/span>\n    Taiwan Lantern Festival Hsinchu 2021<\/span>\n    <\/h2><\/div>\n                <div class=\"relative z-10 mx-auto max-w-content\">\n            <div class='text-element align- text-copy'><p>Erstmals war unser Team zu Gast beim ber\u00fchmten Lantern Festival in Taiwan, was uns mit Stolz und Freude erf\u00fcllte! In der gastgebenden Stadt Hinshu pr\u00e4sentierten wir \u201eDigital Habitat\u201c und \u201eThe Home Of The Wind\u201c , zwei ber\u00fchrende Videomappings, inszeniert auf gro\u00dffl\u00e4chigen Fassaden in der sch\u00f6nen Stadt.<\/p>\n<p>\u201eDigital Habit\u201c gelang ein k\u00fcnstlerischer Bogen zur fortschreitenden Digitalisierung unserer Welt. \u201eThe Home of The Wind\u201c nahm Bezug auf den Beinamen der diesj\u00e4hrigen Festivalstadt Hsinchu, die wegen ihrer klimatischen Lage auch \u201ewindy town\u201c genannt wird. Das Visual Artwork wurde kreiert von MP Studio.<\/p>\n<p>Das traditionelle Festival ist der j\u00e4hrliche kulturelle H\u00f6hepunkt in Taiwan und begeistert Millionen Besucher*innen. Nach dem pandemiebedingten Ausfall Anfang des Jahres wurde das Konzept den aktuellen Bedingungen angepasst. Es fand im Oktober unter dem Namen \u201eLight Coming Festival\u201c statt.<\/p>\n<\/div>        <\/div>\n          <\/div>\n<\/section>\n\n<section class=\"bg-bg-darkBlue\">\n  <div class=\"gallery-wall-simple-section dark:!bg-transparent dark:!text-white\">\n    <div class=\"gallery-wall-simple relative mx-auto grid gallery-grid-cols-4 gap-1 md:gap-3 lg:gap-5 \">\n     \n      <div data-src=\"https:\/\/festival-of-lights.de\/wp-content\/uploads\/2023\/08\/LINE_ALBUM_1021_211022_22.jpg\" data-sub-html=\".image-description\" class=\"gallery-image grayscale-mask relative aspect-video cursor-pointer \">\n        <img decoding=\"async\" loading=\"lazy\" src=\"https:\/\/festival-of-lights.de\/wp-content\/uploads\/2023\/08\/LINE_ALBUM_1021_211022_22-768x512.jpg\" class=\"object-cover object-center w-full h-full image grayscale-overlay\" alt=\"\">            <\/div>\n           \n      <div data-src=\"https:\/\/festival-of-lights.de\/wp-content\/uploads\/2023\/08\/LINE_ALBUM_1021_211022_23.jpg\" data-sub-html=\".image-description\" class=\"gallery-image grayscale-mask relative aspect-video cursor-pointer \">\n        <img decoding=\"async\" loading=\"lazy\" src=\"https:\/\/festival-of-lights.de\/wp-content\/uploads\/2023\/08\/LINE_ALBUM_1021_211022_23-768x512.jpg\" class=\"object-cover object-center w-full h-full image grayscale-overlay\" alt=\"\">            <\/div>\n           \n      <div data-src=\"https:\/\/festival-of-lights.de\/wp-content\/uploads\/2023\/08\/LINE_ALBUM_1021_211022_28.jpg\" data-sub-html=\".image-description\" class=\"gallery-image grayscale-mask relative aspect-video cursor-pointer \">\n        <img decoding=\"async\" loading=\"lazy\" src=\"https:\/\/festival-of-lights.de\/wp-content\/uploads\/2023\/08\/LINE_ALBUM_1021_211022_28-768x512.jpg\" class=\"object-cover object-center w-full h-full image grayscale-overlay\" alt=\"\">            <\/div>\n           \n      <div data-src=\"https:\/\/festival-of-lights.de\/wp-content\/uploads\/2023\/08\/346C9B55-0986-4E1D-A360-75E4953DA65A.jpg\" data-sub-html=\".image-description\" class=\"gallery-image grayscale-mask relative aspect-video cursor-pointer \">\n        <img decoding=\"async\" loading=\"lazy\" src=\"https:\/\/festival-of-lights.de\/wp-content\/uploads\/2023\/08\/346C9B55-0986-4E1D-A360-75E4953DA65A-768x512.jpg\" class=\"object-cover object-center w-full h-full image grayscale-overlay\" alt=\"\">            <\/div>\n           \n      <div data-src=\"https:\/\/festival-of-lights.de\/wp-content\/uploads\/2023\/08\/2207884C-385C-4F5A-A0B1-5F8E4F05A4F0.jpg\" data-sub-html=\".image-description\" class=\"gallery-image grayscale-mask relative aspect-video cursor-pointer \">\n        <img decoding=\"async\" loading=\"lazy\" src=\"https:\/\/festival-of-lights.de\/wp-content\/uploads\/2023\/08\/2207884C-385C-4F5A-A0B1-5F8E4F05A4F0-768x512.jpg\" class=\"object-cover object-center w-full h-full image grayscale-overlay\" alt=\"\">            <\/div>\n           \n      <div data-src=\"https:\/\/festival-of-lights.de\/wp-content\/uploads\/2023\/08\/B6973503-6398-41B0-BFE5-D27E91A51356.jpg\" data-sub-html=\".image-description\" class=\"gallery-image grayscale-mask relative aspect-video cursor-pointer \">\n        <img decoding=\"async\" loading=\"lazy\" src=\"https:\/\/festival-of-lights.de\/wp-content\/uploads\/2023\/08\/B6973503-6398-41B0-BFE5-D27E91A51356-768x512.jpg\" class=\"object-cover object-center w-full h-full image grayscale-overlay\" alt=\"\">            <\/div>\n              <\/div>\n  <\/div>\n<\/section>\n\n<section class=\"basic-content-module bg-bg-darkBlue text-text-default\">\n  <div class=\"px-xs py-md lg:py-2xl aniMe text-intro dark:!bg-transparent dark:!text-white text-left\">\n            <div class=\"relative z-10 mx-auto max-w-content\">\n            <div class='text-element align- text-copy'><p>Fotos: courtesy of GIS Group Co. Ltd.<\/p>\n<\/div>        <\/div>\n          <\/div>\n<\/section>\n\n<section class=\"bg-bg-darkBlue\">\n  <div class=\"gallery-wall-simple-section dark:!bg-transparent dark:!text-white\">\n    <div class=\"gallery-wall-simple relative mx-auto grid gallery-grid-cols-3 gap-1 md:gap-3 lg:gap-5 \">\n     \n      <div data-src=\"https:\/\/festival-of-lights.de\/wp-content\/uploads\/2023\/08\/taiwan-neu-bz-urkunde-2-768x511-1.jpg\" data-sub-html=\".image-description\" class=\"gallery-image grayscale-mask relative aspect-video cursor-pointer \">\n        <img decoding=\"async\" loading=\"lazy\" src=\"https:\/\/festival-of-lights.de\/wp-content\/uploads\/2023\/08\/taiwan-neu-bz-urkunde-2-768x511-1.jpg\" class=\"object-cover object-center w-full h-full image grayscale-overlay\" alt=\"\">            <\/div>\n           \n      <div data-src=\"https:\/\/festival-of-lights.de\/wp-content\/uploads\/2023\/08\/0214_\u5e02\u9577\u5e36\u7b56\u5c55\u4eba\u901b\u71c8\u5340-0904-768x511-1.jpg\" data-sub-html=\".image-description\" class=\"gallery-image grayscale-mask relative aspect-video cursor-pointer \">\n        <img decoding=\"async\" loading=\"lazy\" src=\"https:\/\/festival-of-lights.de\/wp-content\/uploads\/2023\/08\/0214_\u5e02\u9577\u5e36\u7b56\u5c55\u4eba\u901b\u71c8\u5340-0904-768x511-1.jpg\" class=\"object-cover object-center w-full h-full image grayscale-overlay\" alt=\"\">            <\/div>\n           \n      <div data-src=\"https:\/\/festival-of-lights.de\/wp-content\/uploads\/2023\/08\/bz-vortrag-taiwan-1-1-768x511-1.jpg\" data-sub-html=\".image-description\" class=\"gallery-image grayscale-mask relative aspect-video cursor-pointer \">\n        <img decoding=\"async\" loading=\"lazy\" src=\"https:\/\/festival-of-lights.de\/wp-content\/uploads\/2023\/08\/bz-vortrag-taiwan-1-1-768x511-1.jpg\" class=\"object-cover object-center w-full h-full image grayscale-overlay\" alt=\"\">            <\/div>\n              <\/div>\n  <\/div>\n<\/section>\n\n<section class=\"basic-content-module bg-bg-darkBlue text-text-default\">\n  <div class=\"px-xs py-md lg:py-2xl aniMe text-intro dark:!bg-transparent dark:!text-white text-left\">\n            <div class=\"relative z-10 mx-auto max-w-content\">\n            <div class='text-element align- text-copy'><p>Birgit Zander, Managing Director des Festival of Lights, wurde bereits im Februar 2020 offiziell vom B\u00fcrgermeister der Stadt Hsinchu \u2013 Mr. Lin, Chih-Chien \u2013 zum \u201eInternationalen Berater\u201c des Taiwan Lantern Festivals 2021 ernannt. Sie bewertet unter anderem als Jurymitglied eingereichte Kunstwerke, h\u00e4lt Vortr\u00e4ge und ber\u00e4t Hsinchu umfangreich bei der Auswahl verschiedener Illuminationen und effektvoller 3D Videomappings auf den Geb\u00e4uden und Pl\u00e4tzen der Stadt.<\/p>\n<p>B\u00fcrgermeister Lin, Chih-Chien war 2019 Gast des Festival of Lights in Berlin und ist seitdem fasziniert von der au\u00dfergew\u00f6hnlichen Lichtkunst. Daher hat Hsinchu es sich zum Ziel gemacht, 2021 eine ganz besondere Kombination aus traditioneller taiwanesischer Laternen-Kunst und internationalen Lichtkunst-Projekten zu pr\u00e4sentieren.<\/p>\n<\/div>        <\/div>\n          <\/div>\n<\/section>\n\n<section class=\"bg-bg-darkBlue text-text-default\">\n  <div class=\"px-xs py-md text-headline dark:!bg-transparent\">\n    <div class=\"mx-auto max-w-screen-lg text-center aniMe\">\n      <h2 class='grayscale-overlay relative headline-element align-left text-h3 md:text-h2 xl:text-h1'>\n    \n    <span class='relative align-left text-h3 md:text-h2 xl:text-h1'>\n    <span class='absolute top-0 left-0 z-0 -translate-x-1\/2 -translate-y-1\/2 light w-[300px] h-[300px]'>\n    <svg class='w-full h-full ' xmlns='http:\/\/www.w3.org\/2000\/svg' width='542' height='542' viewBox='0 0 542 542' fill='none'>\n      <g filter='url(#filter0_f_569_1018)'>\n        <circle cx='271' cy='271' r='121' fill='#9AE8FF' fill-opacity='0.5'\/>\n      <\/g>\n      <defs>\n        <filter id='filter0_f_569_1018' x='0' y='0' width='542' height='542' filterUnits='userSpaceOnUse' color-interpolation-filters='sRGB'>\n          <feFlood flood-opacity='0' result='BackgroundImageFix'\/>\n          <feBlend mode='normal' in='SourceGraphic' in2='BackgroundImageFix' result='shape'\/>\n          <feGaussianBlur stdDeviation='75' result='effect1_foregroundBlur_569_1018'\/>\n        <\/filter>\n      <\/defs>\n    <\/svg>\n  <\/span>\n    Impressionen Taiwan Lantern Festival 2020<\/span>\n    <\/h2>    <\/div>\n      <\/div>\n<\/section>\n\n<section class=\"bg-bg-darkBlue\">\n  <div class=\"gallery-wall-simple-section dark:!bg-transparent dark:!text-white\">\n    <div class=\"gallery-wall-simple relative mx-auto grid gallery-grid-cols-4 gap-1 md:gap-3 lg:gap-5 \">\n     \n      <div data-src=\"https:\/\/festival-of-lights.de\/wp-content\/uploads\/2023\/08\/20200213_114236-2048x1152-1.jpg\" data-sub-html=\".image-description\" class=\"gallery-image grayscale-mask relative aspect-video cursor-pointer \">\n        <img decoding=\"async\" loading=\"lazy\" src=\"https:\/\/festival-of-lights.de\/wp-content\/uploads\/2023\/08\/20200213_114236-2048x1152-1-768x432.jpg\" class=\"object-cover object-center w-full h-full image grayscale-overlay\" alt=\"\">            <\/div>\n           \n      <div data-src=\"https:\/\/festival-of-lights.de\/wp-content\/uploads\/2023\/08\/20200213_113329-2048x1152-1.jpg\" data-sub-html=\".image-description\" class=\"gallery-image grayscale-mask relative aspect-video cursor-pointer \">\n        <img decoding=\"async\" loading=\"lazy\" src=\"https:\/\/festival-of-lights.de\/wp-content\/uploads\/2023\/08\/20200213_113329-2048x1152-1-768x432.jpg\" class=\"object-cover object-center w-full h-full image grayscale-overlay\" alt=\"\">            <\/div>\n           \n      <div data-src=\"https:\/\/festival-of-lights.de\/wp-content\/uploads\/2023\/08\/20200213_113312-2048x1152-1.jpg\" data-sub-html=\".image-description\" class=\"gallery-image grayscale-mask relative aspect-video cursor-pointer \">\n        <img decoding=\"async\" loading=\"lazy\" src=\"https:\/\/festival-of-lights.de\/wp-content\/uploads\/2023\/08\/20200213_113312-2048x1152-1-768x432.jpg\" class=\"object-cover object-center w-full h-full image grayscale-overlay\" alt=\"\">            <\/div>\n           \n      <div data-src=\"https:\/\/festival-of-lights.de\/wp-content\/uploads\/2023\/08\/20200213_111312-2048x1152-1.jpg\" data-sub-html=\".image-description\" class=\"gallery-image grayscale-mask relative aspect-video cursor-pointer \">\n        <img decoding=\"async\" loading=\"lazy\" src=\"https:\/\/festival-of-lights.de\/wp-content\/uploads\/2023\/08\/20200213_111312-2048x1152-1-768x432.jpg\" class=\"object-cover object-center w-full h-full image grayscale-overlay\" alt=\"\">            <\/div>\n           \n      <div data-src=\"https:\/\/festival-of-lights.de\/wp-content\/uploads\/2023\/08\/20200213_111455-2048x1152-1.jpg\" data-sub-html=\".image-description\" class=\"gallery-image grayscale-mask relative aspect-video cursor-pointer \">\n        <img decoding=\"async\" loading=\"lazy\" src=\"https:\/\/festival-of-lights.de\/wp-content\/uploads\/2023\/08\/20200213_111455-2048x1152-1-768x432.jpg\" class=\"object-cover object-center w-full h-full image grayscale-overlay\" alt=\"\">            <\/div>\n           \n      <div data-src=\"https:\/\/festival-of-lights.de\/wp-content\/uploads\/2023\/08\/Unbenannt-7.jpg\" data-sub-html=\".image-description\" class=\"gallery-image grayscale-mask relative aspect-video cursor-pointer \">\n        <img decoding=\"async\" loading=\"lazy\" src=\"https:\/\/festival-of-lights.de\/wp-content\/uploads\/2023\/08\/Unbenannt-7-768x465.jpg\" class=\"object-cover object-center w-full h-full image grayscale-overlay\" alt=\"\">            <\/div>\n           \n      <div data-src=\"https:\/\/festival-of-lights.de\/wp-content\/uploads\/2023\/08\/0213_\u53c3\u8a2a\u53f0\u4e2d\u71c8\u6703-0327.jpg\" data-sub-html=\".image-description\" class=\"gallery-image grayscale-mask relative aspect-video cursor-pointer \">\n        <img decoding=\"async\" loading=\"lazy\" src=\"https:\/\/festival-of-lights.de\/wp-content\/uploads\/2023\/08\/0213_\u53c3\u8a2a\u53f0\u4e2d\u71c8\u6703-0327-768x511.jpg\" class=\"object-cover object-center w-full h-full image grayscale-overlay\" alt=\"\">            <\/div>\n              <\/div>\n  <\/div>\n<\/section>","protected":false},"excerpt":{"rendered":"","protected":false},"author":1,"featured_media":0,"parent":0,"menu_order":0,"comment_status":"closed","ping_status":"closed","template":"","meta":{"_acf_changed":false,"footnotes":""},"class_list":["post-34476","page","type-page","status-publish","hentry"],"acf":[],"yoast_head":"<!-- This site is optimized with the Yoast SEO plugin v25.6 - https:\/\/yoast.com\/wordpress\/plugins\/seo\/ -->\n<title>Taiwan Lantern Festival Hsinchu - Festival of Lights<\/title>\n<meta name=\"robots\" content=\"index, follow, max-snippet:-1, max-image-preview:large, max-video-preview:-1\" \/>\n<link rel=\"canonical\" href=\"https:\/\/festival-of-lights.de\/de\/taiwan-lantern-festival-hsinchu\/\" \/>\n<meta property=\"og:locale\" content=\"de_DE\" \/>\n<meta property=\"og:type\" content=\"article\" \/>\n<meta property=\"og:title\" content=\"Taiwan Lantern Festival Hsinchu - Festival of Lights\" \/>\n<meta property=\"og:url\" content=\"https:\/\/festival-of-lights.de\/de\/taiwan-lantern-festival-hsinchu\/\" \/>\n<meta property=\"og:site_name\" content=\"Festival of Lights\" \/>\n<meta property=\"article:publisher\" content=\"https:\/\/www.facebook.com\/FestivalOfLights\" \/>\n<meta property=\"article:modified_time\" content=\"2023-08-07T14:50:08+00:00\" \/>\n<meta name=\"twitter:card\" content=\"summary_large_image\" \/>\n<script type=\"application\/ld+json\" class=\"yoast-schema-graph\">{\"@context\":\"https:\/\/schema.org\",\"@graph\":[{\"@type\":\"WebPage\",\"@id\":\"https:\/\/festival-of-lights.de\/de\/taiwan-lantern-festival-hsinchu\/\",\"url\":\"https:\/\/festival-of-lights.de\/de\/taiwan-lantern-festival-hsinchu\/\",\"name\":\"Taiwan Lantern Festival Hsinchu - Festival of Lights\",\"isPartOf\":{\"@id\":\"https:\/\/festival-of-lights.de\/de\/#website\"},\"datePublished\":\"2023-07-28T12:02:55+00:00\",\"dateModified\":\"2023-08-07T14:50:08+00:00\",\"breadcrumb\":{\"@id\":\"https:\/\/festival-of-lights.de\/de\/taiwan-lantern-festival-hsinchu\/#breadcrumb\"},\"inLanguage\":\"de\",\"potentialAction\":[{\"@type\":\"ReadAction\",\"target\":[\"https:\/\/festival-of-lights.de\/de\/taiwan-lantern-festival-hsinchu\/\"]}]},{\"@type\":\"BreadcrumbList\",\"@id\":\"https:\/\/festival-of-lights.de\/de\/taiwan-lantern-festival-hsinchu\/#breadcrumb\",\"itemListElement\":[{\"@type\":\"ListItem\",\"position\":1,\"name\":\"Startseite\",\"item\":\"https:\/\/festival-of-lights.de\/de\/\"},{\"@type\":\"ListItem\",\"position\":2,\"name\":\"Taiwan Lantern Festival Hsinchu\"}]},{\"@type\":\"WebSite\",\"@id\":\"https:\/\/festival-of-lights.de\/de\/#website\",\"url\":\"https:\/\/festival-of-lights.de\/de\/\",\"name\":\"Festival of Lights Berlin\",\"description\":\"\",\"publisher\":{\"@id\":\"https:\/\/festival-of-lights.de\/de\/#organization\"},\"potentialAction\":[{\"@type\":\"SearchAction\",\"target\":{\"@type\":\"EntryPoint\",\"urlTemplate\":\"https:\/\/festival-of-lights.de\/de\/?s={search_term_string}\"},\"query-input\":{\"@type\":\"PropertyValueSpecification\",\"valueRequired\":true,\"valueName\":\"search_term_string\"}}],\"inLanguage\":\"de\"},{\"@type\":\"Organization\",\"@id\":\"https:\/\/festival-of-lights.de\/de\/#organization\",\"name\":\"Festival of Lights\",\"url\":\"https:\/\/festival-of-lights.de\/de\/\",\"logo\":{\"@type\":\"ImageObject\",\"inLanguage\":\"de\",\"@id\":\"https:\/\/festival-of-lights.de\/de\/#\/schema\/logo\/image\/\",\"url\":\"https:\/\/festival-of-lights.de\/wp-content\/uploads\/2023\/08\/cropped-logo.png\",\"contentUrl\":\"https:\/\/festival-of-lights.de\/wp-content\/uploads\/2023\/08\/cropped-logo.png\",\"width\":230,\"height\":230,\"caption\":\"Festival of Lights\"},\"image\":{\"@id\":\"https:\/\/festival-of-lights.de\/de\/#\/schema\/logo\/image\/\"},\"sameAs\":[\"https:\/\/www.facebook.com\/FestivalOfLights\",\"https:\/\/www.tiktok.com\/@berlinfestivaloflights\",\"https:\/\/www.instagram.com\/berlinfestivaloflights\"]}]}<\/script>\n<!-- \/ Yoast SEO plugin. -->","yoast_head_json":{"title":"Taiwan Lantern Festival Hsinchu - Festival of Lights","robots":{"index":"index","follow":"follow","max-snippet":"max-snippet:-1","max-image-preview":"max-image-preview:large","max-video-preview":"max-video-preview:-1"},"canonical":"https:\/\/festival-of-lights.de\/de\/taiwan-lantern-festival-hsinchu\/","og_locale":"de_DE","og_type":"article","og_title":"Taiwan Lantern Festival Hsinchu - Festival of Lights","og_url":"https:\/\/festival-of-lights.de\/de\/taiwan-lantern-festival-hsinchu\/","og_site_name":"Festival of Lights","article_publisher":"https:\/\/www.facebook.com\/FestivalOfLights","article_modified_time":"2023-08-07T14:50:08+00:00","twitter_card":"summary_large_image","schema":{"@context":"https:\/\/schema.org","@graph":[{"@type":"WebPage","@id":"https:\/\/festival-of-lights.de\/de\/taiwan-lantern-festival-hsinchu\/","url":"https:\/\/festival-of-lights.de\/de\/taiwan-lantern-festival-hsinchu\/","name":"Taiwan Lantern Festival Hsinchu - Festival of Lights","isPartOf":{"@id":"https:\/\/festival-of-lights.de\/de\/#website"},"datePublished":"2023-07-28T12:02:55+00:00","dateModified":"2023-08-07T14:50:08+00:00","breadcrumb":{"@id":"https:\/\/festival-of-lights.de\/de\/taiwan-lantern-festival-hsinchu\/#breadcrumb"},"inLanguage":"de","potentialAction":[{"@type":"ReadAction","target":["https:\/\/festival-of-lights.de\/de\/taiwan-lantern-festival-hsinchu\/"]}]},{"@type":"BreadcrumbList","@id":"https:\/\/festival-of-lights.de\/de\/taiwan-lantern-festival-hsinchu\/#breadcrumb","itemListElement":[{"@type":"ListItem","position":1,"name":"Startseite","item":"https:\/\/festival-of-lights.de\/de\/"},{"@type":"ListItem","position":2,"name":"Taiwan Lantern Festival Hsinchu"}]},{"@type":"WebSite","@id":"https:\/\/festival-of-lights.de\/de\/#website","url":"https:\/\/festival-of-lights.de\/de\/","name":"Festival of Lights Berlin","description":"","publisher":{"@id":"https:\/\/festival-of-lights.de\/de\/#organization"},"potentialAction":[{"@type":"SearchAction","target":{"@type":"EntryPoint","urlTemplate":"https:\/\/festival-of-lights.de\/de\/?s={search_term_string}"},"query-input":{"@type":"PropertyValueSpecification","valueRequired":true,"valueName":"search_term_string"}}],"inLanguage":"de"},{"@type":"Organization","@id":"https:\/\/festival-of-lights.de\/de\/#organization","name":"Festival of Lights","url":"https:\/\/festival-of-lights.de\/de\/","logo":{"@type":"ImageObject","inLanguage":"de","@id":"https:\/\/festival-of-lights.de\/de\/#\/schema\/logo\/image\/","url":"https:\/\/festival-of-lights.de\/wp-content\/uploads\/2023\/08\/cropped-logo.png","contentUrl":"https:\/\/festival-of-lights.de\/wp-content\/uploads\/2023\/08\/cropped-logo.png","width":230,"height":230,"caption":"Festival of Lights"},"image":{"@id":"https:\/\/festival-of-lights.de\/de\/#\/schema\/logo\/image\/"},"sameAs":["https:\/\/www.facebook.com\/FestivalOfLights","https:\/\/www.tiktok.com\/@berlinfestivaloflights","https:\/\/www.instagram.com\/berlinfestivaloflights"]}]}},"_links":{"self":[{"href":"https:\/\/festival-of-lights.de\/de\/wp-json\/wp\/v2\/pages\/34476","targetHints":{"allow":["GET"]}}],"collection":[{"href":"https:\/\/festival-of-lights.de\/de\/wp-json\/wp\/v2\/pages"}],"about":[{"href":"https:\/\/festival-of-lights.de\/de\/wp-json\/wp\/v2\/types\/page"}],"author":[{"embeddable":true,"href":"https:\/\/festival-of-lights.de\/de\/wp-json\/wp\/v2\/users\/1"}],"replies":[{"embeddable":true,"href":"https:\/\/festival-of-lights.de\/de\/wp-json\/wp\/v2\/comments?post=34476"}],"version-history":[{"count":6,"href":"https:\/\/festival-of-lights.de\/de\/wp-json\/wp\/v2\/pages\/34476\/revisions"}],"predecessor-version":[{"id":35569,"href":"https:\/\/festival-of-lights.de\/de\/wp-json\/wp\/v2\/pages\/34476\/revisions\/35569"}],"wp:attachment":[{"href":"https:\/\/festival-of-lights.de\/de\/wp-json\/wp\/v2\/media?parent=34476"}],"curies":[{"name":"wp","href":"https:\/\/api.w.org\/{rel}","templated":true}]}}