{"id":39191,"date":"2023-08-28T08:08:35","date_gmt":"2023-08-28T06:08:35","guid":{"rendered":"http:\/\/festival-of-lights.de\/?page_id=39191"},"modified":"2023-08-29T10:16:19","modified_gmt":"2023-08-29T08:16:19","slug":"world-championship-of-projection-mapping-2015-brandenburger-tor","status":"publish","type":"page","link":"https:\/\/festival-of-lights.de\/de\/world-championship-of-projection-mapping-2015-brandenburger-tor\/","title":{"rendered":"World Championship of Projection Mapping 2015: Brandenburger Tor"},"content":{"rendered":"<section class=\"module-spacer bg-bg-darkBlue pt-10 md:pt-14 xl:pt-20\">\n<\/section>\n\n<section class=\"basic-content-module bg-bg-darkBlue text-text-default\">\n  <div class=\"px-xs py-md lg:py-2xl aniMe text-intro dark:!bg-transparent dark:!text-white text-left\">\n            <div class=\"mx-auto max-w-content basic-content-module__headline\"><h2 class='grayscale-overlay relative headline-element align-left text-h3 font-bold md:text-h1 lg:text-[128px] mb-4 md:mb-4 z-0 basic-content-module__headline-big'>\n    \n    <span class='relative align-left text-h3 font-bold md:text-h1 lg:text-[128px] mb-4 md:mb-4 z-0 basic-content-module__headline-big'>\n    <span class='absolute top-0 left-0 z-0 -translate-x-1\/2 -translate-y-1\/2 light w-[300px] h-[300px]'>\n    <svg class='w-full h-full ' xmlns='http:\/\/www.w3.org\/2000\/svg' width='542' height='542' viewBox='0 0 542 542' fill='none'>\n      <g filter='url(#filter0_f_569_1018)'>\n        <circle cx='271' cy='271' r='121' fill='#9AE8FF' fill-opacity='0.5'\/>\n      <\/g>\n      <defs>\n        <filter id='filter0_f_569_1018' x='0' y='0' width='542' height='542' filterUnits='userSpaceOnUse' color-interpolation-filters='sRGB'>\n          <feFlood flood-opacity='0' result='BackgroundImageFix'\/>\n          <feBlend mode='normal' in='SourceGraphic' in2='BackgroundImageFix' result='shape'\/>\n          <feGaussianBlur stdDeviation='75' result='effect1_foregroundBlur_569_1018'\/>\n        <\/filter>\n      <\/defs>\n    <\/svg>\n  <\/span>\n    World Championship of Projection Mapping 2015: Brandenburger Tor<\/span>\n    <\/h2><\/div>\n                <div class=\"relative z-10 mx-auto max-w-content\">\n            <div class='text-element align- text-copy'><p>2015 fand die Premiere der World Championship of Projection Mapping im Festival of Lights statt. Hierbei wurde das bedeutendste Wahrzeichen der Stadt, das Brandenburger Tor, zum Schauplatz dieses einmaligen Spektakels.<\/p>\n<p>Es war uns eine gro\u00dfe Ehre und Freude den besten Lichtk\u00fcnstler zu k\u00fcren.<\/p>\n<p>Das Motto lautete \u201eNew Dimension\u201c. Zus\u00e4tzlich wurde ein Sonderaward verliehen zum Thema \u201eVision of Energy\u201c.<\/p>\n<p>Presenter: <a href=\"https:\/\/festival-of-lights.de\/de\/fol-partner\/e-on\/\" target=\"_blank\" rel=\"noopener\">E.ON<\/a><\/p>\n<p>Herzlichen Gl\u00fcckwunsch an die Gewinner: AMPLE PROJECTS und MP STUDIO!<\/p>\n<\/div>        <\/div>\n          <\/div>\n<\/section>\n\n<section class=\"teaser-small-section bg-bg-darkBlue text-text-default\">\n    <div class=\"dark:!bg-transparent dark:!text-white\">\n        <div class=\"container mx-auto px-xs py-md\">\n            <div class=\"grid gap-4 gap-y-16 md:grid-cols-2 lg:grid-cols-3\">\n                <div class=\"teaser-small-single\">\n                    <a href=\"https:\/\/www.youtube.com\/watch?v=NWSrlV5ywYs\" target=\"_blank\">\n                            <div class=\"overflow-hidden relative mb-6 teaser-small-single-image aspect-4\/3 grayscale-mask aniMe\"> <img loading=\"lazy\" decoding=\"async\" width=\"1920\" height=\"1278\" src=\"https:\/\/festival-of-lights.de\/wp-content\/uploads\/2023\/08\/2015_BrandenburgerTor_Masse-vor-Mapping_MP-Studio_042_Nelofee.jpg\" class=\"h-full w-full object-cover z-0 transform scale-105 transition duration-300 grayscale-overlay\" alt=\"\" srcset=\"https:\/\/festival-of-lights.de\/wp-content\/uploads\/2023\/08\/2015_BrandenburgerTor_Masse-vor-Mapping_MP-Studio_042_Nelofee.jpg 1920w, https:\/\/festival-of-lights.de\/wp-content\/uploads\/2023\/08\/2015_BrandenburgerTor_Masse-vor-Mapping_MP-Studio_042_Nelofee-300x200.jpg 300w, https:\/\/festival-of-lights.de\/wp-content\/uploads\/2023\/08\/2015_BrandenburgerTor_Masse-vor-Mapping_MP-Studio_042_Nelofee-1024x682.jpg 1024w, https:\/\/festival-of-lights.de\/wp-content\/uploads\/2023\/08\/2015_BrandenburgerTor_Masse-vor-Mapping_MP-Studio_042_Nelofee-768x511.jpg 768w, https:\/\/festival-of-lights.de\/wp-content\/uploads\/2023\/08\/2015_BrandenburgerTor_Masse-vor-Mapping_MP-Studio_042_Nelofee-1536x1022.jpg 1536w, https:\/\/festival-of-lights.de\/wp-content\/uploads\/2023\/08\/2015_BrandenburgerTor_Masse-vor-Mapping_MP-Studio_042_Nelofee-1900x1265.jpg 1900w, https:\/\/festival-of-lights.de\/wp-content\/uploads\/2023\/08\/2015_BrandenburgerTor_Masse-vor-Mapping_MP-Studio_042_Nelofee-1240x825.jpg 1240w\" sizes=\"auto, (max-width: 1920px) 100vw, 1920px\" \/>                <\/div> \n            <\/a>         <div class=\"content aniMe\">\n            <p class=\"pb-6 w-full font-bold text-h4\">MP Studio<\/p>\n                    <a target=\"_blank\" href=\"https:\/\/www.youtube.com\/watch?v=NWSrlV5ywYs\" class=\"flex items-center gap-xs btn-primary\">\n            <svg xmlns=\"http:\/\/www.w3.org\/2000\/svg\" width=\"23\" height=\"16\" viewBox=\"0 0 23 16\" fill=\"none\">\n                <path class=\"transition duration-300 ease-in-out\" d=\"M21.8863 8.70711C22.2769 8.31658 22.2769 7.68342 21.8863 7.29289L15.5224 0.928932C15.1318 0.538408 14.4987 0.538408 14.1082 0.928932C13.7176 1.31946 13.7176 1.95262 14.1082 2.34315L19.765 8L14.1082 13.6569C13.7176 14.0474 13.7176 14.6805 14.1082 15.0711C14.4987 15.4616 15.1318 15.4616 15.5224 15.0711L21.8863 8.70711ZM0 9H21.1792V7H0V9Z\" fill=\"black\"\/>\n            <\/svg>\n            Mehr erfahren        <\/a>\n                <\/div>\n    <\/div>\n    <div class=\"teaser-small-single\">\n                    <a href=\"https:\/\/www.youtube.com\/watch?v=30oSP-a-qRw\" target=\"_blank\">\n                            <div class=\"overflow-hidden relative mb-6 teaser-small-single-image aspect-4\/3 grayscale-mask aniMe\"> <img loading=\"lazy\" decoding=\"async\" width=\"1920\" height=\"1278\" src=\"https:\/\/festival-of-lights.de\/wp-content\/uploads\/2023\/08\/2015_BrandenburgerTor_Masse-vor-Mapping_Sinoca_069_Nelofee.jpg\" class=\"h-full w-full object-cover z-0 transform scale-105 transition duration-300 grayscale-overlay\" alt=\"\" srcset=\"https:\/\/festival-of-lights.de\/wp-content\/uploads\/2023\/08\/2015_BrandenburgerTor_Masse-vor-Mapping_Sinoca_069_Nelofee.jpg 1920w, https:\/\/festival-of-lights.de\/wp-content\/uploads\/2023\/08\/2015_BrandenburgerTor_Masse-vor-Mapping_Sinoca_069_Nelofee-300x200.jpg 300w, https:\/\/festival-of-lights.de\/wp-content\/uploads\/2023\/08\/2015_BrandenburgerTor_Masse-vor-Mapping_Sinoca_069_Nelofee-1024x682.jpg 1024w, https:\/\/festival-of-lights.de\/wp-content\/uploads\/2023\/08\/2015_BrandenburgerTor_Masse-vor-Mapping_Sinoca_069_Nelofee-768x511.jpg 768w, https:\/\/festival-of-lights.de\/wp-content\/uploads\/2023\/08\/2015_BrandenburgerTor_Masse-vor-Mapping_Sinoca_069_Nelofee-1536x1022.jpg 1536w, https:\/\/festival-of-lights.de\/wp-content\/uploads\/2023\/08\/2015_BrandenburgerTor_Masse-vor-Mapping_Sinoca_069_Nelofee-1900x1265.jpg 1900w, https:\/\/festival-of-lights.de\/wp-content\/uploads\/2023\/08\/2015_BrandenburgerTor_Masse-vor-Mapping_Sinoca_069_Nelofee-1240x825.jpg 1240w\" sizes=\"auto, (max-width: 1920px) 100vw, 1920px\" \/>                <\/div> \n            <\/a>         <div class=\"content aniMe\">\n            <p class=\"pb-6 w-full font-bold text-h4\">Sinoca<\/p>\n                    <a target=\"_blank\" href=\"https:\/\/www.youtube.com\/watch?v=30oSP-a-qRw\" class=\"flex items-center gap-xs btn-primary\">\n            <svg xmlns=\"http:\/\/www.w3.org\/2000\/svg\" width=\"23\" height=\"16\" viewBox=\"0 0 23 16\" fill=\"none\">\n                <path class=\"transition duration-300 ease-in-out\" d=\"M21.8863 8.70711C22.2769 8.31658 22.2769 7.68342 21.8863 7.29289L15.5224 0.928932C15.1318 0.538408 14.4987 0.538408 14.1082 0.928932C13.7176 1.31946 13.7176 1.95262 14.1082 2.34315L19.765 8L14.1082 13.6569C13.7176 14.0474 13.7176 14.6805 14.1082 15.0711C14.4987 15.4616 15.1318 15.4616 15.5224 15.0711L21.8863 8.70711ZM0 9H21.1792V7H0V9Z\" fill=\"black\"\/>\n            <\/svg>\n            Mehr erfahren        <\/a>\n                <\/div>\n    <\/div>\n    <div class=\"teaser-small-single\">\n                    <a href=\"https:\/\/www.youtube.com\/watch?v=PZtYKU4NZrw\" target=\"_blank\">\n                            <div class=\"overflow-hidden relative mb-6 teaser-small-single-image aspect-4\/3 grayscale-mask aniMe\"> <img loading=\"lazy\" decoding=\"async\" width=\"1920\" height=\"1278\" src=\"https:\/\/festival-of-lights.de\/wp-content\/uploads\/2023\/08\/2015_BrandenburgerTor_Masse-vor-Mapping_Ample-Project_022_Nelofee.jpg\" class=\"h-full w-full object-cover z-0 transform scale-105 transition duration-300 grayscale-overlay\" alt=\"\" srcset=\"https:\/\/festival-of-lights.de\/wp-content\/uploads\/2023\/08\/2015_BrandenburgerTor_Masse-vor-Mapping_Ample-Project_022_Nelofee.jpg 1920w, https:\/\/festival-of-lights.de\/wp-content\/uploads\/2023\/08\/2015_BrandenburgerTor_Masse-vor-Mapping_Ample-Project_022_Nelofee-300x200.jpg 300w, https:\/\/festival-of-lights.de\/wp-content\/uploads\/2023\/08\/2015_BrandenburgerTor_Masse-vor-Mapping_Ample-Project_022_Nelofee-1024x682.jpg 1024w, https:\/\/festival-of-lights.de\/wp-content\/uploads\/2023\/08\/2015_BrandenburgerTor_Masse-vor-Mapping_Ample-Project_022_Nelofee-768x511.jpg 768w, https:\/\/festival-of-lights.de\/wp-content\/uploads\/2023\/08\/2015_BrandenburgerTor_Masse-vor-Mapping_Ample-Project_022_Nelofee-1536x1022.jpg 1536w, https:\/\/festival-of-lights.de\/wp-content\/uploads\/2023\/08\/2015_BrandenburgerTor_Masse-vor-Mapping_Ample-Project_022_Nelofee-1900x1265.jpg 1900w, https:\/\/festival-of-lights.de\/wp-content\/uploads\/2023\/08\/2015_BrandenburgerTor_Masse-vor-Mapping_Ample-Project_022_Nelofee-1240x825.jpg 1240w\" sizes=\"auto, (max-width: 1920px) 100vw, 1920px\" \/>                <\/div> \n            <\/a>         <div class=\"content aniMe\">\n            <p class=\"pb-6 w-full font-bold text-h4\">Ample Project<\/p>\n                    <a target=\"_blank\" href=\"https:\/\/www.youtube.com\/watch?v=PZtYKU4NZrw\" class=\"flex items-center gap-xs btn-primary\">\n            <svg xmlns=\"http:\/\/www.w3.org\/2000\/svg\" width=\"23\" height=\"16\" viewBox=\"0 0 23 16\" fill=\"none\">\n                <path class=\"transition duration-300 ease-in-out\" d=\"M21.8863 8.70711C22.2769 8.31658 22.2769 7.68342 21.8863 7.29289L15.5224 0.928932C15.1318 0.538408 14.4987 0.538408 14.1082 0.928932C13.7176 1.31946 13.7176 1.95262 14.1082 2.34315L19.765 8L14.1082 13.6569C13.7176 14.0474 13.7176 14.6805 14.1082 15.0711C14.4987 15.4616 15.1318 15.4616 15.5224 15.0711L21.8863 8.70711ZM0 9H21.1792V7H0V9Z\" fill=\"black\"\/>\n            <\/svg>\n            Mehr erfahren        <\/a>\n                <\/div>\n    <\/div>\n    <div class=\"teaser-small-single\">\n                    <a href=\"https:\/\/www.youtube.com\/watch?v=a9cFP1afy3g\" target=\"_blank\">\n                            <div class=\"overflow-hidden relative mb-6 teaser-small-single-image aspect-4\/3 grayscale-mask aniMe\"> <img loading=\"lazy\" decoding=\"async\" width=\"1000\" height=\"665\" src=\"https:\/\/festival-of-lights.de\/wp-content\/uploads\/2023\/08\/Eper.jpg\" class=\"h-full w-full object-cover z-0 transform scale-105 transition duration-300 grayscale-overlay\" alt=\"\" srcset=\"https:\/\/festival-of-lights.de\/wp-content\/uploads\/2023\/08\/Eper.jpg 1000w, https:\/\/festival-of-lights.de\/wp-content\/uploads\/2023\/08\/Eper-300x200.jpg 300w, https:\/\/festival-of-lights.de\/wp-content\/uploads\/2023\/08\/Eper-768x511.jpg 768w\" sizes=\"auto, (max-width: 1000px) 100vw, 1000px\" \/>                <\/div> \n            <\/a>         <div class=\"content aniMe\">\n            <p class=\"pb-6 w-full font-bold text-h4\">EPER Creative Studios<\/p>\n                    <a target=\"_blank\" href=\"https:\/\/www.youtube.com\/watch?v=a9cFP1afy3g\" class=\"flex items-center gap-xs btn-primary\">\n            <svg xmlns=\"http:\/\/www.w3.org\/2000\/svg\" width=\"23\" height=\"16\" viewBox=\"0 0 23 16\" fill=\"none\">\n                <path class=\"transition duration-300 ease-in-out\" d=\"M21.8863 8.70711C22.2769 8.31658 22.2769 7.68342 21.8863 7.29289L15.5224 0.928932C15.1318 0.538408 14.4987 0.538408 14.1082 0.928932C13.7176 1.31946 13.7176 1.95262 14.1082 2.34315L19.765 8L14.1082 13.6569C13.7176 14.0474 13.7176 14.6805 14.1082 15.0711C14.4987 15.4616 15.1318 15.4616 15.5224 15.0711L21.8863 8.70711ZM0 9H21.1792V7H0V9Z\" fill=\"black\"\/>\n            <\/svg>\n            Mehr erfahren        <\/a>\n                <\/div>\n    <\/div>\n    <div class=\"teaser-small-single\">\n                    <a href=\"https:\/\/www.youtube.com\/watch?v=v4OiOt7DHIA\" target=\"_blank\">\n                            <div class=\"overflow-hidden relative mb-6 teaser-small-single-image aspect-4\/3 grayscale-mask aniMe\"> <img loading=\"lazy\" decoding=\"async\" width=\"1000\" height=\"665\" src=\"https:\/\/festival-of-lights.de\/wp-content\/uploads\/2023\/08\/Ad-Lip.jpg\" class=\"h-full w-full object-cover z-0 transform scale-105 transition duration-300 grayscale-overlay\" alt=\"\" srcset=\"https:\/\/festival-of-lights.de\/wp-content\/uploads\/2023\/08\/Ad-Lip.jpg 1000w, https:\/\/festival-of-lights.de\/wp-content\/uploads\/2023\/08\/Ad-Lip-300x200.jpg 300w, https:\/\/festival-of-lights.de\/wp-content\/uploads\/2023\/08\/Ad-Lip-768x511.jpg 768w\" sizes=\"auto, (max-width: 1000px) 100vw, 1000px\" \/>                <\/div> \n            <\/a>         <div class=\"content aniMe\">\n            <p class=\"pb-6 w-full font-bold text-h4\">AD Lip Creations<\/p>\n                    <a target=\"_blank\" href=\"https:\/\/www.youtube.com\/watch?v=v4OiOt7DHIA\" class=\"flex items-center gap-xs btn-primary\">\n            <svg xmlns=\"http:\/\/www.w3.org\/2000\/svg\" width=\"23\" height=\"16\" viewBox=\"0 0 23 16\" fill=\"none\">\n                <path class=\"transition duration-300 ease-in-out\" d=\"M21.8863 8.70711C22.2769 8.31658 22.2769 7.68342 21.8863 7.29289L15.5224 0.928932C15.1318 0.538408 14.4987 0.538408 14.1082 0.928932C13.7176 1.31946 13.7176 1.95262 14.1082 2.34315L19.765 8L14.1082 13.6569C13.7176 14.0474 13.7176 14.6805 14.1082 15.0711C14.4987 15.4616 15.1318 15.4616 15.5224 15.0711L21.8863 8.70711ZM0 9H21.1792V7H0V9Z\" fill=\"black\"\/>\n            <\/svg>\n            Mehr erfahren        <\/a>\n                <\/div>\n    <\/div>\n    <div class=\"teaser-small-single\">\n                    <a href=\"https:\/\/www.youtube.com\/watch?v=V5YKGixDuRY\" target=\"_blank\">\n                            <div class=\"overflow-hidden relative mb-6 teaser-small-single-image aspect-4\/3 grayscale-mask aniMe\"> <img loading=\"lazy\" decoding=\"async\" width=\"1000\" height=\"665\" src=\"https:\/\/festival-of-lights.de\/wp-content\/uploads\/2023\/08\/Clockwork-1.jpg\" class=\"h-full w-full object-cover z-0 transform scale-105 transition duration-300 grayscale-overlay\" alt=\"\" srcset=\"https:\/\/festival-of-lights.de\/wp-content\/uploads\/2023\/08\/Clockwork-1.jpg 1000w, https:\/\/festival-of-lights.de\/wp-content\/uploads\/2023\/08\/Clockwork-1-300x200.jpg 300w, https:\/\/festival-of-lights.de\/wp-content\/uploads\/2023\/08\/Clockwork-1-768x511.jpg 768w\" sizes=\"auto, (max-width: 1000px) 100vw, 1000px\" \/>                <\/div> \n            <\/a>         <div class=\"content aniMe\">\n            <p class=\"pb-6 w-full font-bold text-h4\">Clockwork<\/p>\n                    <a target=\"_blank\" href=\"https:\/\/www.youtube.com\/watch?v=V5YKGixDuRY\" class=\"flex items-center gap-xs btn-primary\">\n            <svg xmlns=\"http:\/\/www.w3.org\/2000\/svg\" width=\"23\" height=\"16\" viewBox=\"0 0 23 16\" fill=\"none\">\n                <path class=\"transition duration-300 ease-in-out\" d=\"M21.8863 8.70711C22.2769 8.31658 22.2769 7.68342 21.8863 7.29289L15.5224 0.928932C15.1318 0.538408 14.4987 0.538408 14.1082 0.928932C13.7176 1.31946 13.7176 1.95262 14.1082 2.34315L19.765 8L14.1082 13.6569C13.7176 14.0474 13.7176 14.6805 14.1082 15.0711C14.4987 15.4616 15.1318 15.4616 15.5224 15.0711L21.8863 8.70711ZM0 9H21.1792V7H0V9Z\" fill=\"black\"\/>\n            <\/svg>\n            Mehr erfahren        <\/a>\n                <\/div>\n    <\/div>\n            <\/div>\n        <\/div>\n    <\/div>\n<\/section>\n\n<section class=\"module-spacer bg-bg-darkBlue pt-10 md:pt-14 xl:pt-20\">\n<\/section>","protected":false},"excerpt":{"rendered":"","protected":false},"author":1,"featured_media":0,"parent":0,"menu_order":0,"comment_status":"closed","ping_status":"closed","template":"","meta":{"_acf_changed":false,"footnotes":""},"class_list":["post-39191","page","type-page","status-publish","hentry"],"acf":[],"yoast_head":"<!-- This site is optimized with the Yoast SEO plugin v25.6 - https:\/\/yoast.com\/wordpress\/plugins\/seo\/ -->\n<title>World Championship of Projection Mapping 2015: Brandenburger Tor - Festival of Lights<\/title>\n<meta name=\"robots\" content=\"index, follow, max-snippet:-1, max-image-preview:large, max-video-preview:-1\" \/>\n<link rel=\"canonical\" href=\"https:\/\/festival-of-lights.de\/de\/world-championship-of-projection-mapping-2015-brandenburger-tor\/\" \/>\n<meta property=\"og:locale\" content=\"de_DE\" \/>\n<meta property=\"og:type\" content=\"article\" \/>\n<meta property=\"og:title\" content=\"World Championship of Projection Mapping 2015: Brandenburger Tor - Festival of Lights\" \/>\n<meta property=\"og:url\" content=\"https:\/\/festival-of-lights.de\/de\/world-championship-of-projection-mapping-2015-brandenburger-tor\/\" \/>\n<meta property=\"og:site_name\" content=\"Festival of Lights\" \/>\n<meta property=\"article:publisher\" content=\"https:\/\/www.facebook.com\/FestivalOfLights\" \/>\n<meta property=\"article:modified_time\" content=\"2023-08-29T08:16:19+00:00\" \/>\n<meta name=\"twitter:card\" content=\"summary_large_image\" \/>\n<script type=\"application\/ld+json\" class=\"yoast-schema-graph\">{\"@context\":\"https:\/\/schema.org\",\"@graph\":[{\"@type\":\"WebPage\",\"@id\":\"https:\/\/festival-of-lights.de\/de\/world-championship-of-projection-mapping-2015-brandenburger-tor\/\",\"url\":\"https:\/\/festival-of-lights.de\/de\/world-championship-of-projection-mapping-2015-brandenburger-tor\/\",\"name\":\"World Championship of Projection Mapping 2015: Brandenburger Tor - Festival of Lights\",\"isPartOf\":{\"@id\":\"https:\/\/festival-of-lights.de\/de\/#website\"},\"datePublished\":\"2023-08-28T06:08:35+00:00\",\"dateModified\":\"2023-08-29T08:16:19+00:00\",\"breadcrumb\":{\"@id\":\"https:\/\/festival-of-lights.de\/de\/world-championship-of-projection-mapping-2015-brandenburger-tor\/#breadcrumb\"},\"inLanguage\":\"de\",\"potentialAction\":[{\"@type\":\"ReadAction\",\"target\":[\"https:\/\/festival-of-lights.de\/de\/world-championship-of-projection-mapping-2015-brandenburger-tor\/\"]}]},{\"@type\":\"BreadcrumbList\",\"@id\":\"https:\/\/festival-of-lights.de\/de\/world-championship-of-projection-mapping-2015-brandenburger-tor\/#breadcrumb\",\"itemListElement\":[{\"@type\":\"ListItem\",\"position\":1,\"name\":\"Startseite\",\"item\":\"https:\/\/festival-of-lights.de\/de\/\"},{\"@type\":\"ListItem\",\"position\":2,\"name\":\"World Championship of Projection Mapping 2015: Brandenburger Tor\"}]},{\"@type\":\"WebSite\",\"@id\":\"https:\/\/festival-of-lights.de\/de\/#website\",\"url\":\"https:\/\/festival-of-lights.de\/de\/\",\"name\":\"Festival of Lights Berlin\",\"description\":\"\",\"publisher\":{\"@id\":\"https:\/\/festival-of-lights.de\/de\/#organization\"},\"potentialAction\":[{\"@type\":\"SearchAction\",\"target\":{\"@type\":\"EntryPoint\",\"urlTemplate\":\"https:\/\/festival-of-lights.de\/de\/?s={search_term_string}\"},\"query-input\":{\"@type\":\"PropertyValueSpecification\",\"valueRequired\":true,\"valueName\":\"search_term_string\"}}],\"inLanguage\":\"de\"},{\"@type\":\"Organization\",\"@id\":\"https:\/\/festival-of-lights.de\/de\/#organization\",\"name\":\"Festival of Lights\",\"url\":\"https:\/\/festival-of-lights.de\/de\/\",\"logo\":{\"@type\":\"ImageObject\",\"inLanguage\":\"de\",\"@id\":\"https:\/\/festival-of-lights.de\/de\/#\/schema\/logo\/image\/\",\"url\":\"https:\/\/festival-of-lights.de\/wp-content\/uploads\/2023\/08\/cropped-logo.png\",\"contentUrl\":\"https:\/\/festival-of-lights.de\/wp-content\/uploads\/2023\/08\/cropped-logo.png\",\"width\":230,\"height\":230,\"caption\":\"Festival of Lights\"},\"image\":{\"@id\":\"https:\/\/festival-of-lights.de\/de\/#\/schema\/logo\/image\/\"},\"sameAs\":[\"https:\/\/www.facebook.com\/FestivalOfLights\",\"https:\/\/www.tiktok.com\/@berlinfestivaloflights\",\"https:\/\/www.instagram.com\/berlinfestivaloflights\"]}]}<\/script>\n<!-- \/ Yoast SEO plugin. -->","yoast_head_json":{"title":"World Championship of Projection Mapping 2015: Brandenburger Tor - Festival of Lights","robots":{"index":"index","follow":"follow","max-snippet":"max-snippet:-1","max-image-preview":"max-image-preview:large","max-video-preview":"max-video-preview:-1"},"canonical":"https:\/\/festival-of-lights.de\/de\/world-championship-of-projection-mapping-2015-brandenburger-tor\/","og_locale":"de_DE","og_type":"article","og_title":"World Championship of Projection Mapping 2015: Brandenburger Tor - Festival of Lights","og_url":"https:\/\/festival-of-lights.de\/de\/world-championship-of-projection-mapping-2015-brandenburger-tor\/","og_site_name":"Festival of Lights","article_publisher":"https:\/\/www.facebook.com\/FestivalOfLights","article_modified_time":"2023-08-29T08:16:19+00:00","twitter_card":"summary_large_image","schema":{"@context":"https:\/\/schema.org","@graph":[{"@type":"WebPage","@id":"https:\/\/festival-of-lights.de\/de\/world-championship-of-projection-mapping-2015-brandenburger-tor\/","url":"https:\/\/festival-of-lights.de\/de\/world-championship-of-projection-mapping-2015-brandenburger-tor\/","name":"World Championship of Projection Mapping 2015: Brandenburger Tor - Festival of Lights","isPartOf":{"@id":"https:\/\/festival-of-lights.de\/de\/#website"},"datePublished":"2023-08-28T06:08:35+00:00","dateModified":"2023-08-29T08:16:19+00:00","breadcrumb":{"@id":"https:\/\/festival-of-lights.de\/de\/world-championship-of-projection-mapping-2015-brandenburger-tor\/#breadcrumb"},"inLanguage":"de","potentialAction":[{"@type":"ReadAction","target":["https:\/\/festival-of-lights.de\/de\/world-championship-of-projection-mapping-2015-brandenburger-tor\/"]}]},{"@type":"BreadcrumbList","@id":"https:\/\/festival-of-lights.de\/de\/world-championship-of-projection-mapping-2015-brandenburger-tor\/#breadcrumb","itemListElement":[{"@type":"ListItem","position":1,"name":"Startseite","item":"https:\/\/festival-of-lights.de\/de\/"},{"@type":"ListItem","position":2,"name":"World Championship of Projection Mapping 2015: Brandenburger Tor"}]},{"@type":"WebSite","@id":"https:\/\/festival-of-lights.de\/de\/#website","url":"https:\/\/festival-of-lights.de\/de\/","name":"Festival of Lights Berlin","description":"","publisher":{"@id":"https:\/\/festival-of-lights.de\/de\/#organization"},"potentialAction":[{"@type":"SearchAction","target":{"@type":"EntryPoint","urlTemplate":"https:\/\/festival-of-lights.de\/de\/?s={search_term_string}"},"query-input":{"@type":"PropertyValueSpecification","valueRequired":true,"valueName":"search_term_string"}}],"inLanguage":"de"},{"@type":"Organization","@id":"https:\/\/festival-of-lights.de\/de\/#organization","name":"Festival of Lights","url":"https:\/\/festival-of-lights.de\/de\/","logo":{"@type":"ImageObject","inLanguage":"de","@id":"https:\/\/festival-of-lights.de\/de\/#\/schema\/logo\/image\/","url":"https:\/\/festival-of-lights.de\/wp-content\/uploads\/2023\/08\/cropped-logo.png","contentUrl":"https:\/\/festival-of-lights.de\/wp-content\/uploads\/2023\/08\/cropped-logo.png","width":230,"height":230,"caption":"Festival of Lights"},"image":{"@id":"https:\/\/festival-of-lights.de\/de\/#\/schema\/logo\/image\/"},"sameAs":["https:\/\/www.facebook.com\/FestivalOfLights","https:\/\/www.tiktok.com\/@berlinfestivaloflights","https:\/\/www.instagram.com\/berlinfestivaloflights"]}]}},"_links":{"self":[{"href":"https:\/\/festival-of-lights.de\/de\/wp-json\/wp\/v2\/pages\/39191","targetHints":{"allow":["GET"]}}],"collection":[{"href":"https:\/\/festival-of-lights.de\/de\/wp-json\/wp\/v2\/pages"}],"about":[{"href":"https:\/\/festival-of-lights.de\/de\/wp-json\/wp\/v2\/types\/page"}],"author":[{"embeddable":true,"href":"https:\/\/festival-of-lights.de\/de\/wp-json\/wp\/v2\/users\/1"}],"replies":[{"embeddable":true,"href":"https:\/\/festival-of-lights.de\/de\/wp-json\/wp\/v2\/comments?post=39191"}],"version-history":[{"count":18,"href":"https:\/\/festival-of-lights.de\/de\/wp-json\/wp\/v2\/pages\/39191\/revisions"}],"predecessor-version":[{"id":39704,"href":"https:\/\/festival-of-lights.de\/de\/wp-json\/wp\/v2\/pages\/39191\/revisions\/39704"}],"wp:attachment":[{"href":"https:\/\/festival-of-lights.de\/de\/wp-json\/wp\/v2\/media?parent=39191"}],"curies":[{"name":"wp","href":"https:\/\/api.w.org\/{rel}","templated":true}]}}