{"id":48494,"date":"2024-08-12T11:53:28","date_gmt":"2024-08-12T09:53:28","guid":{"rendered":"https:\/\/festival-of-lights.de\/?page_id=48494"},"modified":"2025-08-08T18:28:28","modified_gmt":"2025-08-08T16:28:28","slug":"handwerkskammer-berlin","status":"publish","type":"page","link":"https:\/\/festival-of-lights.de\/de\/unsere-partnerinnen-2024\/handwerkskammer-berlin\/","title":{"rendered":"Handwerkskammer Berlin"},"content":{"rendered":"<section class=\"module-spacer bg-bg-darkBlue pt-10 md:pt-14 xl:pt-20\">\n<\/section>\n\n<section class=\"basic-content-module bg-bg-darkBlue text-text-default\">\n  <div class=\"px-xs py-md lg:py-2xl aniMe text-intro dark:!bg-transparent dark:!text-white text-left\">\n            <div class=\"mx-auto max-w-content basic-content-module__headline\"><h2 class='grayscale-overlay relative headline-element align-left text-h3 font-bold md:text-h1 lg:text-[128px] mb-4 md:mb-4 z-0 basic-content-module__headline-big'>\n    \n    <span class='relative align-left text-h3 font-bold md:text-h1 lg:text-[128px] mb-4 md:mb-4 z-0 basic-content-module__headline-big'>\n    <span class='absolute top-0 left-0 z-0 -translate-x-1\/2 -translate-y-1\/2 light w-[300px] h-[300px]'>\n    <svg class='w-full h-full ' xmlns='http:\/\/www.w3.org\/2000\/svg' width='542' height='542' viewBox='0 0 542 542' fill='none'>\n      <g filter='url(#filter0_f_569_1018)'>\n        <circle cx='271' cy='271' r='121' fill='#9AE8FF' fill-opacity='0.5'\/>\n      <\/g>\n      <defs>\n        <filter id='filter0_f_569_1018' x='0' y='0' width='542' height='542' filterUnits='userSpaceOnUse' color-interpolation-filters='sRGB'>\n          <feFlood flood-opacity='0' result='BackgroundImageFix'\/>\n          <feBlend mode='normal' in='SourceGraphic' in2='BackgroundImageFix' result='shape'\/>\n          <feGaussianBlur stdDeviation='75' result='effect1_foregroundBlur_569_1018'\/>\n        <\/filter>\n      <\/defs>\n    <\/svg>\n  <\/span>\n    Handwerkskammer Berlin<\/span>\n    <\/h2><\/div>\n          <\/div>\n<\/section>\n\n<section class=\"text-image bg-bg-darkBlue text-text-default\">\n    <div class=\"dark:!text-white dark:!bg-transparent\">\n        <div class=\"container mx-auto max-w-screen-xl px-xs py-md text-image\">\n            <div class=\"mx-auto items-center grid text-copy md:grid-cols-2 gap-x-10 align-left\">\n                                    <div class=\"text-image__image aniMe grayscale-mask relative mb-0 order-1 mt-4 md:mt-8\"> \n                        <img loading=\"lazy\" decoding=\"async\" width=\"1024\" height=\"683\" src=\"https:\/\/festival-of-lights.de\/wp-content\/uploads\/2025\/08\/FoL2024_HWK-Berlin_07_web-1024x683.jpg\" class=\"z-10 grayscale-overlay\" alt=\"\" srcset=\"https:\/\/festival-of-lights.de\/wp-content\/uploads\/2025\/08\/FoL2024_HWK-Berlin_07_web-1024x683.jpg 1024w, https:\/\/festival-of-lights.de\/wp-content\/uploads\/2025\/08\/FoL2024_HWK-Berlin_07_web-300x200.jpg 300w, https:\/\/festival-of-lights.de\/wp-content\/uploads\/2025\/08\/FoL2024_HWK-Berlin_07_web-768x512.jpg 768w, https:\/\/festival-of-lights.de\/wp-content\/uploads\/2025\/08\/FoL2024_HWK-Berlin_07_web-1536x1024.jpg 1536w, https:\/\/festival-of-lights.de\/wp-content\/uploads\/2025\/08\/FoL2024_HWK-Berlin_07_web-1240x827.jpg 1240w, https:\/\/festival-of-lights.de\/wp-content\/uploads\/2025\/08\/FoL2024_HWK-Berlin_07_web.jpg 1600w\" sizes=\"auto, (max-width: 1024px) 100vw, 1024px\" \/>                    <\/div>                 <div class=\"text-image__col1 py-4 lg:py-10 aniMe flex flex-col left\">\n                    <h3 class='grayscale-overlay relative headline-element align-left mb-4 md:mb-8'>\n    \n    <span class='relative align-left mb-4 md:mb-8'>\n    <span class='absolute top-0 left-0 z-0 -translate-x-1\/2 -translate-y-1\/2 light w-[300px] h-[300px]'>\n    <svg class='w-full h-full ' xmlns='http:\/\/www.w3.org\/2000\/svg' width='542' height='542' viewBox='0 0 542 542' fill='none'>\n      <g filter='url(#filter0_f_569_1018)'>\n        <circle cx='271' cy='271' r='121' fill='#9AE8FF' fill-opacity='0.5'\/>\n      <\/g>\n      <defs>\n        <filter id='filter0_f_569_1018' x='0' y='0' width='542' height='542' filterUnits='userSpaceOnUse' color-interpolation-filters='sRGB'>\n          <feFlood flood-opacity='0' result='BackgroundImageFix'\/>\n          <feBlend mode='normal' in='SourceGraphic' in2='BackgroundImageFix' result='shape'\/>\n          <feGaussianBlur stdDeviation='75' result='effect1_foregroundBlur_569_1018'\/>\n        <\/filter>\n      <\/defs>\n    <\/svg>\n  <\/span>\n    Leuchtende Zeitreise durch 125 Jahre Berliner Handwerk <\/span>\n    <\/h3><div class='text-element align-left '><div class=\"text-element align-left \">\n<p>Seit 125 Jahren steht die Handwerkskammer Berlin als starke Partnerin und Impulsgeberin an der Seite ihrer Mitglieder. Dieses Jubil\u00e4um wird auch beim diesj\u00e4hrigen Festival of Lights sichtbar: In einer beeindruckenden Lichtshow, die das Geb\u00e4ude der Handwerkskammer Berlin vom 8. bis 15. Oktober illuminiert, begeben wir uns auf eine Zeitreise durch die letzten 125 Jahre Berliner Handwerksgeschichte.<\/p>\n<p>Diese Geschichte ist gepr\u00e4gt von bedeutenden Meilensteinen und Menschen, die das Handwerk in der Hauptstadt geformt und stetig weiterentwickelt haben \u2013 und sie zeigt, wie lebendig, vielf\u00e4ltig und zukunftsf\u00e4hig das Handwerk heute ist.<\/p>\n<\/div>\n<\/div>        <a target=\"_blank\" href=\"http:\/\/www.125jahre.hwk-berlin.de\" class=\"flex items-center gap-xs btn-primary mt-10 z-[999999]\">\n            <svg xmlns=\"http:\/\/www.w3.org\/2000\/svg\" width=\"23\" height=\"16\" viewBox=\"0 0 23 16\" fill=\"none\">\n                <path class=\"transition duration-300 ease-in-out\" d=\"M21.8863 8.70711C22.2769 8.31658 22.2769 7.68342 21.8863 7.29289L15.5224 0.928932C15.1318 0.538408 14.4987 0.538408 14.1082 0.928932C13.7176 1.31946 13.7176 1.95262 14.1082 2.34315L19.765 8L14.1082 13.6569C13.7176 14.0474 13.7176 14.6805 14.1082 15.0711C14.4987 15.4616 15.1318 15.4616 15.5224 15.0711L21.8863 8.70711ZM0 9H21.1792V7H0V9Z\" fill=\"black\"\/>\n            <\/svg>\n            Zur Website        <\/a>\n                        <\/div>\n            <\/div>\n        <\/div>\n    <\/div>\n<\/section>\n\n<section class=\"text-image bg-bg-darkBlue text-text-default\">\n    <div class=\"dark:!text-white dark:!bg-transparent\">\n        <div class=\"container mx-auto max-w-screen-xl px-xs py-md text-image\">\n            <div class=\"mx-auto items-center grid text-copy md:grid-cols-2 gap-x-10 align-left\">\n                                    <div class=\"text-image__image aniMe grayscale-mask relative mb-0 order-2 md:order-[unset] mt-4 md:mt-8\"> \n                        <img loading=\"lazy\" decoding=\"async\" width=\"1024\" height=\"375\" src=\"https:\/\/festival-of-lights.de\/wp-content\/uploads\/2024\/08\/HWK_Berlin_W_M-1024x375.png\" class=\"z-10 grayscale-overlay\" alt=\"\" srcset=\"https:\/\/festival-of-lights.de\/wp-content\/uploads\/2024\/08\/HWK_Berlin_W_M-1024x375.png 1024w, https:\/\/festival-of-lights.de\/wp-content\/uploads\/2024\/08\/HWK_Berlin_W_M-300x110.png 300w, https:\/\/festival-of-lights.de\/wp-content\/uploads\/2024\/08\/HWK_Berlin_W_M-768x281.png 768w, https:\/\/festival-of-lights.de\/wp-content\/uploads\/2024\/08\/HWK_Berlin_W_M-1536x563.png 1536w, https:\/\/festival-of-lights.de\/wp-content\/uploads\/2024\/08\/HWK_Berlin_W_M-1900x696.png 1900w, https:\/\/festival-of-lights.de\/wp-content\/uploads\/2024\/08\/HWK_Berlin_W_M-1240x454.png 1240w, https:\/\/festival-of-lights.de\/wp-content\/uploads\/2024\/08\/HWK_Berlin_W_M.png 1936w\" sizes=\"auto, (max-width: 1024px) 100vw, 1024px\" \/>                    <\/div>                 <div class=\"text-image__col1 py-4 lg:py-10 aniMe flex flex-col right\">\n                    <div class='text-element align-left '><div class=\"text-element align-left \">\n<p>Die Handwerkskammer Berlin ist als K\u00f6rperschaft \u00f6ffentlichen Rechts erste Ansprechpartnerin f\u00fcr mehr als 29.500 Handwerksbetriebe in Berlin. Zu den Kernaufgaben der Handwerkskammer z\u00e4hlen neben Aspekten der hoheitlichen Selbstverwaltung des Handwerks \u2013 wie etwa Ausbildung, Pr\u00fcfungswesen und F\u00fchren der Handwerks- und Lehrlingsrolle \u2013 auch berufliche Bildungsangebote, Nachwuchskr\u00e4ftef\u00f6rderung und vielf\u00e4ltige Beratungsangebote f\u00fcr Betriebsinhaber*innen, wie beispielsweise zu Themen der Betriebs\u00fcbergabe an nachfolgende Generationen.<\/p>\n<\/div>\n<\/div>                <\/div>\n            <\/div>\n        <\/div>\n    <\/div>\n<\/section>\n\n<section class=\"module-spacer bg-bg-darkBlue pt-7 md:pt-10 xl:pt-14\">\n<\/section>","protected":false},"excerpt":{"rendered":"","protected":false},"author":2,"featured_media":0,"parent":48065,"menu_order":1,"comment_status":"closed","ping_status":"closed","template":"","meta":{"_acf_changed":false,"footnotes":""},"class_list":["post-48494","page","type-page","status-publish","hentry"],"acf":[],"yoast_head":"<!-- This site is optimized with the Yoast SEO plugin v25.6 - https:\/\/yoast.com\/wordpress\/plugins\/seo\/ -->\n<title>Handwerkskammer Berlin - Festival of Lights<\/title>\n<meta name=\"robots\" content=\"index, follow, max-snippet:-1, max-image-preview:large, max-video-preview:-1\" \/>\n<link rel=\"canonical\" href=\"https:\/\/festival-of-lights.de\/de\/unsere-partnerinnen-2024\/handwerkskammer-berlin\/\" \/>\n<meta property=\"og:locale\" content=\"de_DE\" \/>\n<meta property=\"og:type\" content=\"article\" \/>\n<meta property=\"og:title\" content=\"Handwerkskammer Berlin - Festival of Lights\" \/>\n<meta property=\"og:url\" content=\"https:\/\/festival-of-lights.de\/de\/unsere-partnerinnen-2024\/handwerkskammer-berlin\/\" \/>\n<meta property=\"og:site_name\" content=\"Festival of Lights\" \/>\n<meta property=\"article:publisher\" content=\"https:\/\/www.facebook.com\/FestivalOfLights\" \/>\n<meta property=\"article:modified_time\" content=\"2025-08-08T16:28:28+00:00\" \/>\n<meta name=\"twitter:card\" content=\"summary_large_image\" \/>\n<script type=\"application\/ld+json\" class=\"yoast-schema-graph\">{\"@context\":\"https:\/\/schema.org\",\"@graph\":[{\"@type\":\"WebPage\",\"@id\":\"https:\/\/festival-of-lights.de\/de\/unsere-partnerinnen-2024\/handwerkskammer-berlin\/\",\"url\":\"https:\/\/festival-of-lights.de\/de\/unsere-partnerinnen-2024\/handwerkskammer-berlin\/\",\"name\":\"Handwerkskammer Berlin - Festival of Lights\",\"isPartOf\":{\"@id\":\"https:\/\/festival-of-lights.de\/de\/#website\"},\"datePublished\":\"2024-08-12T09:53:28+00:00\",\"dateModified\":\"2025-08-08T16:28:28+00:00\",\"breadcrumb\":{\"@id\":\"https:\/\/festival-of-lights.de\/de\/unsere-partnerinnen-2024\/handwerkskammer-berlin\/#breadcrumb\"},\"inLanguage\":\"de\",\"potentialAction\":[{\"@type\":\"ReadAction\",\"target\":[\"https:\/\/festival-of-lights.de\/de\/unsere-partnerinnen-2024\/handwerkskammer-berlin\/\"]}]},{\"@type\":\"BreadcrumbList\",\"@id\":\"https:\/\/festival-of-lights.de\/de\/unsere-partnerinnen-2024\/handwerkskammer-berlin\/#breadcrumb\",\"itemListElement\":[{\"@type\":\"ListItem\",\"position\":1,\"name\":\"Startseite\",\"item\":\"https:\/\/festival-of-lights.de\/de\/\"},{\"@type\":\"ListItem\",\"position\":2,\"name\":\"Unsere Partner*innen 2024\",\"item\":\"https:\/\/festival-of-lights.de\/de\/unsere-partnerinnen-2024\/\"},{\"@type\":\"ListItem\",\"position\":3,\"name\":\"Handwerkskammer Berlin\"}]},{\"@type\":\"WebSite\",\"@id\":\"https:\/\/festival-of-lights.de\/de\/#website\",\"url\":\"https:\/\/festival-of-lights.de\/de\/\",\"name\":\"Festival of Lights Berlin\",\"description\":\"\",\"publisher\":{\"@id\":\"https:\/\/festival-of-lights.de\/de\/#organization\"},\"potentialAction\":[{\"@type\":\"SearchAction\",\"target\":{\"@type\":\"EntryPoint\",\"urlTemplate\":\"https:\/\/festival-of-lights.de\/de\/?s={search_term_string}\"},\"query-input\":{\"@type\":\"PropertyValueSpecification\",\"valueRequired\":true,\"valueName\":\"search_term_string\"}}],\"inLanguage\":\"de\"},{\"@type\":\"Organization\",\"@id\":\"https:\/\/festival-of-lights.de\/de\/#organization\",\"name\":\"Festival of Lights\",\"url\":\"https:\/\/festival-of-lights.de\/de\/\",\"logo\":{\"@type\":\"ImageObject\",\"inLanguage\":\"de\",\"@id\":\"https:\/\/festival-of-lights.de\/de\/#\/schema\/logo\/image\/\",\"url\":\"https:\/\/festival-of-lights.de\/wp-content\/uploads\/2023\/08\/cropped-logo.png\",\"contentUrl\":\"https:\/\/festival-of-lights.de\/wp-content\/uploads\/2023\/08\/cropped-logo.png\",\"width\":230,\"height\":230,\"caption\":\"Festival of Lights\"},\"image\":{\"@id\":\"https:\/\/festival-of-lights.de\/de\/#\/schema\/logo\/image\/\"},\"sameAs\":[\"https:\/\/www.facebook.com\/FestivalOfLights\",\"https:\/\/www.tiktok.com\/@berlinfestivaloflights\",\"https:\/\/www.instagram.com\/berlinfestivaloflights\"]}]}<\/script>\n<!-- \/ Yoast SEO plugin. -->","yoast_head_json":{"title":"Handwerkskammer Berlin - Festival of Lights","robots":{"index":"index","follow":"follow","max-snippet":"max-snippet:-1","max-image-preview":"max-image-preview:large","max-video-preview":"max-video-preview:-1"},"canonical":"https:\/\/festival-of-lights.de\/de\/unsere-partnerinnen-2024\/handwerkskammer-berlin\/","og_locale":"de_DE","og_type":"article","og_title":"Handwerkskammer Berlin - Festival of Lights","og_url":"https:\/\/festival-of-lights.de\/de\/unsere-partnerinnen-2024\/handwerkskammer-berlin\/","og_site_name":"Festival of Lights","article_publisher":"https:\/\/www.facebook.com\/FestivalOfLights","article_modified_time":"2025-08-08T16:28:28+00:00","twitter_card":"summary_large_image","schema":{"@context":"https:\/\/schema.org","@graph":[{"@type":"WebPage","@id":"https:\/\/festival-of-lights.de\/de\/unsere-partnerinnen-2024\/handwerkskammer-berlin\/","url":"https:\/\/festival-of-lights.de\/de\/unsere-partnerinnen-2024\/handwerkskammer-berlin\/","name":"Handwerkskammer Berlin - Festival of Lights","isPartOf":{"@id":"https:\/\/festival-of-lights.de\/de\/#website"},"datePublished":"2024-08-12T09:53:28+00:00","dateModified":"2025-08-08T16:28:28+00:00","breadcrumb":{"@id":"https:\/\/festival-of-lights.de\/de\/unsere-partnerinnen-2024\/handwerkskammer-berlin\/#breadcrumb"},"inLanguage":"de","potentialAction":[{"@type":"ReadAction","target":["https:\/\/festival-of-lights.de\/de\/unsere-partnerinnen-2024\/handwerkskammer-berlin\/"]}]},{"@type":"BreadcrumbList","@id":"https:\/\/festival-of-lights.de\/de\/unsere-partnerinnen-2024\/handwerkskammer-berlin\/#breadcrumb","itemListElement":[{"@type":"ListItem","position":1,"name":"Startseite","item":"https:\/\/festival-of-lights.de\/de\/"},{"@type":"ListItem","position":2,"name":"Unsere Partner*innen 2024","item":"https:\/\/festival-of-lights.de\/de\/unsere-partnerinnen-2024\/"},{"@type":"ListItem","position":3,"name":"Handwerkskammer Berlin"}]},{"@type":"WebSite","@id":"https:\/\/festival-of-lights.de\/de\/#website","url":"https:\/\/festival-of-lights.de\/de\/","name":"Festival of Lights Berlin","description":"","publisher":{"@id":"https:\/\/festival-of-lights.de\/de\/#organization"},"potentialAction":[{"@type":"SearchAction","target":{"@type":"EntryPoint","urlTemplate":"https:\/\/festival-of-lights.de\/de\/?s={search_term_string}"},"query-input":{"@type":"PropertyValueSpecification","valueRequired":true,"valueName":"search_term_string"}}],"inLanguage":"de"},{"@type":"Organization","@id":"https:\/\/festival-of-lights.de\/de\/#organization","name":"Festival of Lights","url":"https:\/\/festival-of-lights.de\/de\/","logo":{"@type":"ImageObject","inLanguage":"de","@id":"https:\/\/festival-of-lights.de\/de\/#\/schema\/logo\/image\/","url":"https:\/\/festival-of-lights.de\/wp-content\/uploads\/2023\/08\/cropped-logo.png","contentUrl":"https:\/\/festival-of-lights.de\/wp-content\/uploads\/2023\/08\/cropped-logo.png","width":230,"height":230,"caption":"Festival of Lights"},"image":{"@id":"https:\/\/festival-of-lights.de\/de\/#\/schema\/logo\/image\/"},"sameAs":["https:\/\/www.facebook.com\/FestivalOfLights","https:\/\/www.tiktok.com\/@berlinfestivaloflights","https:\/\/www.instagram.com\/berlinfestivaloflights"]}]}},"_links":{"self":[{"href":"https:\/\/festival-of-lights.de\/de\/wp-json\/wp\/v2\/pages\/48494","targetHints":{"allow":["GET"]}}],"collection":[{"href":"https:\/\/festival-of-lights.de\/de\/wp-json\/wp\/v2\/pages"}],"about":[{"href":"https:\/\/festival-of-lights.de\/de\/wp-json\/wp\/v2\/types\/page"}],"author":[{"embeddable":true,"href":"https:\/\/festival-of-lights.de\/de\/wp-json\/wp\/v2\/users\/2"}],"replies":[{"embeddable":true,"href":"https:\/\/festival-of-lights.de\/de\/wp-json\/wp\/v2\/comments?post=48494"}],"version-history":[{"count":9,"href":"https:\/\/festival-of-lights.de\/de\/wp-json\/wp\/v2\/pages\/48494\/revisions"}],"predecessor-version":[{"id":55449,"href":"https:\/\/festival-of-lights.de\/de\/wp-json\/wp\/v2\/pages\/48494\/revisions\/55449"}],"up":[{"embeddable":true,"href":"https:\/\/festival-of-lights.de\/de\/wp-json\/wp\/v2\/pages\/48065"}],"wp:attachment":[{"href":"https:\/\/festival-of-lights.de\/de\/wp-json\/wp\/v2\/media?parent=48494"}],"curies":[{"name":"wp","href":"https:\/\/api.w.org\/{rel}","templated":true}]}}