{"id":55426,"date":"2025-08-08T18:03:08","date_gmt":"2025-08-08T16:03:08","guid":{"rendered":"https:\/\/festival-of-lights.de\/?page_id=55426"},"modified":"2025-08-29T17:31:13","modified_gmt":"2025-08-29T15:31:13","slug":"pandora","status":"publish","type":"page","link":"https:\/\/festival-of-lights.de\/de\/unsere-partner\/pandora\/","title":{"rendered":"PANDORA"},"content":{"rendered":"<section class=\"module-spacer bg-bg-darkBlue pt-10 md:pt-14 xl:pt-20\">\n<\/section>\n\n<section class=\"basic-content-module bg-bg-darkBlue text-text-default\">\n  <div class=\"px-xs py-md lg:py-2xl aniMe text-intro dark:!bg-transparent dark:!text-white text-left\">\n            <div class=\"mx-auto max-w-content basic-content-module__headline\"><h2 class='grayscale-overlay relative headline-element align-left text-h3 font-bold md:text-h1 lg:text-[128px] mb-4 md:mb-4 z-0 basic-content-module__headline-big'>\n    \n    <span class='relative align-left text-h3 font-bold md:text-h1 lg:text-[128px] mb-4 md:mb-4 z-0 basic-content-module__headline-big'>\n    <span class='absolute top-0 left-0 z-0 -translate-x-1\/2 -translate-y-1\/2 light w-[300px] h-[300px]'>\n    <svg class='w-full h-full ' xmlns='http:\/\/www.w3.org\/2000\/svg' width='542' height='542' viewBox='0 0 542 542' fill='none'>\n      <g filter='url(#filter0_f_569_1018)'>\n        <circle cx='271' cy='271' r='121' fill='#9AE8FF' fill-opacity='0.5'\/>\n      <\/g>\n      <defs>\n        <filter id='filter0_f_569_1018' x='0' y='0' width='542' height='542' filterUnits='userSpaceOnUse' color-interpolation-filters='sRGB'>\n          <feFlood flood-opacity='0' result='BackgroundImageFix'\/>\n          <feBlend mode='normal' in='SourceGraphic' in2='BackgroundImageFix' result='shape'\/>\n          <feGaussianBlur stdDeviation='75' result='effect1_foregroundBlur_569_1018'\/>\n        <\/filter>\n      <\/defs>\n    <\/svg>\n  <\/span>\n    Pandora<\/span>\n    <\/h2><\/div>\n          <\/div>\n<\/section>\n\n<section class=\"text-image bg-bg-darkBlue text-text-default\">\n    <div class=\"dark:!text-white dark:!bg-transparent\">\n        <div class=\"container mx-auto max-w-screen-xl px-xs py-md text-image\">\n            <div class=\"mx-auto items-center grid text-copy md:grid-cols-2 gap-x-10 align-left\">\n                                    <div class=\"text-image__image aniMe grayscale-mask relative mb-0 order-2 md:order-[unset] mt-4 md:mt-8\"> \n                        <img loading=\"lazy\" decoding=\"async\" width=\"819\" height=\"1024\" src=\"https:\/\/festival-of-lights.de\/wp-content\/uploads\/2025\/08\/2025Q3E_collection_pme_go_ac_tp_product_04-small-819x1024.jpg\" class=\"z-10 grayscale-overlay\" alt=\"\" srcset=\"https:\/\/festival-of-lights.de\/wp-content\/uploads\/2025\/08\/2025Q3E_collection_pme_go_ac_tp_product_04-small-819x1024.jpg 819w, https:\/\/festival-of-lights.de\/wp-content\/uploads\/2025\/08\/2025Q3E_collection_pme_go_ac_tp_product_04-small-240x300.jpg 240w, https:\/\/festival-of-lights.de\/wp-content\/uploads\/2025\/08\/2025Q3E_collection_pme_go_ac_tp_product_04-small-768x960.jpg 768w, https:\/\/festival-of-lights.de\/wp-content\/uploads\/2025\/08\/2025Q3E_collection_pme_go_ac_tp_product_04-small-1229x1536.jpg 1229w, https:\/\/festival-of-lights.de\/wp-content\/uploads\/2025\/08\/2025Q3E_collection_pme_go_ac_tp_product_04-small-992x1240.jpg 992w, https:\/\/festival-of-lights.de\/wp-content\/uploads\/2025\/08\/2025Q3E_collection_pme_go_ac_tp_product_04-small.jpg 1468w\" sizes=\"auto, (max-width: 819px) 100vw, 819px\" \/>                    <\/div>                 <div class=\"text-image__col1 py-4 lg:py-10 aniMe flex flex-col right\">\n                    <div class='text-element align-left '><p>Mit dem Launch der neuen Kollektion Pandora Talisman pr\u00e4sentiert Pandora ein neues Kapitel im Schmuckdesign. Jedes Schmuckst\u00fcck ist so gestaltet, dass es die Werte widerspiegelt, die es verk\u00f6rpert \u2013 starke Symbole, die kraftvolle Geschichten erz\u00e4hlen.<\/p>\n<p>Berlin als kreative Metropole mit kultureller Strahlkraft bietet das ideale Umfeld, um die Geschichten der Pandora Talisman Kollektion emotional und visuell erlebbar zu machen. Das Festival of Lights vereint Menschen aller Generationen und schafft eine einzigartige Plattform f\u00fcr symboltr\u00e4chtigen Schmuck und pers\u00f6nlichen Ausdruck.<\/p>\n<p>&nbsp;<\/p>\n<\/div>        <a target=\"\" href=\"https:\/\/de.pandora.net\/de\/kollektionen\/pandora-talisman\/\" class=\"flex items-center gap-xs btn-primary mt-10 z-[999999]\">\n            <svg xmlns=\"http:\/\/www.w3.org\/2000\/svg\" width=\"23\" height=\"16\" viewBox=\"0 0 23 16\" fill=\"none\">\n                <path class=\"transition duration-300 ease-in-out\" d=\"M21.8863 8.70711C22.2769 8.31658 22.2769 7.68342 21.8863 7.29289L15.5224 0.928932C15.1318 0.538408 14.4987 0.538408 14.1082 0.928932C13.7176 1.31946 13.7176 1.95262 14.1082 2.34315L19.765 8L14.1082 13.6569C13.7176 14.0474 13.7176 14.6805 14.1082 15.0711C14.4987 15.4616 15.1318 15.4616 15.5224 15.0711L21.8863 8.70711ZM0 9H21.1792V7H0V9Z\" fill=\"black\"\/>\n            <\/svg>\n            Zur Website        <\/a>\n                        <\/div>\n            <\/div>\n        <\/div>\n    <\/div>\n<\/section>\n\n<section class=\"text-image bg-bg-darkBlue text-text-default\">\n    <div class=\"dark:!text-white dark:!bg-transparent\">\n        <div class=\"container mx-auto max-w-screen-xl px-xs py-md text-image\">\n            <div class=\"mx-auto items-center grid text-copy md:grid-cols-2 gap-x-10 align-left\">\n                                    <div class=\"text-image__image aniMe grayscale-mask relative mb-0 order-1 mt-4 md:mt-8\"> \n                        <img loading=\"lazy\" decoding=\"async\" width=\"410\" height=\"276\" src=\"https:\/\/festival-of-lights.de\/wp-content\/uploads\/2025\/08\/Pandora-1.png\" class=\"z-10 grayscale-overlay\" alt=\"\" srcset=\"https:\/\/festival-of-lights.de\/wp-content\/uploads\/2025\/08\/Pandora-1.png 410w, https:\/\/festival-of-lights.de\/wp-content\/uploads\/2025\/08\/Pandora-1-300x202.png 300w\" sizes=\"auto, (max-width: 410px) 100vw, 410px\" \/>                    <\/div>                 <div class=\"text-image__col1 py-4 lg:py-10 aniMe flex flex-col left\">\n                    <div class='text-element align-left '><p>Vom 10. bis 12. Oktober ist Pandora in diesem Jahr Teil des 21. Festival of Lights in Berlin. W\u00e4hrend das Festival durch beeindruckende Lichtkunst Geschichten erz\u00e4hlt, steht auch bei Pandora jedes Charm f\u00fcr eine ganz pers\u00f6nliche Geschichte und symbolisiert besondere Emotionen, die mit geliebten Menschen, unvergesslichen Orten oder individuellen Leidenschaften verbunden sind.<\/p>\n<\/div>                <\/div>\n            <\/div>\n        <\/div>\n    <\/div>\n<\/section>\n\n<section class=\"bg-bg-darkBlue\">\n  <div class=\"gallery-wall-simple-section dark:!bg-transparent dark:!text-white\">\n    <div class=\"gallery-wall-simple relative mx-auto grid gallery-grid-cols-3 gap-1 md:gap-3 lg:gap-5 \">\n     \n      <div data-src=\"https:\/\/festival-of-lights.de\/wp-content\/uploads\/2025\/08\/2025Q3E_collection_pme_go_ac_tp_hand_04-scaled.jpg\" data-sub-html=\".image-description\" class=\"gallery-image grayscale-mask relative aspect-video cursor-pointer \">\n        <img decoding=\"async\" loading=\"lazy\" src=\"https:\/\/festival-of-lights.de\/wp-content\/uploads\/2025\/08\/2025Q3E_collection_pme_go_ac_tp_hand_04-768x512.jpg\" class=\"object-cover object-center w-full h-full image grayscale-overlay\" alt=\"\">            <\/div>\n           \n      <div data-src=\"https:\/\/festival-of-lights.de\/wp-content\/uploads\/2025\/08\/2025Q3E_collection_pme_go_ac_tp_product_03-1small.jpg\" data-sub-html=\".image-description\" class=\"gallery-image grayscale-mask relative aspect-video cursor-pointer \">\n        <img decoding=\"async\" loading=\"lazy\" src=\"https:\/\/festival-of-lights.de\/wp-content\/uploads\/2025\/08\/2025Q3E_collection_pme_go_ac_tp_product_03-1small-768x549.jpg\" class=\"object-cover object-center w-full h-full image grayscale-overlay\" alt=\"\">            <\/div>\n           \n      <div data-src=\"https:\/\/festival-of-lights.de\/wp-content\/uploads\/2025\/08\/2025Q3E_collection_pme_go_pur_tp_product_03.jpg\" data-sub-html=\".image-description\" class=\"gallery-image grayscale-mask relative aspect-video cursor-pointer \">\n        <img decoding=\"async\" loading=\"lazy\" src=\"https:\/\/festival-of-lights.de\/wp-content\/uploads\/2025\/08\/2025Q3E_collection_pme_go_pur_tp_product_03-768x549.jpg\" class=\"object-cover object-center w-full h-full image grayscale-overlay\" alt=\"\">            <\/div>\n              <\/div>\n  <\/div>\n<\/section>\n\n<section class=\"module-spacer bg-bg-darkBlue pt-7 md:pt-10 xl:pt-14\">\n<\/section>","protected":false},"excerpt":{"rendered":"","protected":false},"author":2,"featured_media":0,"parent":31683,"menu_order":1,"comment_status":"closed","ping_status":"closed","template":"","meta":{"_acf_changed":false,"footnotes":""},"class_list":["post-55426","page","type-page","status-publish","hentry"],"acf":[],"yoast_head":"<!-- This site is optimized with the Yoast SEO plugin v25.6 - https:\/\/yoast.com\/wordpress\/plugins\/seo\/ -->\n<title>PANDORA - Festival of Lights<\/title>\n<meta name=\"robots\" content=\"index, follow, max-snippet:-1, max-image-preview:large, max-video-preview:-1\" \/>\n<link rel=\"canonical\" href=\"https:\/\/festival-of-lights.de\/de\/unsere-partner\/pandora\/\" \/>\n<meta property=\"og:locale\" content=\"de_DE\" \/>\n<meta property=\"og:type\" content=\"article\" \/>\n<meta property=\"og:title\" content=\"PANDORA - Festival of Lights\" \/>\n<meta property=\"og:url\" content=\"https:\/\/festival-of-lights.de\/de\/unsere-partner\/pandora\/\" \/>\n<meta property=\"og:site_name\" content=\"Festival of Lights\" \/>\n<meta property=\"article:publisher\" content=\"https:\/\/www.facebook.com\/FestivalOfLights\" \/>\n<meta property=\"article:modified_time\" content=\"2025-08-29T15:31:13+00:00\" \/>\n<meta name=\"twitter:card\" content=\"summary_large_image\" \/>\n<script type=\"application\/ld+json\" class=\"yoast-schema-graph\">{\"@context\":\"https:\/\/schema.org\",\"@graph\":[{\"@type\":\"WebPage\",\"@id\":\"https:\/\/festival-of-lights.de\/de\/unsere-partner\/pandora\/\",\"url\":\"https:\/\/festival-of-lights.de\/de\/unsere-partner\/pandora\/\",\"name\":\"PANDORA - Festival of Lights\",\"isPartOf\":{\"@id\":\"https:\/\/festival-of-lights.de\/de\/#website\"},\"datePublished\":\"2025-08-08T16:03:08+00:00\",\"dateModified\":\"2025-08-29T15:31:13+00:00\",\"breadcrumb\":{\"@id\":\"https:\/\/festival-of-lights.de\/de\/unsere-partner\/pandora\/#breadcrumb\"},\"inLanguage\":\"de\",\"potentialAction\":[{\"@type\":\"ReadAction\",\"target\":[\"https:\/\/festival-of-lights.de\/de\/unsere-partner\/pandora\/\"]}]},{\"@type\":\"BreadcrumbList\",\"@id\":\"https:\/\/festival-of-lights.de\/de\/unsere-partner\/pandora\/#breadcrumb\",\"itemListElement\":[{\"@type\":\"ListItem\",\"position\":1,\"name\":\"Startseite\",\"item\":\"https:\/\/festival-of-lights.de\/de\/\"},{\"@type\":\"ListItem\",\"position\":2,\"name\":\"Unsere Partner*innen 2023\",\"item\":\"https:\/\/festival-of-lights.de\/de\/unsere-partner\/\"},{\"@type\":\"ListItem\",\"position\":3,\"name\":\"PANDORA\"}]},{\"@type\":\"WebSite\",\"@id\":\"https:\/\/festival-of-lights.de\/de\/#website\",\"url\":\"https:\/\/festival-of-lights.de\/de\/\",\"name\":\"Festival of Lights Berlin\",\"description\":\"\",\"publisher\":{\"@id\":\"https:\/\/festival-of-lights.de\/de\/#organization\"},\"potentialAction\":[{\"@type\":\"SearchAction\",\"target\":{\"@type\":\"EntryPoint\",\"urlTemplate\":\"https:\/\/festival-of-lights.de\/de\/?s={search_term_string}\"},\"query-input\":{\"@type\":\"PropertyValueSpecification\",\"valueRequired\":true,\"valueName\":\"search_term_string\"}}],\"inLanguage\":\"de\"},{\"@type\":\"Organization\",\"@id\":\"https:\/\/festival-of-lights.de\/de\/#organization\",\"name\":\"Festival of Lights\",\"url\":\"https:\/\/festival-of-lights.de\/de\/\",\"logo\":{\"@type\":\"ImageObject\",\"inLanguage\":\"de\",\"@id\":\"https:\/\/festival-of-lights.de\/de\/#\/schema\/logo\/image\/\",\"url\":\"https:\/\/festival-of-lights.de\/wp-content\/uploads\/2023\/08\/cropped-logo.png\",\"contentUrl\":\"https:\/\/festival-of-lights.de\/wp-content\/uploads\/2023\/08\/cropped-logo.png\",\"width\":230,\"height\":230,\"caption\":\"Festival of Lights\"},\"image\":{\"@id\":\"https:\/\/festival-of-lights.de\/de\/#\/schema\/logo\/image\/\"},\"sameAs\":[\"https:\/\/www.facebook.com\/FestivalOfLights\",\"https:\/\/www.tiktok.com\/@berlinfestivaloflights\",\"https:\/\/www.instagram.com\/berlinfestivaloflights\"]}]}<\/script>\n<!-- \/ Yoast SEO plugin. -->","yoast_head_json":{"title":"PANDORA - Festival of Lights","robots":{"index":"index","follow":"follow","max-snippet":"max-snippet:-1","max-image-preview":"max-image-preview:large","max-video-preview":"max-video-preview:-1"},"canonical":"https:\/\/festival-of-lights.de\/de\/unsere-partner\/pandora\/","og_locale":"de_DE","og_type":"article","og_title":"PANDORA - Festival of Lights","og_url":"https:\/\/festival-of-lights.de\/de\/unsere-partner\/pandora\/","og_site_name":"Festival of Lights","article_publisher":"https:\/\/www.facebook.com\/FestivalOfLights","article_modified_time":"2025-08-29T15:31:13+00:00","twitter_card":"summary_large_image","schema":{"@context":"https:\/\/schema.org","@graph":[{"@type":"WebPage","@id":"https:\/\/festival-of-lights.de\/de\/unsere-partner\/pandora\/","url":"https:\/\/festival-of-lights.de\/de\/unsere-partner\/pandora\/","name":"PANDORA - Festival of Lights","isPartOf":{"@id":"https:\/\/festival-of-lights.de\/de\/#website"},"datePublished":"2025-08-08T16:03:08+00:00","dateModified":"2025-08-29T15:31:13+00:00","breadcrumb":{"@id":"https:\/\/festival-of-lights.de\/de\/unsere-partner\/pandora\/#breadcrumb"},"inLanguage":"de","potentialAction":[{"@type":"ReadAction","target":["https:\/\/festival-of-lights.de\/de\/unsere-partner\/pandora\/"]}]},{"@type":"BreadcrumbList","@id":"https:\/\/festival-of-lights.de\/de\/unsere-partner\/pandora\/#breadcrumb","itemListElement":[{"@type":"ListItem","position":1,"name":"Startseite","item":"https:\/\/festival-of-lights.de\/de\/"},{"@type":"ListItem","position":2,"name":"Unsere Partner*innen 2023","item":"https:\/\/festival-of-lights.de\/de\/unsere-partner\/"},{"@type":"ListItem","position":3,"name":"PANDORA"}]},{"@type":"WebSite","@id":"https:\/\/festival-of-lights.de\/de\/#website","url":"https:\/\/festival-of-lights.de\/de\/","name":"Festival of Lights Berlin","description":"","publisher":{"@id":"https:\/\/festival-of-lights.de\/de\/#organization"},"potentialAction":[{"@type":"SearchAction","target":{"@type":"EntryPoint","urlTemplate":"https:\/\/festival-of-lights.de\/de\/?s={search_term_string}"},"query-input":{"@type":"PropertyValueSpecification","valueRequired":true,"valueName":"search_term_string"}}],"inLanguage":"de"},{"@type":"Organization","@id":"https:\/\/festival-of-lights.de\/de\/#organization","name":"Festival of Lights","url":"https:\/\/festival-of-lights.de\/de\/","logo":{"@type":"ImageObject","inLanguage":"de","@id":"https:\/\/festival-of-lights.de\/de\/#\/schema\/logo\/image\/","url":"https:\/\/festival-of-lights.de\/wp-content\/uploads\/2023\/08\/cropped-logo.png","contentUrl":"https:\/\/festival-of-lights.de\/wp-content\/uploads\/2023\/08\/cropped-logo.png","width":230,"height":230,"caption":"Festival of Lights"},"image":{"@id":"https:\/\/festival-of-lights.de\/de\/#\/schema\/logo\/image\/"},"sameAs":["https:\/\/www.facebook.com\/FestivalOfLights","https:\/\/www.tiktok.com\/@berlinfestivaloflights","https:\/\/www.instagram.com\/berlinfestivaloflights"]}]}},"_links":{"self":[{"href":"https:\/\/festival-of-lights.de\/de\/wp-json\/wp\/v2\/pages\/55426","targetHints":{"allow":["GET"]}}],"collection":[{"href":"https:\/\/festival-of-lights.de\/de\/wp-json\/wp\/v2\/pages"}],"about":[{"href":"https:\/\/festival-of-lights.de\/de\/wp-json\/wp\/v2\/types\/page"}],"author":[{"embeddable":true,"href":"https:\/\/festival-of-lights.de\/de\/wp-json\/wp\/v2\/users\/2"}],"replies":[{"embeddable":true,"href":"https:\/\/festival-of-lights.de\/de\/wp-json\/wp\/v2\/comments?post=55426"}],"version-history":[{"count":6,"href":"https:\/\/festival-of-lights.de\/de\/wp-json\/wp\/v2\/pages\/55426\/revisions"}],"predecessor-version":[{"id":56028,"href":"https:\/\/festival-of-lights.de\/de\/wp-json\/wp\/v2\/pages\/55426\/revisions\/56028"}],"up":[{"embeddable":true,"href":"https:\/\/festival-of-lights.de\/de\/wp-json\/wp\/v2\/pages\/31683"}],"wp:attachment":[{"href":"https:\/\/festival-of-lights.de\/de\/wp-json\/wp\/v2\/media?parent=55426"}],"curies":[{"name":"wp","href":"https:\/\/api.w.org\/{rel}","templated":true}]}}