{"id":56448,"date":"2025-09-11T16:01:39","date_gmt":"2025-09-11T14:01:39","guid":{"rendered":"https:\/\/festival-of-lights.de\/?page_id=56448"},"modified":"2025-09-11T16:01:41","modified_gmt":"2025-09-11T14:01:41","slug":"asb-wuenschewagen","status":"publish","type":"page","link":"https:\/\/festival-of-lights.de\/de\/unsere-partnerinnen-2025\/asb-wuenschewagen\/","title":{"rendered":"ASB-W\u00fcnschewagen"},"content":{"rendered":"<section class=\"module-spacer bg-bg-darkBlue pt-10 md:pt-14 xl:pt-20\">\n<\/section>\n\n<section class=\"basic-content-module bg-bg-darkBlue text-text-default\">\n  <div class=\"px-xs py-md lg:py-2xl aniMe text-intro dark:!bg-transparent dark:!text-white text-left\">\n            <div class=\"mx-auto max-w-content basic-content-module__headline\"><h2 class='grayscale-overlay relative headline-element align-left text-h3 font-bold md:text-h1 lg:text-[128px] mb-4 md:mb-4 z-0 basic-content-module__headline-big'>\n    \n    <span class='relative align-left text-h3 font-bold md:text-h1 lg:text-[128px] mb-4 md:mb-4 z-0 basic-content-module__headline-big'>\n    <span class='absolute top-0 left-0 z-0 -translate-x-1\/2 -translate-y-1\/2 light w-[300px] h-[300px]'>\n    <svg class='w-full h-full ' xmlns='http:\/\/www.w3.org\/2000\/svg' width='542' height='542' viewBox='0 0 542 542' fill='none'>\n      <g filter='url(#filter0_f_569_1018)'>\n        <circle cx='271' cy='271' r='121' fill='#9AE8FF' fill-opacity='0.5'\/>\n      <\/g>\n      <defs>\n        <filter id='filter0_f_569_1018' x='0' y='0' width='542' height='542' filterUnits='userSpaceOnUse' color-interpolation-filters='sRGB'>\n          <feFlood flood-opacity='0' result='BackgroundImageFix'\/>\n          <feBlend mode='normal' in='SourceGraphic' in2='BackgroundImageFix' result='shape'\/>\n          <feGaussianBlur stdDeviation='75' result='effect1_foregroundBlur_569_1018'\/>\n        <\/filter>\n      <\/defs>\n    <\/svg>\n  <\/span>\n    ASB-W\u00fcnschewagen<\/span>\n    <\/h2><\/div>\n          <\/div>\n<\/section>\n\n<section class=\"text-image bg-bg-darkBlue text-text-default\">\n    <div class=\"dark:!text-white dark:!bg-transparent\">\n        <div class=\"container mx-auto max-w-screen-xl px-xs py-md text-image\">\n            <div class=\"mx-auto items-center grid text-copy md:grid-cols-2 gap-x-10 align-left\">\n                                    <div class=\"text-image__image aniMe grayscale-mask relative mb-0 order-2 md:order-[unset] mt-4 md:mt-8\"> \n                        <img loading=\"lazy\" decoding=\"async\" width=\"1024\" height=\"977\" src=\"https:\/\/festival-of-lights.de\/wp-content\/uploads\/2025\/09\/ASB-Wuenschewagen-1024x977.jpg\" class=\"z-10 grayscale-overlay\" alt=\"\" srcset=\"https:\/\/festival-of-lights.de\/wp-content\/uploads\/2025\/09\/ASB-Wuenschewagen-1024x977.jpg 1024w, https:\/\/festival-of-lights.de\/wp-content\/uploads\/2025\/09\/ASB-Wuenschewagen-300x286.jpg 300w, https:\/\/festival-of-lights.de\/wp-content\/uploads\/2025\/09\/ASB-Wuenschewagen-768x732.jpg 768w, https:\/\/festival-of-lights.de\/wp-content\/uploads\/2025\/09\/ASB-Wuenschewagen-1536x1465.jpg 1536w, https:\/\/festival-of-lights.de\/wp-content\/uploads\/2025\/09\/ASB-Wuenschewagen-2048x1953.jpg 2048w, https:\/\/festival-of-lights.de\/wp-content\/uploads\/2025\/09\/ASB-Wuenschewagen-1900x1812.jpg 1900w, https:\/\/festival-of-lights.de\/wp-content\/uploads\/2025\/09\/ASB-Wuenschewagen-1240x1183.jpg 1240w, https:\/\/festival-of-lights.de\/wp-content\/uploads\/2025\/09\/ASB-Wuenschewagen-scaled-e1757496731545.jpg 800w\" sizes=\"auto, (max-width: 1024px) 100vw, 1024px\" \/>                    <\/div>                 <div class=\"text-image__col1 py-4 lg:py-10 aniMe flex flex-col right\">\n                    <h3 class='grayscale-overlay relative headline-element align-left mb-4 md:mb-8'>\n    \n    <span class='relative align-left mb-4 md:mb-8'>\n    <span class='absolute top-0 left-0 z-0 -translate-x-1\/2 -translate-y-1\/2 light w-[300px] h-[300px]'>\n    <svg class='w-full h-full ' xmlns='http:\/\/www.w3.org\/2000\/svg' width='542' height='542' viewBox='0 0 542 542' fill='none'>\n      <g filter='url(#filter0_f_569_1018)'>\n        <circle cx='271' cy='271' r='121' fill='#9AE8FF' fill-opacity='0.5'\/>\n      <\/g>\n      <defs>\n        <filter id='filter0_f_569_1018' x='0' y='0' width='542' height='542' filterUnits='userSpaceOnUse' color-interpolation-filters='sRGB'>\n          <feFlood flood-opacity='0' result='BackgroundImageFix'\/>\n          <feBlend mode='normal' in='SourceGraphic' in2='BackgroundImageFix' result='shape'\/>\n          <feGaussianBlur stdDeviation='75' result='effect1_foregroundBlur_569_1018'\/>\n        <\/filter>\n      <\/defs>\n    <\/svg>\n  <\/span>\n    \u201eW\u00fcnschewagen \u2013 Letzte W\u00fcnsche wagen\u201c <\/span>\n    <\/h3><div class='text-element align-left '><p>Seit \u00fcber zehn Jahren gibt es dieses Projekt des Arbeiter-Samariter-Bundes, und es wurden bereits weit \u00fcber 7.000 letzte Herzensw\u00fcnsche wahr. Auch in Berlin rollt der ASB-W\u00fcnschewagen dank eines Teams aus zwei hauptamtlichen Personen und mehr als 50 engagierten Ehrenamtlichen \u00fcber die Stra\u00dfen.<\/p>\n<p>Unsere ehrenamtlichen Helferinnen und Helfer haben eine rettungsdienstliche oder sanit\u00e4tsdienstliche Qualifikation und sind dar\u00fcber hinaus f\u00fcr ihre Eins\u00e4tze auf den Wunschfahrten speziell geschult. Dank ihrer hohen fachlichen Qualit\u00e4t, ihres gro\u00dfen Engagements und ganz viel Herz werden die Wunschfahrten zu einem ganz besonderen Ausflug.<\/p>\n<p>Der Wagen ist ein umgebauter Krankentransportwagen. Er ist speziell auf die Bed\u00fcrfnisse der Fahrg\u00e4ste abgestimmt \u2013 spezielle Sto\u00dfd\u00e4mpfer, eine Rundumverglasung mit Panoramablick und ein harmonisches Konzept aus Licht und Farben machen die Fahrt zu einem angenehmen Erlebnis. Zugleich verf\u00fcgt er \u00fcber eine moderne notfallmedizinische Ausstattung, sodass das ASB-Team im Notfall medizinische Hilfe leisten kann.<\/p>\n<\/div>        <a target=\"_blank\" href=\"https:\/\/www.wuenschewagen.de\/berlin\" class=\"flex items-center gap-xs btn-primary mt-10 z-[999999]\">\n            <svg xmlns=\"http:\/\/www.w3.org\/2000\/svg\" width=\"23\" height=\"16\" viewBox=\"0 0 23 16\" fill=\"none\">\n                <path class=\"transition duration-300 ease-in-out\" d=\"M21.8863 8.70711C22.2769 8.31658 22.2769 7.68342 21.8863 7.29289L15.5224 0.928932C15.1318 0.538408 14.4987 0.538408 14.1082 0.928932C13.7176 1.31946 13.7176 1.95262 14.1082 2.34315L19.765 8L14.1082 13.6569C13.7176 14.0474 13.7176 14.6805 14.1082 15.0711C14.4987 15.4616 15.1318 15.4616 15.5224 15.0711L21.8863 8.70711ZM0 9H21.1792V7H0V9Z\" fill=\"black\"\/>\n            <\/svg>\n            Zur Website        <\/a>\n                        <\/div>\n            <\/div>\n        <\/div>\n    <\/div>\n<\/section>\n\n<section class=\"text-image bg-bg-darkBlue text-text-default\">\n    <div class=\"dark:!text-white dark:!bg-transparent\">\n        <div class=\"container mx-auto max-w-screen-xl px-xs py-md text-image\">\n            <div class=\"mx-auto items-center grid text-copy md:grid-cols-2 gap-x-10 align-left\">\n                                    <div class=\"text-image__image aniMe grayscale-mask relative mb-0 order-1 mt-4 md:mt-8\"> \n                        <img loading=\"lazy\" decoding=\"async\" width=\"410\" height=\"276\" src=\"https:\/\/festival-of-lights.de\/wp-content\/uploads\/2025\/09\/Wuenschewagen.png\" class=\"z-10 grayscale-overlay\" alt=\"\" srcset=\"https:\/\/festival-of-lights.de\/wp-content\/uploads\/2025\/09\/Wuenschewagen.png 410w, https:\/\/festival-of-lights.de\/wp-content\/uploads\/2025\/09\/Wuenschewagen-300x202.png 300w\" sizes=\"auto, (max-width: 410px) 100vw, 410px\" \/>                    <\/div>                 <div class=\"text-image__col1 py-4 lg:py-10 aniMe flex flex-col left\">\n                    <div class='text-element align-left '><p>Das W\u00fcnschewagen-Projekt lebt ausschlie\u00dflich von Spenden, Eigenmitteln und dem Einsatz unserer Ehrenamtlichen. Die Wunschfahrten sind f\u00fcr Fahrg\u00e4ste und Begleitpersonen kostenfrei. Spenden helfen uns, Reisekosten zu den Wunschorten, Schulungen, Dienstkleidung sowie Anschaffung und Ausstattung der Fahrzeuge zu finanzieren.<br \/>\nDer Arbeiter-Samariter-Bund Berlin (ASB) engagiert sich seit \u00fcber 100 Jahren f\u00fcr soziale Gerechtigkeit, Hilfe in Notlagen und medizinische Versorgung. Neben dem W\u00fcnschewagen betreibt der ASB Berlin unter anderem Rettungsdienste, Pflegeeinrichtungen, Katastrophenschutz und vielf\u00e4ltige soziale Projekte \u2013 mit dem Ziel, Menschen in schwierigen Lebenssituationen zur Seite zu stehen. Jede Unterst\u00fctzung hilft, Menschlichkeit sichtbar zu machen und letzte W\u00fcnsche wahr werden zu lassen.<\/p>\n<\/div>                <\/div>\n            <\/div>\n        <\/div>\n    <\/div>\n<\/section>\n\n<section class=\"module-spacer bg-bg-darkBlue pt-7 md:pt-10 xl:pt-14\">\n<\/section>\n\n<section class=\"module-spacer bg-bg-darkBlue pt-7 md:pt-10 xl:pt-14\">\n<\/section>","protected":false},"excerpt":{"rendered":"","protected":false},"author":2,"featured_media":0,"parent":55303,"menu_order":1,"comment_status":"closed","ping_status":"closed","template":"","meta":{"_acf_changed":false,"footnotes":""},"class_list":["post-56448","page","type-page","status-publish","hentry"],"acf":[],"yoast_head":"<!-- This site is optimized with the Yoast SEO plugin v25.6 - https:\/\/yoast.com\/wordpress\/plugins\/seo\/ -->\n<title>ASB-W\u00fcnschewagen - Festival of Lights<\/title>\n<meta name=\"robots\" content=\"index, follow, max-snippet:-1, max-image-preview:large, max-video-preview:-1\" \/>\n<link rel=\"canonical\" href=\"https:\/\/festival-of-lights.de\/de\/unsere-partnerinnen-2025\/asb-wuenschewagen\/\" \/>\n<meta property=\"og:locale\" content=\"de_DE\" \/>\n<meta property=\"og:type\" content=\"article\" \/>\n<meta property=\"og:title\" content=\"ASB-W\u00fcnschewagen - Festival of Lights\" \/>\n<meta property=\"og:url\" content=\"https:\/\/festival-of-lights.de\/de\/unsere-partnerinnen-2025\/asb-wuenschewagen\/\" \/>\n<meta property=\"og:site_name\" content=\"Festival of Lights\" \/>\n<meta property=\"article:publisher\" content=\"https:\/\/www.facebook.com\/FestivalOfLights\" \/>\n<meta property=\"article:modified_time\" content=\"2025-09-11T14:01:41+00:00\" \/>\n<meta name=\"twitter:card\" content=\"summary_large_image\" \/>\n<script type=\"application\/ld+json\" class=\"yoast-schema-graph\">{\"@context\":\"https:\/\/schema.org\",\"@graph\":[{\"@type\":\"WebPage\",\"@id\":\"https:\/\/festival-of-lights.de\/de\/unsere-partnerinnen-2025\/asb-wuenschewagen\/\",\"url\":\"https:\/\/festival-of-lights.de\/de\/unsere-partnerinnen-2025\/asb-wuenschewagen\/\",\"name\":\"ASB-W\u00fcnschewagen - Festival of Lights\",\"isPartOf\":{\"@id\":\"https:\/\/festival-of-lights.de\/de\/#website\"},\"datePublished\":\"2025-09-11T14:01:39+00:00\",\"dateModified\":\"2025-09-11T14:01:41+00:00\",\"breadcrumb\":{\"@id\":\"https:\/\/festival-of-lights.de\/de\/unsere-partnerinnen-2025\/asb-wuenschewagen\/#breadcrumb\"},\"inLanguage\":\"de\",\"potentialAction\":[{\"@type\":\"ReadAction\",\"target\":[\"https:\/\/festival-of-lights.de\/de\/unsere-partnerinnen-2025\/asb-wuenschewagen\/\"]}]},{\"@type\":\"BreadcrumbList\",\"@id\":\"https:\/\/festival-of-lights.de\/de\/unsere-partnerinnen-2025\/asb-wuenschewagen\/#breadcrumb\",\"itemListElement\":[{\"@type\":\"ListItem\",\"position\":1,\"name\":\"Startseite\",\"item\":\"https:\/\/festival-of-lights.de\/de\/\"},{\"@type\":\"ListItem\",\"position\":2,\"name\":\"Unsere Partner*innen 2025\",\"item\":\"https:\/\/festival-of-lights.de\/de\/unsere-partnerinnen-2025\/\"},{\"@type\":\"ListItem\",\"position\":3,\"name\":\"ASB-W\u00fcnschewagen\"}]},{\"@type\":\"WebSite\",\"@id\":\"https:\/\/festival-of-lights.de\/de\/#website\",\"url\":\"https:\/\/festival-of-lights.de\/de\/\",\"name\":\"Festival of Lights Berlin\",\"description\":\"\",\"publisher\":{\"@id\":\"https:\/\/festival-of-lights.de\/de\/#organization\"},\"potentialAction\":[{\"@type\":\"SearchAction\",\"target\":{\"@type\":\"EntryPoint\",\"urlTemplate\":\"https:\/\/festival-of-lights.de\/de\/?s={search_term_string}\"},\"query-input\":{\"@type\":\"PropertyValueSpecification\",\"valueRequired\":true,\"valueName\":\"search_term_string\"}}],\"inLanguage\":\"de\"},{\"@type\":\"Organization\",\"@id\":\"https:\/\/festival-of-lights.de\/de\/#organization\",\"name\":\"Festival of Lights\",\"url\":\"https:\/\/festival-of-lights.de\/de\/\",\"logo\":{\"@type\":\"ImageObject\",\"inLanguage\":\"de\",\"@id\":\"https:\/\/festival-of-lights.de\/de\/#\/schema\/logo\/image\/\",\"url\":\"https:\/\/festival-of-lights.de\/wp-content\/uploads\/2023\/08\/cropped-logo.png\",\"contentUrl\":\"https:\/\/festival-of-lights.de\/wp-content\/uploads\/2023\/08\/cropped-logo.png\",\"width\":230,\"height\":230,\"caption\":\"Festival of Lights\"},\"image\":{\"@id\":\"https:\/\/festival-of-lights.de\/de\/#\/schema\/logo\/image\/\"},\"sameAs\":[\"https:\/\/www.facebook.com\/FestivalOfLights\",\"https:\/\/www.tiktok.com\/@berlinfestivaloflights\",\"https:\/\/www.instagram.com\/berlinfestivaloflights\"]}]}<\/script>\n<!-- \/ Yoast SEO plugin. -->","yoast_head_json":{"title":"ASB-W\u00fcnschewagen - Festival of Lights","robots":{"index":"index","follow":"follow","max-snippet":"max-snippet:-1","max-image-preview":"max-image-preview:large","max-video-preview":"max-video-preview:-1"},"canonical":"https:\/\/festival-of-lights.de\/de\/unsere-partnerinnen-2025\/asb-wuenschewagen\/","og_locale":"de_DE","og_type":"article","og_title":"ASB-W\u00fcnschewagen - Festival of Lights","og_url":"https:\/\/festival-of-lights.de\/de\/unsere-partnerinnen-2025\/asb-wuenschewagen\/","og_site_name":"Festival of Lights","article_publisher":"https:\/\/www.facebook.com\/FestivalOfLights","article_modified_time":"2025-09-11T14:01:41+00:00","twitter_card":"summary_large_image","schema":{"@context":"https:\/\/schema.org","@graph":[{"@type":"WebPage","@id":"https:\/\/festival-of-lights.de\/de\/unsere-partnerinnen-2025\/asb-wuenschewagen\/","url":"https:\/\/festival-of-lights.de\/de\/unsere-partnerinnen-2025\/asb-wuenschewagen\/","name":"ASB-W\u00fcnschewagen - Festival of Lights","isPartOf":{"@id":"https:\/\/festival-of-lights.de\/de\/#website"},"datePublished":"2025-09-11T14:01:39+00:00","dateModified":"2025-09-11T14:01:41+00:00","breadcrumb":{"@id":"https:\/\/festival-of-lights.de\/de\/unsere-partnerinnen-2025\/asb-wuenschewagen\/#breadcrumb"},"inLanguage":"de","potentialAction":[{"@type":"ReadAction","target":["https:\/\/festival-of-lights.de\/de\/unsere-partnerinnen-2025\/asb-wuenschewagen\/"]}]},{"@type":"BreadcrumbList","@id":"https:\/\/festival-of-lights.de\/de\/unsere-partnerinnen-2025\/asb-wuenschewagen\/#breadcrumb","itemListElement":[{"@type":"ListItem","position":1,"name":"Startseite","item":"https:\/\/festival-of-lights.de\/de\/"},{"@type":"ListItem","position":2,"name":"Unsere Partner*innen 2025","item":"https:\/\/festival-of-lights.de\/de\/unsere-partnerinnen-2025\/"},{"@type":"ListItem","position":3,"name":"ASB-W\u00fcnschewagen"}]},{"@type":"WebSite","@id":"https:\/\/festival-of-lights.de\/de\/#website","url":"https:\/\/festival-of-lights.de\/de\/","name":"Festival of Lights Berlin","description":"","publisher":{"@id":"https:\/\/festival-of-lights.de\/de\/#organization"},"potentialAction":[{"@type":"SearchAction","target":{"@type":"EntryPoint","urlTemplate":"https:\/\/festival-of-lights.de\/de\/?s={search_term_string}"},"query-input":{"@type":"PropertyValueSpecification","valueRequired":true,"valueName":"search_term_string"}}],"inLanguage":"de"},{"@type":"Organization","@id":"https:\/\/festival-of-lights.de\/de\/#organization","name":"Festival of Lights","url":"https:\/\/festival-of-lights.de\/de\/","logo":{"@type":"ImageObject","inLanguage":"de","@id":"https:\/\/festival-of-lights.de\/de\/#\/schema\/logo\/image\/","url":"https:\/\/festival-of-lights.de\/wp-content\/uploads\/2023\/08\/cropped-logo.png","contentUrl":"https:\/\/festival-of-lights.de\/wp-content\/uploads\/2023\/08\/cropped-logo.png","width":230,"height":230,"caption":"Festival of Lights"},"image":{"@id":"https:\/\/festival-of-lights.de\/de\/#\/schema\/logo\/image\/"},"sameAs":["https:\/\/www.facebook.com\/FestivalOfLights","https:\/\/www.tiktok.com\/@berlinfestivaloflights","https:\/\/www.instagram.com\/berlinfestivaloflights"]}]}},"_links":{"self":[{"href":"https:\/\/festival-of-lights.de\/de\/wp-json\/wp\/v2\/pages\/56448","targetHints":{"allow":["GET"]}}],"collection":[{"href":"https:\/\/festival-of-lights.de\/de\/wp-json\/wp\/v2\/pages"}],"about":[{"href":"https:\/\/festival-of-lights.de\/de\/wp-json\/wp\/v2\/types\/page"}],"author":[{"embeddable":true,"href":"https:\/\/festival-of-lights.de\/de\/wp-json\/wp\/v2\/users\/2"}],"replies":[{"embeddable":true,"href":"https:\/\/festival-of-lights.de\/de\/wp-json\/wp\/v2\/comments?post=56448"}],"version-history":[{"count":4,"href":"https:\/\/festival-of-lights.de\/de\/wp-json\/wp\/v2\/pages\/56448\/revisions"}],"predecessor-version":[{"id":56460,"href":"https:\/\/festival-of-lights.de\/de\/wp-json\/wp\/v2\/pages\/56448\/revisions\/56460"}],"up":[{"embeddable":true,"href":"https:\/\/festival-of-lights.de\/de\/wp-json\/wp\/v2\/pages\/55303"}],"wp:attachment":[{"href":"https:\/\/festival-of-lights.de\/de\/wp-json\/wp\/v2\/media?parent=56448"}],"curies":[{"name":"wp","href":"https:\/\/api.w.org\/{rel}","templated":true}]}}