{"id":56670,"date":"2025-09-15T18:02:12","date_gmt":"2025-09-15T16:02:12","guid":{"rendered":"https:\/\/festival-of-lights.de\/?page_id=56670"},"modified":"2025-10-07T19:58:27","modified_gmt":"2025-10-07T17:58:27","slug":"das-center-am-potsdamer-platz","status":"publish","type":"page","link":"https:\/\/festival-of-lights.de\/de\/unsere-partner\/das-center-am-potsdamer-platz\/","title":{"rendered":"Das Center am Potsdamer Platz"},"content":{"rendered":"<section class=\"module-spacer bg-bg-darkBlue pt-10 md:pt-14 xl:pt-20\">\n<\/section>\n\n<section class=\"basic-content-module bg-bg-darkBlue text-text-default\">\n  <div class=\"px-xs py-md lg:py-2xl aniMe text-intro dark:!bg-transparent dark:!text-white text-left\">\n            <div class=\"mx-auto max-w-content basic-content-module__headline\"><h2 class='grayscale-overlay relative headline-element align-left text-h3 font-bold md:text-h1 lg:text-[128px] mb-4 md:mb-4 z-0 basic-content-module__headline-big'>\n    \n    <span class='relative align-left text-h3 font-bold md:text-h1 lg:text-[128px] mb-4 md:mb-4 z-0 basic-content-module__headline-big'>\n    <span class='absolute top-0 left-0 z-0 -translate-x-1\/2 -translate-y-1\/2 light w-[300px] h-[300px]'>\n    <svg class='w-full h-full ' xmlns='http:\/\/www.w3.org\/2000\/svg' width='542' height='542' viewBox='0 0 542 542' fill='none'>\n      <g filter='url(#filter0_f_569_1018)'>\n        <circle cx='271' cy='271' r='121' fill='#9AE8FF' fill-opacity='0.5'\/>\n      <\/g>\n      <defs>\n        <filter id='filter0_f_569_1018' x='0' y='0' width='542' height='542' filterUnits='userSpaceOnUse' color-interpolation-filters='sRGB'>\n          <feFlood flood-opacity='0' result='BackgroundImageFix'\/>\n          <feBlend mode='normal' in='SourceGraphic' in2='BackgroundImageFix' result='shape'\/>\n          <feGaussianBlur stdDeviation='75' result='effect1_foregroundBlur_569_1018'\/>\n        <\/filter>\n      <\/defs>\n    <\/svg>\n  <\/span>\n    Das Center am Potsdamer Platz<\/span>\n    <\/h2><\/div>\n          <\/div>\n<\/section>\n\n<section class=\"text-image bg-bg-darkBlue text-text-default\">\n    <div class=\"dark:!text-white dark:!bg-transparent\">\n        <div class=\"container mx-auto max-w-screen-xl px-xs py-md text-image\">\n            <div class=\"mx-auto items-center grid text-copy md:grid-cols-2 gap-x-10 align-left\">\n                                    <div class=\"text-image__image aniMe grayscale-mask relative mb-0 order-1 mt-4 md:mt-8\"> \n                        <img loading=\"lazy\" decoding=\"async\" width=\"1024\" height=\"683\" src=\"https:\/\/festival-of-lights.de\/wp-content\/uploads\/2025\/10\/Kopie-von-0003_FOL2025_FH-1024x683.jpg\" class=\"z-10 grayscale-overlay\" alt=\"\" srcset=\"https:\/\/festival-of-lights.de\/wp-content\/uploads\/2025\/10\/Kopie-von-0003_FOL2025_FH-1024x683.jpg 1024w, https:\/\/festival-of-lights.de\/wp-content\/uploads\/2025\/10\/Kopie-von-0003_FOL2025_FH-300x200.jpg 300w, https:\/\/festival-of-lights.de\/wp-content\/uploads\/2025\/10\/Kopie-von-0003_FOL2025_FH-768x512.jpg 768w, https:\/\/festival-of-lights.de\/wp-content\/uploads\/2025\/10\/Kopie-von-0003_FOL2025_FH-1536x1024.jpg 1536w, https:\/\/festival-of-lights.de\/wp-content\/uploads\/2025\/10\/Kopie-von-0003_FOL2025_FH-2048x1365.jpg 2048w, https:\/\/festival-of-lights.de\/wp-content\/uploads\/2025\/10\/Kopie-von-0003_FOL2025_FH-1900x1267.jpg 1900w, https:\/\/festival-of-lights.de\/wp-content\/uploads\/2025\/10\/Kopie-von-0003_FOL2025_FH-1240x827.jpg 1240w\" sizes=\"auto, (max-width: 1024px) 100vw, 1024px\" \/>                    <\/div>                 <div class=\"text-image__col1 py-4 lg:py-10 aniMe flex flex-col left\">\n                    <div class='text-element align-left '><p>Das Center am Potsdamer Platz, ehemals Sony Center, ist ein architektonisches Meisterwerk im Herzen Berlins. Nach einem mehrj\u00e4hrigen Modernisierungsprozess ist es im Rahmen des Festival of Lights B\u00fchne f\u00fcr drei Fantasy-Figuren des britischen K\u00fcnstler-Duos Filthy Luker &amp; Pedro Estrellas. Seit \u00fcber zwei Jahrzehnten gestalten Pete Hamilton und Luke Egan, so ihre b\u00fcrgerlichen Namen, spektakul\u00e4re, oft humorvolle Kunstwerke im urbanen Raum \u2013 vielfach als \u201elebendige Street Art\u201c beschrieben.<\/p>\n<p>Mit den Figuren Howler, Snapper und Bezerker bringen sie ihre einzigartige, verspielte Kunst nach Berlin. Die leuchtenden Kreationen \u00fcberraschen mit Humor und Dynamik und verwandeln das Center in ein magisches Spiel aus Licht, Form und Farbe.<\/p>\n<\/div>                <\/div>\n            <\/div>\n        <\/div>\n    <\/div>\n<\/section>\n\n<section class=\"teaser-small-section bg-bg-darkBlue text-text-default\">\n    <div class=\"dark:!bg-transparent dark:!text-white\">\n        <div class=\"container mx-auto px-xs py-md\">\n            <div class=\"grid gap-4 gap-y-16 md:grid-cols-2 lg:grid-cols-3\">\n                <div class=\"teaser-small-single\">\n                        <div class=\"overflow-hidden relative mb-6 teaser-small-single-image aspect-4\/3 grayscale-mask aniMe\"> <img loading=\"lazy\" decoding=\"async\" width=\"2295\" height=\"1530\" src=\"https:\/\/festival-of-lights.de\/wp-content\/uploads\/2025\/10\/0006_FOL2025_FH-1.jpg\" class=\"h-full w-full object-cover z-0 transform scale-105 transition duration-300 grayscale-overlay\" alt=\"\" srcset=\"https:\/\/festival-of-lights.de\/wp-content\/uploads\/2025\/10\/0006_FOL2025_FH-1.jpg 2295w, https:\/\/festival-of-lights.de\/wp-content\/uploads\/2025\/10\/0006_FOL2025_FH-1-300x200.jpg 300w, https:\/\/festival-of-lights.de\/wp-content\/uploads\/2025\/10\/0006_FOL2025_FH-1-1024x683.jpg 1024w, https:\/\/festival-of-lights.de\/wp-content\/uploads\/2025\/10\/0006_FOL2025_FH-1-768x512.jpg 768w, https:\/\/festival-of-lights.de\/wp-content\/uploads\/2025\/10\/0006_FOL2025_FH-1-1536x1024.jpg 1536w, https:\/\/festival-of-lights.de\/wp-content\/uploads\/2025\/10\/0006_FOL2025_FH-1-2048x1365.jpg 2048w, https:\/\/festival-of-lights.de\/wp-content\/uploads\/2025\/10\/0006_FOL2025_FH-1-1900x1267.jpg 1900w, https:\/\/festival-of-lights.de\/wp-content\/uploads\/2025\/10\/0006_FOL2025_FH-1-1240x827.jpg 1240w\" sizes=\"auto, (max-width: 2295px) 100vw, 2295px\" \/>                <\/div> \n            <\/a>         <div class=\"content aniMe\">\n            <p class=\"pb-6 w-full font-bold text-h4\"><\/p>\n                    <\/div>\n    <\/div>\n    <div class=\"teaser-small-single\">\n                        <div class=\"overflow-hidden relative mb-6 teaser-small-single-image aspect-4\/3 grayscale-mask aniMe\"> <img loading=\"lazy\" decoding=\"async\" width=\"2560\" height=\"1707\" src=\"https:\/\/festival-of-lights.de\/wp-content\/uploads\/2025\/10\/Kopie-von-0004_FOL2025_FH-scaled.jpg\" class=\"h-full w-full object-cover z-0 transform scale-105 transition duration-300 grayscale-overlay\" alt=\"\" srcset=\"https:\/\/festival-of-lights.de\/wp-content\/uploads\/2025\/10\/Kopie-von-0004_FOL2025_FH-scaled.jpg 2560w, https:\/\/festival-of-lights.de\/wp-content\/uploads\/2025\/10\/Kopie-von-0004_FOL2025_FH-300x200.jpg 300w, https:\/\/festival-of-lights.de\/wp-content\/uploads\/2025\/10\/Kopie-von-0004_FOL2025_FH-1024x683.jpg 1024w, https:\/\/festival-of-lights.de\/wp-content\/uploads\/2025\/10\/Kopie-von-0004_FOL2025_FH-768x512.jpg 768w, https:\/\/festival-of-lights.de\/wp-content\/uploads\/2025\/10\/Kopie-von-0004_FOL2025_FH-1536x1024.jpg 1536w, https:\/\/festival-of-lights.de\/wp-content\/uploads\/2025\/10\/Kopie-von-0004_FOL2025_FH-2048x1365.jpg 2048w, https:\/\/festival-of-lights.de\/wp-content\/uploads\/2025\/10\/Kopie-von-0004_FOL2025_FH-1900x1267.jpg 1900w, https:\/\/festival-of-lights.de\/wp-content\/uploads\/2025\/10\/Kopie-von-0004_FOL2025_FH-1240x827.jpg 1240w\" sizes=\"auto, (max-width: 2560px) 100vw, 2560px\" \/>                <\/div> \n            <\/a>         <div class=\"content aniMe\">\n            <p class=\"pb-6 w-full font-bold text-h4\"><\/p>\n                    <\/div>\n    <\/div>\n            <\/div>\n        <\/div>\n    <\/div>\n<\/section>\n\n<section class=\"text-image bg-bg-darkBlue text-text-default\">\n    <div class=\"dark:!text-white dark:!bg-transparent\">\n        <div class=\"container mx-auto max-w-screen-xl px-xs py-md text-image\">\n            <div class=\"mx-auto items-center grid text-copy md:grid-cols-2 gap-x-10 align-left\">\n                                    <div class=\"text-image__image aniMe grayscale-mask relative mb-0 order-1 mt-4 md:mt-8\"> \n                        <img loading=\"lazy\" decoding=\"async\" width=\"1024\" height=\"576\" src=\"https:\/\/festival-of-lights.de\/wp-content\/uploads\/2025\/09\/Das-Center_-Logo-weiss-1024x576.png\" class=\"z-10 grayscale-overlay\" alt=\"\" srcset=\"https:\/\/festival-of-lights.de\/wp-content\/uploads\/2025\/09\/Das-Center_-Logo-weiss-1024x576.png 1024w, https:\/\/festival-of-lights.de\/wp-content\/uploads\/2025\/09\/Das-Center_-Logo-weiss-300x169.png 300w, https:\/\/festival-of-lights.de\/wp-content\/uploads\/2025\/09\/Das-Center_-Logo-weiss-768x432.png 768w, https:\/\/festival-of-lights.de\/wp-content\/uploads\/2025\/09\/Das-Center_-Logo-weiss-1536x864.png 1536w, https:\/\/festival-of-lights.de\/wp-content\/uploads\/2025\/09\/Das-Center_-Logo-weiss-1900x1069.png 1900w, https:\/\/festival-of-lights.de\/wp-content\/uploads\/2025\/09\/Das-Center_-Logo-weiss-1240x698.png 1240w, https:\/\/festival-of-lights.de\/wp-content\/uploads\/2025\/09\/Das-Center_-Logo-weiss.png 1920w\" sizes=\"auto, (max-width: 1024px) 100vw, 1024px\" \/>                    <\/div>                 <div class=\"text-image__col1 py-4 lg:py-10 aniMe flex flex-col left\">\n                    <div class='text-element align-left '><p>Das Center am Potsdamer Platz, ehemals Sony Center am Potsdamer Platz, ist ein architektonisches Meisterwerk im Herzen Berlins, bekannt f\u00fcr sein futuristisches Dach. Das im Jahr 2000 erbaute Areal umfasst acht Geb\u00e4ude, darunter den Bahntower, 85.000 m\u00b2 B\u00fcrofl\u00e4che, 20.000 m\u00b2 f\u00fcr Einzelhandel und Freizeit sowie 67 Wohneinheiten. Die aktuell laufenden Modernisierungsma\u00dfnahmen zielen darauf ab, einen Office Campus zu schaffen, in dem die Lebenswelten aus New Work, Kultur, Gastronomie und Community verschmelzen.<\/p>\n<\/div>        <a target=\"\" href=\"http:\/\/www.das-center.com\" class=\"flex items-center gap-xs btn-primary mt-10 z-[999999]\">\n            <svg xmlns=\"http:\/\/www.w3.org\/2000\/svg\" width=\"23\" height=\"16\" viewBox=\"0 0 23 16\" fill=\"none\">\n                <path class=\"transition duration-300 ease-in-out\" d=\"M21.8863 8.70711C22.2769 8.31658 22.2769 7.68342 21.8863 7.29289L15.5224 0.928932C15.1318 0.538408 14.4987 0.538408 14.1082 0.928932C13.7176 1.31946 13.7176 1.95262 14.1082 2.34315L19.765 8L14.1082 13.6569C13.7176 14.0474 13.7176 14.6805 14.1082 15.0711C14.4987 15.4616 15.1318 15.4616 15.5224 15.0711L21.8863 8.70711ZM0 9H21.1792V7H0V9Z\" fill=\"black\"\/>\n            <\/svg>\n            Zur Website        <\/a>\n                        <\/div>\n            <\/div>\n        <\/div>\n    <\/div>\n<\/section>\n\n<section class=\"module-spacer bg-bg-darkBlue pt-7 md:pt-10 xl:pt-14\">\n<\/section>","protected":false},"excerpt":{"rendered":"","protected":false},"author":2,"featured_media":0,"parent":31683,"menu_order":1,"comment_status":"closed","ping_status":"closed","template":"","meta":{"_acf_changed":false,"footnotes":""},"class_list":["post-56670","page","type-page","status-publish","hentry"],"acf":[],"yoast_head":"<!-- This site is optimized with the Yoast SEO plugin v25.6 - https:\/\/yoast.com\/wordpress\/plugins\/seo\/ -->\n<title>Das Center am Potsdamer Platz - Festival of Lights<\/title>\n<meta name=\"robots\" content=\"index, follow, max-snippet:-1, max-image-preview:large, max-video-preview:-1\" \/>\n<link rel=\"canonical\" href=\"https:\/\/festival-of-lights.de\/de\/unsere-partner\/das-center-am-potsdamer-platz\/\" \/>\n<meta property=\"og:locale\" content=\"de_DE\" \/>\n<meta property=\"og:type\" content=\"article\" \/>\n<meta property=\"og:title\" content=\"Das Center am Potsdamer Platz - Festival of Lights\" \/>\n<meta property=\"og:url\" content=\"https:\/\/festival-of-lights.de\/de\/unsere-partner\/das-center-am-potsdamer-platz\/\" \/>\n<meta property=\"og:site_name\" content=\"Festival of Lights\" \/>\n<meta property=\"article:publisher\" content=\"https:\/\/www.facebook.com\/FestivalOfLights\" \/>\n<meta property=\"article:modified_time\" content=\"2025-10-07T17:58:27+00:00\" \/>\n<meta name=\"twitter:card\" content=\"summary_large_image\" \/>\n<script type=\"application\/ld+json\" class=\"yoast-schema-graph\">{\"@context\":\"https:\/\/schema.org\",\"@graph\":[{\"@type\":\"WebPage\",\"@id\":\"https:\/\/festival-of-lights.de\/de\/unsere-partner\/das-center-am-potsdamer-platz\/\",\"url\":\"https:\/\/festival-of-lights.de\/de\/unsere-partner\/das-center-am-potsdamer-platz\/\",\"name\":\"Das Center am Potsdamer Platz - Festival of Lights\",\"isPartOf\":{\"@id\":\"https:\/\/festival-of-lights.de\/de\/#website\"},\"datePublished\":\"2025-09-15T16:02:12+00:00\",\"dateModified\":\"2025-10-07T17:58:27+00:00\",\"breadcrumb\":{\"@id\":\"https:\/\/festival-of-lights.de\/de\/unsere-partner\/das-center-am-potsdamer-platz\/#breadcrumb\"},\"inLanguage\":\"de\",\"potentialAction\":[{\"@type\":\"ReadAction\",\"target\":[\"https:\/\/festival-of-lights.de\/de\/unsere-partner\/das-center-am-potsdamer-platz\/\"]}]},{\"@type\":\"BreadcrumbList\",\"@id\":\"https:\/\/festival-of-lights.de\/de\/unsere-partner\/das-center-am-potsdamer-platz\/#breadcrumb\",\"itemListElement\":[{\"@type\":\"ListItem\",\"position\":1,\"name\":\"Startseite\",\"item\":\"https:\/\/festival-of-lights.de\/de\/\"},{\"@type\":\"ListItem\",\"position\":2,\"name\":\"Unsere Partner*innen 2023\",\"item\":\"https:\/\/festival-of-lights.de\/de\/unsere-partner\/\"},{\"@type\":\"ListItem\",\"position\":3,\"name\":\"Das Center am Potsdamer Platz\"}]},{\"@type\":\"WebSite\",\"@id\":\"https:\/\/festival-of-lights.de\/de\/#website\",\"url\":\"https:\/\/festival-of-lights.de\/de\/\",\"name\":\"Festival of Lights Berlin\",\"description\":\"\",\"publisher\":{\"@id\":\"https:\/\/festival-of-lights.de\/de\/#organization\"},\"potentialAction\":[{\"@type\":\"SearchAction\",\"target\":{\"@type\":\"EntryPoint\",\"urlTemplate\":\"https:\/\/festival-of-lights.de\/de\/?s={search_term_string}\"},\"query-input\":{\"@type\":\"PropertyValueSpecification\",\"valueRequired\":true,\"valueName\":\"search_term_string\"}}],\"inLanguage\":\"de\"},{\"@type\":\"Organization\",\"@id\":\"https:\/\/festival-of-lights.de\/de\/#organization\",\"name\":\"Festival of Lights\",\"url\":\"https:\/\/festival-of-lights.de\/de\/\",\"logo\":{\"@type\":\"ImageObject\",\"inLanguage\":\"de\",\"@id\":\"https:\/\/festival-of-lights.de\/de\/#\/schema\/logo\/image\/\",\"url\":\"https:\/\/festival-of-lights.de\/wp-content\/uploads\/2023\/08\/cropped-logo.png\",\"contentUrl\":\"https:\/\/festival-of-lights.de\/wp-content\/uploads\/2023\/08\/cropped-logo.png\",\"width\":230,\"height\":230,\"caption\":\"Festival of Lights\"},\"image\":{\"@id\":\"https:\/\/festival-of-lights.de\/de\/#\/schema\/logo\/image\/\"},\"sameAs\":[\"https:\/\/www.facebook.com\/FestivalOfLights\",\"https:\/\/www.tiktok.com\/@berlinfestivaloflights\",\"https:\/\/www.instagram.com\/berlinfestivaloflights\"]}]}<\/script>\n<!-- \/ Yoast SEO plugin. -->","yoast_head_json":{"title":"Das Center am Potsdamer Platz - Festival of Lights","robots":{"index":"index","follow":"follow","max-snippet":"max-snippet:-1","max-image-preview":"max-image-preview:large","max-video-preview":"max-video-preview:-1"},"canonical":"https:\/\/festival-of-lights.de\/de\/unsere-partner\/das-center-am-potsdamer-platz\/","og_locale":"de_DE","og_type":"article","og_title":"Das Center am Potsdamer Platz - Festival of Lights","og_url":"https:\/\/festival-of-lights.de\/de\/unsere-partner\/das-center-am-potsdamer-platz\/","og_site_name":"Festival of Lights","article_publisher":"https:\/\/www.facebook.com\/FestivalOfLights","article_modified_time":"2025-10-07T17:58:27+00:00","twitter_card":"summary_large_image","schema":{"@context":"https:\/\/schema.org","@graph":[{"@type":"WebPage","@id":"https:\/\/festival-of-lights.de\/de\/unsere-partner\/das-center-am-potsdamer-platz\/","url":"https:\/\/festival-of-lights.de\/de\/unsere-partner\/das-center-am-potsdamer-platz\/","name":"Das Center am Potsdamer Platz - Festival of Lights","isPartOf":{"@id":"https:\/\/festival-of-lights.de\/de\/#website"},"datePublished":"2025-09-15T16:02:12+00:00","dateModified":"2025-10-07T17:58:27+00:00","breadcrumb":{"@id":"https:\/\/festival-of-lights.de\/de\/unsere-partner\/das-center-am-potsdamer-platz\/#breadcrumb"},"inLanguage":"de","potentialAction":[{"@type":"ReadAction","target":["https:\/\/festival-of-lights.de\/de\/unsere-partner\/das-center-am-potsdamer-platz\/"]}]},{"@type":"BreadcrumbList","@id":"https:\/\/festival-of-lights.de\/de\/unsere-partner\/das-center-am-potsdamer-platz\/#breadcrumb","itemListElement":[{"@type":"ListItem","position":1,"name":"Startseite","item":"https:\/\/festival-of-lights.de\/de\/"},{"@type":"ListItem","position":2,"name":"Unsere Partner*innen 2023","item":"https:\/\/festival-of-lights.de\/de\/unsere-partner\/"},{"@type":"ListItem","position":3,"name":"Das Center am Potsdamer Platz"}]},{"@type":"WebSite","@id":"https:\/\/festival-of-lights.de\/de\/#website","url":"https:\/\/festival-of-lights.de\/de\/","name":"Festival of Lights Berlin","description":"","publisher":{"@id":"https:\/\/festival-of-lights.de\/de\/#organization"},"potentialAction":[{"@type":"SearchAction","target":{"@type":"EntryPoint","urlTemplate":"https:\/\/festival-of-lights.de\/de\/?s={search_term_string}"},"query-input":{"@type":"PropertyValueSpecification","valueRequired":true,"valueName":"search_term_string"}}],"inLanguage":"de"},{"@type":"Organization","@id":"https:\/\/festival-of-lights.de\/de\/#organization","name":"Festival of Lights","url":"https:\/\/festival-of-lights.de\/de\/","logo":{"@type":"ImageObject","inLanguage":"de","@id":"https:\/\/festival-of-lights.de\/de\/#\/schema\/logo\/image\/","url":"https:\/\/festival-of-lights.de\/wp-content\/uploads\/2023\/08\/cropped-logo.png","contentUrl":"https:\/\/festival-of-lights.de\/wp-content\/uploads\/2023\/08\/cropped-logo.png","width":230,"height":230,"caption":"Festival of Lights"},"image":{"@id":"https:\/\/festival-of-lights.de\/de\/#\/schema\/logo\/image\/"},"sameAs":["https:\/\/www.facebook.com\/FestivalOfLights","https:\/\/www.tiktok.com\/@berlinfestivaloflights","https:\/\/www.instagram.com\/berlinfestivaloflights"]}]}},"_links":{"self":[{"href":"https:\/\/festival-of-lights.de\/de\/wp-json\/wp\/v2\/pages\/56670","targetHints":{"allow":["GET"]}}],"collection":[{"href":"https:\/\/festival-of-lights.de\/de\/wp-json\/wp\/v2\/pages"}],"about":[{"href":"https:\/\/festival-of-lights.de\/de\/wp-json\/wp\/v2\/types\/page"}],"author":[{"embeddable":true,"href":"https:\/\/festival-of-lights.de\/de\/wp-json\/wp\/v2\/users\/2"}],"replies":[{"embeddable":true,"href":"https:\/\/festival-of-lights.de\/de\/wp-json\/wp\/v2\/comments?post=56670"}],"version-history":[{"count":12,"href":"https:\/\/festival-of-lights.de\/de\/wp-json\/wp\/v2\/pages\/56670\/revisions"}],"predecessor-version":[{"id":58797,"href":"https:\/\/festival-of-lights.de\/de\/wp-json\/wp\/v2\/pages\/56670\/revisions\/58797"}],"up":[{"embeddable":true,"href":"https:\/\/festival-of-lights.de\/de\/wp-json\/wp\/v2\/pages\/31683"}],"wp:attachment":[{"href":"https:\/\/festival-of-lights.de\/de\/wp-json\/wp\/v2\/media?parent=56670"}],"curies":[{"name":"wp","href":"https:\/\/api.w.org\/{rel}","templated":true}]}}