{"id":58869,"date":"2025-10-08T11:42:45","date_gmt":"2025-10-08T09:42:45","guid":{"rendered":"https:\/\/festival-of-lights.de\/?page_id=58869"},"modified":"2025-10-08T11:54:15","modified_gmt":"2025-10-08T09:54:15","slug":"bezirksamts-charlottenburg-wilmersdorf","status":"publish","type":"page","link":"https:\/\/festival-of-lights.de\/de\/unsere-partner\/bezirksamts-charlottenburg-wilmersdorf\/","title":{"rendered":"Bezirksamts Charlottenburg-Wilmersdorf"},"content":{"rendered":"<section class=\"module-spacer bg-bg-darkBlue pt-10 md:pt-14 xl:pt-20\">\n<\/section>\n\n<section class=\"basic-content-module bg-bg-darkBlue text-text-default\">\n  <div class=\"px-xs py-md lg:py-2xl aniMe text-intro dark:!bg-transparent dark:!text-white text-left\">\n            <div class=\"mx-auto max-w-content basic-content-module__headline\"><h2 class='grayscale-overlay relative headline-element align-left text-h3 font-bold md:text-h1 lg:text-[128px] mb-4 md:mb-4 z-0 basic-content-module__headline-big'>\n    \n    <span class='relative align-left text-h3 font-bold md:text-h1 lg:text-[128px] mb-4 md:mb-4 z-0 basic-content-module__headline-big'>\n    <span class='absolute top-0 left-0 z-0 -translate-x-1\/2 -translate-y-1\/2 light w-[300px] h-[300px]'>\n    <svg class='w-full h-full ' xmlns='http:\/\/www.w3.org\/2000\/svg' width='542' height='542' viewBox='0 0 542 542' fill='none'>\n      <g filter='url(#filter0_f_569_1018)'>\n        <circle cx='271' cy='271' r='121' fill='#9AE8FF' fill-opacity='0.5'\/>\n      <\/g>\n      <defs>\n        <filter id='filter0_f_569_1018' x='0' y='0' width='542' height='542' filterUnits='userSpaceOnUse' color-interpolation-filters='sRGB'>\n          <feFlood flood-opacity='0' result='BackgroundImageFix'\/>\n          <feBlend mode='normal' in='SourceGraphic' in2='BackgroundImageFix' result='shape'\/>\n          <feGaussianBlur stdDeviation='75' result='effect1_foregroundBlur_569_1018'\/>\n        <\/filter>\n      <\/defs>\n    <\/svg>\n  <\/span>\n    Bezirksamt Charlottenburg-Wilmersdorf <\/span>\n    <\/h2><\/div>\n          <\/div>\n<\/section>\n\n<section class=\"text-image bg-bg-darkBlue text-text-default\">\n    <div class=\"dark:!text-white dark:!bg-transparent\">\n        <div class=\"container mx-auto max-w-screen-xl px-xs py-md text-image\">\n            <div class=\"mx-auto items-center grid text-copy md:grid-cols-2 gap-x-10 align-left\">\n                                    <div class=\"text-image__image aniMe grayscale-mask relative mb-0 order-1 mt-4 md:mt-8\"> \n                        <img loading=\"lazy\" decoding=\"async\" width=\"1024\" height=\"512\" src=\"https:\/\/festival-of-lights.de\/wp-content\/uploads\/2025\/10\/d1a4b259-10e4-4622-85db-6d4dc234b99d-1024x512.jpeg\" class=\"z-10 grayscale-overlay\" alt=\"\" srcset=\"https:\/\/festival-of-lights.de\/wp-content\/uploads\/2025\/10\/d1a4b259-10e4-4622-85db-6d4dc234b99d-1024x512.jpeg 1024w, https:\/\/festival-of-lights.de\/wp-content\/uploads\/2025\/10\/d1a4b259-10e4-4622-85db-6d4dc234b99d-300x150.jpeg 300w, https:\/\/festival-of-lights.de\/wp-content\/uploads\/2025\/10\/d1a4b259-10e4-4622-85db-6d4dc234b99d-768x384.jpeg 768w, https:\/\/festival-of-lights.de\/wp-content\/uploads\/2025\/10\/d1a4b259-10e4-4622-85db-6d4dc234b99d-1536x768.jpeg 1536w, https:\/\/festival-of-lights.de\/wp-content\/uploads\/2025\/10\/d1a4b259-10e4-4622-85db-6d4dc234b99d-1240x620.jpeg 1240w, https:\/\/festival-of-lights.de\/wp-content\/uploads\/2025\/10\/d1a4b259-10e4-4622-85db-6d4dc234b99d.jpeg 1600w\" sizes=\"auto, (max-width: 1024px) 100vw, 1024px\" \/>                    <\/div>                 <div class=\"text-image__col1 py-4 lg:py-10 aniMe flex flex-col left\">\n                    <div class='text-element align-left '><p>Charlottenburg-Wilmersdorf steht mit rund 320.000 Einwohner*innen aus \u00fcber 170 Nationen f\u00fcr Lebensqualit\u00e4t, kulturelle Vielfalt und ein lebendiges Miteinander \u2013 vom Kurf\u00fcrstendamm bis zur Messe Berlin, vom Schloss Charlottenburg bis zum Funkturm.<\/p>\n<p>Mit \u00fcber 2.100 engagierten Mitarbeitenden in mehr als 50 Berufsgruppen, gestalten wir gemeinsam das Leben in einem der attraktivsten Bezirke der Hauptstadt &#8211; vielf\u00e4ltig, kreativ und mit Sinn f\u00fcr das, was wirklich z\u00e4hlt.<\/p>\n<p>Als modernes, b\u00fcrgernahes und verantwortungsbewusstes Bezirksamt bieten wir Karrierechancen in ganz unterschiedlichen Bereichen: z.B. in der Verwaltung und im Ordnungsamt, in sozialen Diensten und im medizinischen Bereich, in technischen Berufen sowie im Bauwesen, der IT und noch vielen weiteren Berufsfeldern.<\/p>\n<\/div>                <\/div>\n            <\/div>\n        <\/div>\n    <\/div>\n<\/section>\n\n<section class=\"text-image bg-bg-darkBlue text-text-default\">\n    <div class=\"dark:!text-white dark:!bg-transparent\">\n        <div class=\"container mx-auto max-w-screen-xl px-xs py-md text-image\">\n            <div class=\"mx-auto items-center grid text-copy md:grid-cols-2 gap-x-10 align-left\">\n                                    <div class=\"text-image__image aniMe grayscale-mask relative mb-0 order-2 md:order-[unset] mt-4 md:mt-8\"> \n                        <img loading=\"lazy\" decoding=\"async\" width=\"1024\" height=\"410\" src=\"https:\/\/festival-of-lights.de\/wp-content\/uploads\/2025\/10\/20250911_1140456px_hauptstadt_machen_rexx_header_vorlage_Bild-1-1024x410.jpg\" class=\"z-10 grayscale-overlay\" alt=\"\" srcset=\"https:\/\/festival-of-lights.de\/wp-content\/uploads\/2025\/10\/20250911_1140456px_hauptstadt_machen_rexx_header_vorlage_Bild-1-1024x410.jpg 1024w, https:\/\/festival-of-lights.de\/wp-content\/uploads\/2025\/10\/20250911_1140456px_hauptstadt_machen_rexx_header_vorlage_Bild-1-300x120.jpg 300w, https:\/\/festival-of-lights.de\/wp-content\/uploads\/2025\/10\/20250911_1140456px_hauptstadt_machen_rexx_header_vorlage_Bild-1-768x307.jpg 768w, https:\/\/festival-of-lights.de\/wp-content\/uploads\/2025\/10\/20250911_1140456px_hauptstadt_machen_rexx_header_vorlage_Bild-1.jpg 1140w\" sizes=\"auto, (max-width: 1024px) 100vw, 1024px\" \/>                    <\/div>                 <div class=\"text-image__col1 py-4 lg:py-10 aniMe flex flex-col right\">\n                    <div class='text-element align-left '><div class=\"text-element align-left \">\n<p>EIN STARKES #TeamBACW F\u00dcR EINEN STARKEN BEZIRK! Mit unserer bezirkseigenen Arbeitgebermarke \u201eCreative Work\u201c positioniert sich das Bezirksamt Charlottenburg-Wilmersdorf als moderner und attraktiver Arbeitgeber im Land Berlin.<\/p>\n<p>Unser Anspruch: Ein Arbeitsplatz, der Platz f\u00fcr Familie, Pflege und Privatleben l\u00e4sst \u2013 ausgezeichnet mit dem G\u00fctesiegel \u201eFamilienfreundlicher Arbeitgeber Land Berlin\u201c und ein inklusives Arbeitsumfeld, in dem Vielfalt als St\u00e4rke gelebt wird.<\/p>\n<p>Werde Teil unseres #TeamBACW &#8211; gestalte aktiv den Bezirk Charlottenburg-Wilmersdorf mit und bringe deine Ideen in eine Verwaltung ein, die gestaltet, bewegt und eine lebenswerte Zukunft schafft. Weitere Informationen: karriere.charlottenburg-wilmersdorf.de<\/p>\n<\/div>\n<\/div>        <a target=\"\" href=\"https:\/\/www.berlin.de\/ba-charlottenburg-wilmersdorf\/karriere\/\" class=\"flex items-center gap-xs btn-primary mt-10 z-[999999]\">\n            <svg xmlns=\"http:\/\/www.w3.org\/2000\/svg\" width=\"23\" height=\"16\" viewBox=\"0 0 23 16\" fill=\"none\">\n                <path class=\"transition duration-300 ease-in-out\" d=\"M21.8863 8.70711C22.2769 8.31658 22.2769 7.68342 21.8863 7.29289L15.5224 0.928932C15.1318 0.538408 14.4987 0.538408 14.1082 0.928932C13.7176 1.31946 13.7176 1.95262 14.1082 2.34315L19.765 8L14.1082 13.6569C13.7176 14.0474 13.7176 14.6805 14.1082 15.0711C14.4987 15.4616 15.1318 15.4616 15.5224 15.0711L21.8863 8.70711ZM0 9H21.1792V7H0V9Z\" fill=\"black\"\/>\n            <\/svg>\n            Mehr erfahren        <\/a>\n                        <\/div>\n            <\/div>\n        <\/div>\n    <\/div>\n<\/section>\n\n<section class=\"module-spacer bg-bg-darkBlue pt-7 md:pt-10 xl:pt-14\">\n<\/section>","protected":false},"excerpt":{"rendered":"","protected":false},"author":8,"featured_media":0,"parent":31683,"menu_order":1,"comment_status":"closed","ping_status":"closed","template":"","meta":{"_acf_changed":false,"footnotes":""},"class_list":["post-58869","page","type-page","status-publish","hentry"],"acf":[],"yoast_head":"<!-- This site is optimized with the Yoast SEO plugin v25.6 - https:\/\/yoast.com\/wordpress\/plugins\/seo\/ -->\n<title>Bezirksamts Charlottenburg-Wilmersdorf - Festival of Lights<\/title>\n<meta name=\"robots\" content=\"index, follow, max-snippet:-1, max-image-preview:large, max-video-preview:-1\" \/>\n<link rel=\"canonical\" href=\"https:\/\/festival-of-lights.de\/de\/unsere-partner\/bezirksamts-charlottenburg-wilmersdorf\/\" \/>\n<meta property=\"og:locale\" content=\"de_DE\" \/>\n<meta property=\"og:type\" content=\"article\" \/>\n<meta property=\"og:title\" content=\"Bezirksamts Charlottenburg-Wilmersdorf - Festival of Lights\" \/>\n<meta property=\"og:url\" content=\"https:\/\/festival-of-lights.de\/de\/unsere-partner\/bezirksamts-charlottenburg-wilmersdorf\/\" \/>\n<meta property=\"og:site_name\" content=\"Festival of Lights\" \/>\n<meta property=\"article:publisher\" content=\"https:\/\/www.facebook.com\/FestivalOfLights\" \/>\n<meta property=\"article:modified_time\" content=\"2025-10-08T09:54:15+00:00\" \/>\n<meta name=\"twitter:card\" content=\"summary_large_image\" \/>\n<script type=\"application\/ld+json\" class=\"yoast-schema-graph\">{\"@context\":\"https:\/\/schema.org\",\"@graph\":[{\"@type\":\"WebPage\",\"@id\":\"https:\/\/festival-of-lights.de\/de\/unsere-partner\/bezirksamts-charlottenburg-wilmersdorf\/\",\"url\":\"https:\/\/festival-of-lights.de\/de\/unsere-partner\/bezirksamts-charlottenburg-wilmersdorf\/\",\"name\":\"Bezirksamts Charlottenburg-Wilmersdorf - Festival of Lights\",\"isPartOf\":{\"@id\":\"https:\/\/festival-of-lights.de\/de\/#website\"},\"datePublished\":\"2025-10-08T09:42:45+00:00\",\"dateModified\":\"2025-10-08T09:54:15+00:00\",\"breadcrumb\":{\"@id\":\"https:\/\/festival-of-lights.de\/de\/unsere-partner\/bezirksamts-charlottenburg-wilmersdorf\/#breadcrumb\"},\"inLanguage\":\"de\",\"potentialAction\":[{\"@type\":\"ReadAction\",\"target\":[\"https:\/\/festival-of-lights.de\/de\/unsere-partner\/bezirksamts-charlottenburg-wilmersdorf\/\"]}]},{\"@type\":\"BreadcrumbList\",\"@id\":\"https:\/\/festival-of-lights.de\/de\/unsere-partner\/bezirksamts-charlottenburg-wilmersdorf\/#breadcrumb\",\"itemListElement\":[{\"@type\":\"ListItem\",\"position\":1,\"name\":\"Startseite\",\"item\":\"https:\/\/festival-of-lights.de\/de\/\"},{\"@type\":\"ListItem\",\"position\":2,\"name\":\"Unsere Partner*innen 2023\",\"item\":\"https:\/\/festival-of-lights.de\/de\/unsere-partner\/\"},{\"@type\":\"ListItem\",\"position\":3,\"name\":\"Bezirksamts Charlottenburg-Wilmersdorf\"}]},{\"@type\":\"WebSite\",\"@id\":\"https:\/\/festival-of-lights.de\/de\/#website\",\"url\":\"https:\/\/festival-of-lights.de\/de\/\",\"name\":\"Festival of Lights Berlin\",\"description\":\"\",\"publisher\":{\"@id\":\"https:\/\/festival-of-lights.de\/de\/#organization\"},\"potentialAction\":[{\"@type\":\"SearchAction\",\"target\":{\"@type\":\"EntryPoint\",\"urlTemplate\":\"https:\/\/festival-of-lights.de\/de\/?s={search_term_string}\"},\"query-input\":{\"@type\":\"PropertyValueSpecification\",\"valueRequired\":true,\"valueName\":\"search_term_string\"}}],\"inLanguage\":\"de\"},{\"@type\":\"Organization\",\"@id\":\"https:\/\/festival-of-lights.de\/de\/#organization\",\"name\":\"Festival of Lights\",\"url\":\"https:\/\/festival-of-lights.de\/de\/\",\"logo\":{\"@type\":\"ImageObject\",\"inLanguage\":\"de\",\"@id\":\"https:\/\/festival-of-lights.de\/de\/#\/schema\/logo\/image\/\",\"url\":\"https:\/\/festival-of-lights.de\/wp-content\/uploads\/2023\/08\/cropped-logo.png\",\"contentUrl\":\"https:\/\/festival-of-lights.de\/wp-content\/uploads\/2023\/08\/cropped-logo.png\",\"width\":230,\"height\":230,\"caption\":\"Festival of Lights\"},\"image\":{\"@id\":\"https:\/\/festival-of-lights.de\/de\/#\/schema\/logo\/image\/\"},\"sameAs\":[\"https:\/\/www.facebook.com\/FestivalOfLights\",\"https:\/\/www.tiktok.com\/@berlinfestivaloflights\",\"https:\/\/www.instagram.com\/berlinfestivaloflights\"]}]}<\/script>\n<!-- \/ Yoast SEO plugin. -->","yoast_head_json":{"title":"Bezirksamts Charlottenburg-Wilmersdorf - Festival of Lights","robots":{"index":"index","follow":"follow","max-snippet":"max-snippet:-1","max-image-preview":"max-image-preview:large","max-video-preview":"max-video-preview:-1"},"canonical":"https:\/\/festival-of-lights.de\/de\/unsere-partner\/bezirksamts-charlottenburg-wilmersdorf\/","og_locale":"de_DE","og_type":"article","og_title":"Bezirksamts Charlottenburg-Wilmersdorf - Festival of Lights","og_url":"https:\/\/festival-of-lights.de\/de\/unsere-partner\/bezirksamts-charlottenburg-wilmersdorf\/","og_site_name":"Festival of Lights","article_publisher":"https:\/\/www.facebook.com\/FestivalOfLights","article_modified_time":"2025-10-08T09:54:15+00:00","twitter_card":"summary_large_image","schema":{"@context":"https:\/\/schema.org","@graph":[{"@type":"WebPage","@id":"https:\/\/festival-of-lights.de\/de\/unsere-partner\/bezirksamts-charlottenburg-wilmersdorf\/","url":"https:\/\/festival-of-lights.de\/de\/unsere-partner\/bezirksamts-charlottenburg-wilmersdorf\/","name":"Bezirksamts Charlottenburg-Wilmersdorf - Festival of Lights","isPartOf":{"@id":"https:\/\/festival-of-lights.de\/de\/#website"},"datePublished":"2025-10-08T09:42:45+00:00","dateModified":"2025-10-08T09:54:15+00:00","breadcrumb":{"@id":"https:\/\/festival-of-lights.de\/de\/unsere-partner\/bezirksamts-charlottenburg-wilmersdorf\/#breadcrumb"},"inLanguage":"de","potentialAction":[{"@type":"ReadAction","target":["https:\/\/festival-of-lights.de\/de\/unsere-partner\/bezirksamts-charlottenburg-wilmersdorf\/"]}]},{"@type":"BreadcrumbList","@id":"https:\/\/festival-of-lights.de\/de\/unsere-partner\/bezirksamts-charlottenburg-wilmersdorf\/#breadcrumb","itemListElement":[{"@type":"ListItem","position":1,"name":"Startseite","item":"https:\/\/festival-of-lights.de\/de\/"},{"@type":"ListItem","position":2,"name":"Unsere Partner*innen 2023","item":"https:\/\/festival-of-lights.de\/de\/unsere-partner\/"},{"@type":"ListItem","position":3,"name":"Bezirksamts Charlottenburg-Wilmersdorf"}]},{"@type":"WebSite","@id":"https:\/\/festival-of-lights.de\/de\/#website","url":"https:\/\/festival-of-lights.de\/de\/","name":"Festival of Lights Berlin","description":"","publisher":{"@id":"https:\/\/festival-of-lights.de\/de\/#organization"},"potentialAction":[{"@type":"SearchAction","target":{"@type":"EntryPoint","urlTemplate":"https:\/\/festival-of-lights.de\/de\/?s={search_term_string}"},"query-input":{"@type":"PropertyValueSpecification","valueRequired":true,"valueName":"search_term_string"}}],"inLanguage":"de"},{"@type":"Organization","@id":"https:\/\/festival-of-lights.de\/de\/#organization","name":"Festival of Lights","url":"https:\/\/festival-of-lights.de\/de\/","logo":{"@type":"ImageObject","inLanguage":"de","@id":"https:\/\/festival-of-lights.de\/de\/#\/schema\/logo\/image\/","url":"https:\/\/festival-of-lights.de\/wp-content\/uploads\/2023\/08\/cropped-logo.png","contentUrl":"https:\/\/festival-of-lights.de\/wp-content\/uploads\/2023\/08\/cropped-logo.png","width":230,"height":230,"caption":"Festival of Lights"},"image":{"@id":"https:\/\/festival-of-lights.de\/de\/#\/schema\/logo\/image\/"},"sameAs":["https:\/\/www.facebook.com\/FestivalOfLights","https:\/\/www.tiktok.com\/@berlinfestivaloflights","https:\/\/www.instagram.com\/berlinfestivaloflights"]}]}},"_links":{"self":[{"href":"https:\/\/festival-of-lights.de\/de\/wp-json\/wp\/v2\/pages\/58869","targetHints":{"allow":["GET"]}}],"collection":[{"href":"https:\/\/festival-of-lights.de\/de\/wp-json\/wp\/v2\/pages"}],"about":[{"href":"https:\/\/festival-of-lights.de\/de\/wp-json\/wp\/v2\/types\/page"}],"author":[{"embeddable":true,"href":"https:\/\/festival-of-lights.de\/de\/wp-json\/wp\/v2\/users\/8"}],"replies":[{"embeddable":true,"href":"https:\/\/festival-of-lights.de\/de\/wp-json\/wp\/v2\/comments?post=58869"}],"version-history":[{"count":1,"href":"https:\/\/festival-of-lights.de\/de\/wp-json\/wp\/v2\/pages\/58869\/revisions"}],"predecessor-version":[{"id":58881,"href":"https:\/\/festival-of-lights.de\/de\/wp-json\/wp\/v2\/pages\/58869\/revisions\/58881"}],"up":[{"embeddable":true,"href":"https:\/\/festival-of-lights.de\/de\/wp-json\/wp\/v2\/pages\/31683"}],"wp:attachment":[{"href":"https:\/\/festival-of-lights.de\/de\/wp-json\/wp\/v2\/media?parent=58869"}],"curies":[{"name":"wp","href":"https:\/\/api.w.org\/{rel}","templated":true}]}}